{"id":17081,"date":"2025-08-29T08:57:44","date_gmt":"2025-08-29T06:57:44","guid":{"rendered":"https:\/\/proterm.md\/?post_type=product&#038;p=17081"},"modified":"2025-08-29T08:58:03","modified_gmt":"2025-08-29T06:58:03","slug":"colector-hidraulic-otel-hc-8021","status":"publish","type":"product","link":"https:\/\/proterm.md\/ro\/product\/colector-hidraulic-otel-hc-8021\/","title":{"rendered":"Colector hidraulic otel HC 8021"},"content":{"rendered":"<p>Colectorul hidraulic este utilizat pentru distribu\u021bia uniform\u0103 a agentului termic \u00eentre diferite circuite de \u00eenc\u0103lzire. Fabricat din o\u021bel de \u00eenalt\u0103 rezisten\u021b\u0103, acesta asigur\u0103 fiabilitate \u0219i durat\u0103 lung\u0103 de via\u021b\u0103, fiind ideal pentru sisteme de \u00eenc\u0103lzire \u00een case, vile \u0219i spa\u021bii comerciale.<\/p>","protected":false},"excerpt":{"rendered":"<p>Conexiune \u2013 1\u20331\/2<br \/>\nMaterial: o\u021bel cu vopsea anticoroziv\u0103<br \/>\nNum\u0103r de ie\u0219iri: 2 circuite<br \/>\nConexiuni: filetate (complete cu piuli\u021be de racord)<br \/>\nPresiune maxim\u0103 de lucru: p\u00e2n\u0103 la 6 bar<br \/>\nTemperatur\u0103 maxim\u0103 a agentului de r\u0103cire: 95\u2013110 \u00b0C<br \/>\nMontare: pe perete (disponibile elemente de fixare)<\/p>\n<p>Avantaje:<br \/>\nDistribu\u021bie uniform\u0103 a c\u0103ldurii<br \/>\nMinimizarea pierderilor de presiune \u0219i a dezechilibrelor hidraulice<br \/>\nDesign compact, convenabil pentru camerele mici de cazane<br \/>\nU\u0219urin\u021b\u0103 \u00een instalare \u0219i \u00eentre\u021binere<br \/>\nModel \u2013 HC-8021<\/p>\n","protected":false},"featured_media":17082,"template":"","meta":{"_joinchat":[]},"product_brand":[],"product_cat":[2319],"product_tag":[2353],"class_list":{"0":"post-17081","1":"product","2":"type-product","3":"status-publish","4":"has-post-thumbnail","6":"product_cat-cazangerii","7":"product_tag-tivoli","8":"pa_brand-tivoli","9":"pa_filet-11-2","10":"pa_heating-type-for-water-supply","11":"pa_heating-type-for-pumping-groups","12":"pa_heating-type-heating","13":"pa_heating-type-for-underfloor-heating","15":"first","16":"instock","17":"shipping-taxable","18":"product-type-simple"},"_links":{"self":[{"href":"https:\/\/proterm.md\/ro\/wp-json\/wp\/v2\/product\/17081","targetHints":{"allow":["GET"]}}],"collection":[{"href":"https:\/\/proterm.md\/ro\/wp-json\/wp\/v2\/product"}],"about":[{"href":"https:\/\/proterm.md\/ro\/wp-json\/wp\/v2\/types\/product"}],"wp:featuredmedia":[{"embeddable":true,"href":"https:\/\/proterm.md\/ro\/wp-json\/wp\/v2\/media\/17082"}],"wp:attachment":[{"href":"https:\/\/proterm.md\/ro\/wp-json\/wp\/v2\/media?parent=17081"}],"wp:term":[{"taxonomy":"product_brand","embeddable":true,"href":"https:\/\/proterm.md\/ro\/wp-json\/wp\/v2\/product_brand?post=17081"},{"taxonomy":"product_cat","embeddable":true,"href":"https:\/\/proterm.md\/ro\/wp-json\/wp\/v2\/product_cat?post=17081"},{"taxonomy":"product_tag","embeddable":true,"href":"https:\/\/proterm.md\/ro\/wp-json\/wp\/v2\/product_tag?post=17081"}],"curies":[{"name":"wp","href":"https:\/\/api.w.org\/{rel}","templated":true}]}}