{"id":17083,"date":"2025-08-29T09:23:47","date_gmt":"2025-08-29T07:23:47","guid":{"rendered":"https:\/\/proterm.md\/?post_type=product&#038;p=17083"},"modified":"2025-08-29T09:24:47","modified_gmt":"2025-08-29T07:24:47","slug":"colector-hidraulic-inox-hc-8022","status":"publish","type":"product","link":"https:\/\/proterm.md\/ro\/product\/colector-hidraulic-inox-hc-8022\/","title":{"rendered":"Colector hidraulic inox HC 8022"},"content":{"rendered":"<p>Colectorul hidraulic din inox este destinat pentru distribuirea \u0219i echilibrarea agentului termic \u00eentre diferite circuite de \u00eenc\u0103lzire. Datorit\u0103 construc\u021biei din o\u021bel inoxidabil, ofer\u0103 rezisten\u021b\u0103 ridicat\u0103 la coroziune, durabilitate \u0219i fiabilitate \u00een exploatare.<\/p>","protected":false},"excerpt":{"rendered":"<p>Conexiune \u2013 1\u2033M<br \/>\nMaterial: inox<br \/>\nNum\u0103r de ie\u0219iri: 2 circuite<br \/>\nConexiuni: filetate<br \/>\nPresiune maxim\u0103 de lucru: p\u00e2n\u0103 la 6 bar<br \/>\nTemperatur\u0103 de lucru: -10\u00b0C \u2026 +110\u00b0C<br \/>\nMontare: pe perete (disponibile elemente de fixare), vertical\/orizontal<br \/>\nEchipat cu robinet de scurgere si deaerator automat<\/p>\n<p>Colector hidraulic inox 2 ie\u0219iri \u2013 distribu\u021bie uniform\u0103, rezisten\u021b\u0103 la coroziune, ideal pentru instala\u021bii de \u00eenc\u0103lzire durabile.<br \/>\nModel \u2013 HC-8022<\/p>\n","protected":false},"featured_media":17084,"template":"","meta":{"_joinchat":[]},"product_brand":[],"product_cat":[2319],"product_tag":[2353],"class_list":{"0":"post-17083","1":"product","2":"type-product","3":"status-publish","4":"has-post-thumbnail","6":"product_cat-cazangerii","7":"product_tag-tivoli","8":"pa_brand-tivoli","9":"pa_filet-443","10":"pa_heating-type-for-water-supply","11":"pa_heating-type-for-pumping-groups","12":"pa_heating-type-heating","13":"pa_heating-type-for-underfloor-heating","15":"first","16":"instock","17":"shipping-taxable","18":"product-type-simple"},"_links":{"self":[{"href":"https:\/\/proterm.md\/ro\/wp-json\/wp\/v2\/product\/17083","targetHints":{"allow":["GET"]}}],"collection":[{"href":"https:\/\/proterm.md\/ro\/wp-json\/wp\/v2\/product"}],"about":[{"href":"https:\/\/proterm.md\/ro\/wp-json\/wp\/v2\/types\/product"}],"wp:featuredmedia":[{"embeddable":true,"href":"https:\/\/proterm.md\/ro\/wp-json\/wp\/v2\/media\/17084"}],"wp:attachment":[{"href":"https:\/\/proterm.md\/ro\/wp-json\/wp\/v2\/media?parent=17083"}],"wp:term":[{"taxonomy":"product_brand","embeddable":true,"href":"https:\/\/proterm.md\/ro\/wp-json\/wp\/v2\/product_brand?post=17083"},{"taxonomy":"product_cat","embeddable":true,"href":"https:\/\/proterm.md\/ro\/wp-json\/wp\/v2\/product_cat?post=17083"},{"taxonomy":"product_tag","embeddable":true,"href":"https:\/\/proterm.md\/ro\/wp-json\/wp\/v2\/product_tag?post=17083"}],"curies":[{"name":"wp","href":"https:\/\/api.w.org\/{rel}","templated":true}]}}