{"id":17085,"date":"2025-08-29T09:46:45","date_gmt":"2025-08-29T07:46:45","guid":{"rendered":"https:\/\/proterm.md\/?post_type=product&#038;p=17085"},"modified":"2025-08-29T11:51:18","modified_gmt":"2025-08-29T09:51:18","slug":"colector-cu-compensator-hc-3017-1","status":"publish","type":"product","link":"https:\/\/proterm.md\/ro\/product\/colector-cu-compensator-hc-3017-1\/","title":{"rendered":"Colector cu compensator HC3017-1"},"content":{"rendered":"<p>Ideal pentru instalarea grupurilor de pompare<br \/>\n\u00cenainte de a decide num\u0103rul de circuite din sistemul dumneavoastr\u0103 de \u00eenc\u0103lzire, nu uita\u021bi urm\u0103toarele aspecte:<\/p>\n<p>1) Circuite de \u00eenc\u0103lzire cu radiatoare,<br \/>\n2) Circuite de \u00eenc\u0103lzire prin pardoseal\u0103 \u0219i pere\u021bi,<br \/>\n3) Circuit de \u00eenc\u0103rcare indirect\u0103 a cazanului de \u00eenc\u0103lzire,<br \/>\n4) Circuit schimb\u0103tor de c\u0103ldur\u0103 pentru piscin\u0103,<br \/>\n5) Circuit schimb\u0103tor de c\u0103ldur\u0103 pentru ventila\u021bie,<br \/>\n6) Circuit schimb\u0103tor de c\u0103ldur\u0103 pentru structuri exterioare,<br \/>\nalei, aleilor, acoperi\u0219urilor exploatate,<br \/>\n7) Circuit schimb\u0103tor de c\u0103ldur\u0103 cu colector solar.<\/p>","protected":false},"excerpt":{"rendered":"<p>Putere 60 kW<br \/>\nNum\u0103r de circuite &#8211; 3<br \/>\nMaterial &#8211; O\u021bel inoxidabil AISI 304<br \/>\nTip produs &#8211; Colector de distribu\u021bie<br \/>\nDebit agent termic: 3 m\u00b3\/h<br \/>\nDiametru conexiune 1&#8243;M<br \/>\nPresiune maxim\u0103 de lucru &#8211; 10bar<br \/>\nDezaerator &#8211; 1buc<br \/>\nProduc\u0103tor &#8211; Tivoli<br \/>\nModel \u2013 HC 3017-1<\/p>\n","protected":false},"featured_media":17088,"template":"","meta":{"_joinchat":[]},"product_brand":[],"product_cat":[2319],"product_tag":[2353],"class_list":{"0":"post-17085","1":"product","2":"type-product","3":"status-publish","4":"has-post-thumbnail","6":"product_cat-cazangerii","7":"product_tag-tivoli","8":"pa_brand-tivoli","9":"pa_filet-443","10":"pa_heating-type-for-water-supply","11":"pa_heating-type-for-pumping-groups","12":"pa_heating-type-heating","13":"pa_heating-type-for-underfloor-heating","15":"first","16":"instock","17":"shipping-taxable","18":"product-type-simple"},"_links":{"self":[{"href":"https:\/\/proterm.md\/ro\/wp-json\/wp\/v2\/product\/17085","targetHints":{"allow":["GET"]}}],"collection":[{"href":"https:\/\/proterm.md\/ro\/wp-json\/wp\/v2\/product"}],"about":[{"href":"https:\/\/proterm.md\/ro\/wp-json\/wp\/v2\/types\/product"}],"wp:featuredmedia":[{"embeddable":true,"href":"https:\/\/proterm.md\/ro\/wp-json\/wp\/v2\/media\/17088"}],"wp:attachment":[{"href":"https:\/\/proterm.md\/ro\/wp-json\/wp\/v2\/media?parent=17085"}],"wp:term":[{"taxonomy":"product_brand","embeddable":true,"href":"https:\/\/proterm.md\/ro\/wp-json\/wp\/v2\/product_brand?post=17085"},{"taxonomy":"product_cat","embeddable":true,"href":"https:\/\/proterm.md\/ro\/wp-json\/wp\/v2\/product_cat?post=17085"},{"taxonomy":"product_tag","embeddable":true,"href":"https:\/\/proterm.md\/ro\/wp-json\/wp\/v2\/product_tag?post=17085"}],"curies":[{"name":"wp","href":"https:\/\/api.w.org\/{rel}","templated":true}]}}