{"id":17092,"date":"2025-08-29T11:52:14","date_gmt":"2025-08-29T09:52:14","guid":{"rendered":"https:\/\/proterm.md\/?post_type=product&#038;p=17092"},"modified":"2025-08-29T11:58:22","modified_gmt":"2025-08-29T09:58:22","slug":"colector-cu-compensator-hc3017-3","status":"publish","type":"product","link":"https:\/\/proterm.md\/ro\/product\/colector-cu-compensator-hc3017-3\/","title":{"rendered":"Colector cu compensator HC3017-3"},"content":{"rendered":"<p>Ideal pentru instalarea grupurilor de pompare<br \/>\n\u00cenainte de a decide num\u0103rul de circuite din sistemul dumneavoastr\u0103 de \u00eenc\u0103lzire, nu uita\u021bi urm\u0103toarele aspecte:<\/p>\n<p>1) Circuite de \u00eenc\u0103lzire cu radiatoare,<br \/>\n2) Circuite de \u00eenc\u0103lzire prin pardoseal\u0103 \u0219i pere\u021bi,<br \/>\n3) Circuit de \u00eenc\u0103rcare indirect\u0103 a cazanului de \u00eenc\u0103lzire,<br \/>\n4) Circuit schimb\u0103tor de c\u0103ldur\u0103 pentru piscin\u0103,<br \/>\n5) Circuit schimb\u0103tor de c\u0103ldur\u0103 pentru ventila\u021bie,<br \/>\n6) Circuit schimb\u0103tor de c\u0103ldur\u0103 pentru structuri exterioare,<br \/>\nalei, aleilor, acoperi\u0219urilor exploatate,<br \/>\n7) Circuit schimb\u0103tor de c\u0103ldur\u0103 cu colector solar.<\/p>\n<p>Scop &#8211; pentru a crea condi\u021bii de temperatur\u0103 diferite \u00een fiecare circuit de \u00eenc\u0103lzire<\/p>","protected":false},"excerpt":{"rendered":"<p>Mediu de lucru: ap\u0103, solu\u021bie de glicol p\u00e2n\u0103 la 50%<br \/>\nDiametru nominal, DN 25<br \/>\nFilet de conectare 1&#8243;<br \/>\nContururi &#8211; 4<br \/>\nFilet pentru aerisire \u0219i robinet de golire 1\/2&#8243;<br \/>\nFilet pentru termometru 1\/4&#8243;<br \/>\nPresiune maxim\u0103 de lucru, bar 16<br \/>\nPutere, kW 60<br \/>\nMaterial: o\u021bel inoxidabil AISI304<br \/>\nProduc\u0103tor &#8211; Tivoli<br \/>\nModel &#8211; HC 3017-3<\/p>\n","protected":false},"featured_media":17094,"template":"","meta":{"_joinchat":[]},"product_brand":[],"product_cat":[2319],"product_tag":[2353],"class_list":{"0":"post-17092","1":"product","2":"type-product","3":"status-publish","4":"has-post-thumbnail","6":"product_cat-cazangerii","7":"product_tag-tivoli","8":"pa_brand-tivoli","9":"pa_filet-443","10":"pa_heating-type-for-water-supply","11":"pa_heating-type-for-pumping-groups","12":"pa_heating-type-heating","13":"pa_heating-type-for-underfloor-heating","15":"first","16":"instock","17":"shipping-taxable","18":"product-type-simple"},"_links":{"self":[{"href":"https:\/\/proterm.md\/ro\/wp-json\/wp\/v2\/product\/17092","targetHints":{"allow":["GET"]}}],"collection":[{"href":"https:\/\/proterm.md\/ro\/wp-json\/wp\/v2\/product"}],"about":[{"href":"https:\/\/proterm.md\/ro\/wp-json\/wp\/v2\/types\/product"}],"wp:featuredmedia":[{"embeddable":true,"href":"https:\/\/proterm.md\/ro\/wp-json\/wp\/v2\/media\/17094"}],"wp:attachment":[{"href":"https:\/\/proterm.md\/ro\/wp-json\/wp\/v2\/media?parent=17092"}],"wp:term":[{"taxonomy":"product_brand","embeddable":true,"href":"https:\/\/proterm.md\/ro\/wp-json\/wp\/v2\/product_brand?post=17092"},{"taxonomy":"product_cat","embeddable":true,"href":"https:\/\/proterm.md\/ro\/wp-json\/wp\/v2\/product_cat?post=17092"},{"taxonomy":"product_tag","embeddable":true,"href":"https:\/\/proterm.md\/ro\/wp-json\/wp\/v2\/product_tag?post=17092"}],"curies":[{"name":"wp","href":"https:\/\/api.w.org\/{rel}","templated":true}]}}