{"id":17101,"date":"2025-09-02T08:39:13","date_gmt":"2025-09-02T06:39:13","guid":{"rendered":"https:\/\/proterm.md\/?post_type=product&#038;p=17101"},"modified":"2025-09-02T08:39:13","modified_gmt":"2025-09-02T06:39:13","slug":"colector-cu-compensator-hc3007b-2","status":"publish","type":"product","link":"https:\/\/proterm.md\/ro\/product\/colector-cu-compensator-hc3007b-2\/","title":{"rendered":"Colector cu compensator HC3007B-2"},"content":{"rendered":"<p>Acest set este mai avansat dec\u00e2t un colector standard pentru \u00eenc\u0103lzire central\u0103 \u0219i ofer\u0103 posibilit\u0103\u021bi mult mai largi.<br \/>\nDistribuitorul este utilizat \u00een primul r\u00e2nd atunci c\u00e2nd este necesar\u0103 echilibrarea presiunii \u0219i temperaturii pentru \u00eembun\u0103t\u0103\u021birea func\u021bion\u0103rii sistemului de \u00eenc\u0103lzire central\u0103 (func\u021bie \u00eendeplinit\u0103 de colector), dar \u00een acela\u0219i timp trebuie realizat\u0103 separarea circuitului \u00een dou\u0103 bucle independente.<br \/>\nDistribuitorul cu 2 sec\u021biuni este proiectat pentru 2 pompe de circula\u021bie cu lungimea de 180 mm.<\/p>\n<p>\u00cenc\u0103lzire central\u0103 \/ ap\u0103 cald\u0103 menajer\u0103 \u00een case unifamiliale sau anexe \u2013 unde o parte din instala\u021bie folose\u0219te radiatoare, iar cealalt\u0103 \u00eenc\u0103lzire prin pardoseal\u0103. \u00cen acest caz, separarea circuitelor este esen\u021bial\u0103 pentru a asigura presiunea necesar\u0103 \u0219i pentru a regla temperatura pardoselii diferit de cea a radiatoarelor.<\/p>\n<p>\u00cenc\u0103lzire prin pardoseal\u0103 de mari dimensiuni sau pe mai multe niveluri \u2013 unde pardoseala este \u00eemp\u0103r\u021bit\u0103 \u00een 2 sau 3 circuite principale independente (nu se refer\u0103 la ramifica\u021biile mici ale distribuitorului de pardoseal\u0103).<\/p>\n<p>\u00cenc\u0103lzire central\u0103 bazat\u0103 doar pe radiatoare, dar \u00eemp\u0103r\u021bit\u0103 \u00een sub-circuite pentru echilibrarea temperaturilor \u0219i presiunilor, prin crearea unor bucle cu pompe independente.<\/p>\n<p>Separarea \u00eenc\u0103lzirii centrale \u0219i a apei calde menajere pentru func\u021bionare mai eficient\u0103.<\/p>","protected":false},"excerpt":{"rendered":"<p>Diametru nominal, DN 25<br \/>\nFilet de conectare 1&#8243;<br \/>\nContururi &#8211; 2<br \/>\nFilet pentru aerisire \u0219i robinet de golire 1\/2&#8243;<br \/>\nPresiune maxim\u0103 de lucru, bar 16<br \/>\nTermometru &#8211; 120\u00b0C<br \/>\nRobinet de scurgere &#8211; 1buc.<br \/>\nMaterial: o\u021bel negru cu izolatie<br \/>\nSuport &#8211; Tabla culoare negru (inclus)<br \/>\nPompele nu intra in pret (se procura optional)<br \/>\nProduc\u0103tor &#8211; Tivoli<br \/>\nModel &#8211; HC3007B-2<\/p>\n","protected":false},"featured_media":17108,"template":"","meta":{"_joinchat":[]},"product_brand":[],"product_cat":[2319],"product_tag":[2353],"class_list":{"0":"post-17101","1":"product","2":"type-product","3":"status-publish","4":"has-post-thumbnail","6":"product_cat-cazangerii","7":"product_tag-tivoli","8":"pa_brand-tivoli","9":"pa_filet-443","10":"pa_heating-type-for-water-supply","11":"pa_heating-type-for-pumping-groups","12":"pa_heating-type-heating","13":"pa_heating-type-for-underfloor-heating","15":"first","16":"instock","17":"shipping-taxable","18":"product-type-simple"},"_links":{"self":[{"href":"https:\/\/proterm.md\/ro\/wp-json\/wp\/v2\/product\/17101","targetHints":{"allow":["GET"]}}],"collection":[{"href":"https:\/\/proterm.md\/ro\/wp-json\/wp\/v2\/product"}],"about":[{"href":"https:\/\/proterm.md\/ro\/wp-json\/wp\/v2\/types\/product"}],"wp:featuredmedia":[{"embeddable":true,"href":"https:\/\/proterm.md\/ro\/wp-json\/wp\/v2\/media\/17108"}],"wp:attachment":[{"href":"https:\/\/proterm.md\/ro\/wp-json\/wp\/v2\/media?parent=17101"}],"wp:term":[{"taxonomy":"product_brand","embeddable":true,"href":"https:\/\/proterm.md\/ro\/wp-json\/wp\/v2\/product_brand?post=17101"},{"taxonomy":"product_cat","embeddable":true,"href":"https:\/\/proterm.md\/ro\/wp-json\/wp\/v2\/product_cat?post=17101"},{"taxonomy":"product_tag","embeddable":true,"href":"https:\/\/proterm.md\/ro\/wp-json\/wp\/v2\/product_tag?post=17101"}],"curies":[{"name":"wp","href":"https:\/\/api.w.org\/{rel}","templated":true}]}}