{"id":17104,"date":"2025-08-29T15:04:54","date_gmt":"2025-08-29T13:04:54","guid":{"rendered":"https:\/\/proterm.md\/?post_type=product&#038;p=17104"},"modified":"2025-09-10T14:56:11","modified_gmt":"2025-09-10T12:56:11","slug":"colector-cu-schimbator-de-caldura-hc3015","status":"publish","type":"product","link":"https:\/\/proterm.md\/ro\/product\/colector-cu-schimbator-de-caldura-hc3015\/","title":{"rendered":"Colector cu compensator cu schimbator de caldura HC3015"},"content":{"rendered":"<p>Colectorul cu compensator \u0219i schimb\u0103tor de c\u0103ldur\u0103 de 30 kW este conceput pentru a asigura separarea hidraulic\u0103 \u0219i transferul eficient de energie termic\u0103 \u00eentre dou\u0103 circuite independente de \u00eenc\u0103lzire. Prin integrarea schimb\u0103torului de c\u0103ldur\u0103, se asigur\u0103 protec\u021bia cazanului \u0219i a \u00eentregii instala\u021bii \u00eempotriva impurit\u0103\u021bilor \u0219i a diferen\u021belor de presiune.<\/p>\n<p><strong>Avantaje<\/strong><br \/>\nCre\u0219te eficien\u021ba transferului termic.<br \/>\nPrelunge\u0219te durata de via\u021b\u0103 a cazanului \u0219i a pompelor.<br \/>\nPermite conectarea mai multor circuite independente.<br \/>\nAsigur\u0103 func\u021bionare stabil\u0103 \u0219i sigur\u0103 a instala\u021biei.<\/p>","protected":false},"excerpt":{"rendered":"<p>Schimbator de caldura &#8211; putere termic\u0103: 30 kW.<br \/>\nMediu aplicabil: ap\u0103 rece \u0219i cald\u0103<br \/>\nPresiune nominal\u0103: \u226410 bar<br \/>\nTemperatur\u0103 de lucru: \u2264100\u00b0C<br \/>\nInterval de control al temperaturii: 30\u201370\u00b0C<br \/>\nPrecizie de control al temperaturii: \u00b13\u00b0C<br \/>\nFilet de conectare a pompei: G 1&#8243; \/ 1\u00bd&#8221;<br \/>\nMaterial: o\u021bel inoxidabil AISI304<br \/>\nSuport &#8211; Tabla inox (inclus)<br \/>\nProduc\u0103tor &#8211; Tivoli<br \/>\nModel &#8211; HC 3015<\/p>\n<p>Schimb\u0103tor de c\u0103ldur\u0103 integrat \u2013 pentru transfer optim de energie \u00eentre circuite.<br \/>\nCompensator hidraulic \u2013 echilibreaz\u0103 presiunile \u0219i debitele \u00eentre circuitul primar \u0219i cel secundar.<br \/>\nProtec\u021bie \u00eempotriva \u0219ocurilor termice \u0219i hidraulice.<br \/>\nMaterial: o\u021bel de calitate superioar\u0103, tratat anticoroziv.<\/p>\n","protected":false},"featured_media":17173,"template":"","meta":{"_joinchat":[]},"product_brand":[],"product_cat":[2319],"product_tag":[2353],"class_list":{"0":"post-17104","1":"product","2":"type-product","3":"status-publish","4":"has-post-thumbnail","6":"product_cat-cazangerii","7":"product_tag-tivoli","8":"pa_brand-tivoli","9":"pa_filet-443","10":"pa_heating-type-for-water-supply","11":"pa_heating-type-for-pumping-groups","12":"pa_heating-type-heating","13":"pa_heating-type-for-underfloor-heating","15":"first","16":"instock","17":"shipping-taxable","18":"product-type-simple"},"_links":{"self":[{"href":"https:\/\/proterm.md\/ro\/wp-json\/wp\/v2\/product\/17104","targetHints":{"allow":["GET"]}}],"collection":[{"href":"https:\/\/proterm.md\/ro\/wp-json\/wp\/v2\/product"}],"about":[{"href":"https:\/\/proterm.md\/ro\/wp-json\/wp\/v2\/types\/product"}],"wp:featuredmedia":[{"embeddable":true,"href":"https:\/\/proterm.md\/ro\/wp-json\/wp\/v2\/media\/17173"}],"wp:attachment":[{"href":"https:\/\/proterm.md\/ro\/wp-json\/wp\/v2\/media?parent=17104"}],"wp:term":[{"taxonomy":"product_brand","embeddable":true,"href":"https:\/\/proterm.md\/ro\/wp-json\/wp\/v2\/product_brand?post=17104"},{"taxonomy":"product_cat","embeddable":true,"href":"https:\/\/proterm.md\/ro\/wp-json\/wp\/v2\/product_cat?post=17104"},{"taxonomy":"product_tag","embeddable":true,"href":"https:\/\/proterm.md\/ro\/wp-json\/wp\/v2\/product_tag?post=17104"}],"curies":[{"name":"wp","href":"https:\/\/api.w.org\/{rel}","templated":true}]}}