{"id":17109,"date":"2025-08-29T15:32:22","date_gmt":"2025-08-29T13:32:22","guid":{"rendered":"https:\/\/proterm.md\/?post_type=product&#038;p=17109"},"modified":"2025-09-10T15:38:14","modified_gmt":"2025-09-10T13:38:14","slug":"colector-cu-compensator-hc3014-2","status":"publish","type":"product","link":"https:\/\/proterm.md\/ro\/product\/colector-cu-compensator-hc3014-2\/","title":{"rendered":"Colector cu compensator HC3014-2"},"content":{"rendered":"<p>Set separator hidraulic inox cu colector orizontal, echipat cu 2 pompe (pompe optional) \u0219i circuit liber<br \/>\nAcest ansamblu compact este conceput pentru distribu\u021bia eficient\u0103 a agentului termic \u00een instala\u021biile de \u00eenc\u0103lzire de complexitate medie \u0219i mare. Separatorul hidraulic din o\u021bel inoxidabil AISI 304 asigur\u0103 separarea hidraulic\u0103 \u00eentre circuitul primar (cazan, pomp\u0103 de c\u0103ldur\u0103 etc.) \u0219i circuitele secundare (\u00eenc\u0103lzire prin radiatoare, pardoseal\u0103 sau alte zone).<\/p>\n<p>Colectorul orizontal permite o integrare facil\u0103 \u00een spa\u021bii tehnice restr\u00e2nse, iar cele dou\u0103 pompe montate asigur\u0103 alimentarea direct\u0103 a dou\u0103 zone distincte de \u00eenc\u0103lzire. \u00cen plus, circuitul liber (rezerv\u0103) permite conectarea ulterioar\u0103 a unui consumator suplimentar.<\/p>","protected":false},"excerpt":{"rendered":"<p>Materialul corpului principal: O\u021bel inoxidabil \/ aliaj de aluminiu \/ izola\u021bie din poliuretan<br \/>\nPresiune nominal\u0103: \u226410 bar<br \/>\nMedii aplicabile: Ap\u0103 rece \u0219i cald\u0103<br \/>\nTemperatura de func\u021bionare: \u2264100\u00b0C<br \/>\nInterval de control al temperaturii: 30 &#8211; 70\u00b0C<br \/>\nPrecizie de control al temperaturii: \u00b13\u00b0C<br \/>\nFilet de conectare a pompei: G 1&#8243; \/ 1\u00bd&#8221;<br \/>\nContururi &#8211; 2<br \/>\nSuport &#8211; Tabla inox (inclus)<br \/>\nProduc\u0103tor &#8211; Tivoli<br \/>\nModel &#8211; HC3014-2<\/p>\n<p>Pompe-le de circulatii se procura optional<\/p>\n","protected":false},"featured_media":17174,"template":"","meta":{"_joinchat":[]},"product_brand":[],"product_cat":[2319],"product_tag":[2353],"class_list":{"0":"post-17109","1":"product","2":"type-product","3":"status-publish","4":"has-post-thumbnail","6":"product_cat-cazangerii","7":"product_tag-tivoli","8":"pa_brand-tivoli","9":"pa_filet-443","10":"pa_heating-type-for-water-supply","11":"pa_heating-type-for-pumping-groups","12":"pa_heating-type-heating","13":"pa_heating-type-for-underfloor-heating","15":"first","16":"instock","17":"shipping-taxable","18":"product-type-simple"},"_links":{"self":[{"href":"https:\/\/proterm.md\/ro\/wp-json\/wp\/v2\/product\/17109","targetHints":{"allow":["GET"]}}],"collection":[{"href":"https:\/\/proterm.md\/ro\/wp-json\/wp\/v2\/product"}],"about":[{"href":"https:\/\/proterm.md\/ro\/wp-json\/wp\/v2\/types\/product"}],"wp:featuredmedia":[{"embeddable":true,"href":"https:\/\/proterm.md\/ro\/wp-json\/wp\/v2\/media\/17174"}],"wp:attachment":[{"href":"https:\/\/proterm.md\/ro\/wp-json\/wp\/v2\/media?parent=17109"}],"wp:term":[{"taxonomy":"product_brand","embeddable":true,"href":"https:\/\/proterm.md\/ro\/wp-json\/wp\/v2\/product_brand?post=17109"},{"taxonomy":"product_cat","embeddable":true,"href":"https:\/\/proterm.md\/ro\/wp-json\/wp\/v2\/product_cat?post=17109"},{"taxonomy":"product_tag","embeddable":true,"href":"https:\/\/proterm.md\/ro\/wp-json\/wp\/v2\/product_tag?post=17109"}],"curies":[{"name":"wp","href":"https:\/\/api.w.org\/{rel}","templated":true}]}}