{"id":17121,"date":"2025-09-03T11:57:54","date_gmt":"2025-09-03T09:57:54","guid":{"rendered":"https:\/\/proterm.md\/?post_type=product&#038;p=17121"},"modified":"2025-09-03T13:07:00","modified_gmt":"2025-09-03T11:07:00","slug":"dezincrustant-boilere","status":"publish","type":"product","link":"https:\/\/proterm.md\/ro\/product\/dezincrustant-boilere\/","title":{"rendered":"CLEANEX RAD PLUS &#8211; Dezincrustant ECO, pentru boilere si calorifere din otel."},"content":{"rendered":"<p class=\"qtranxs-available-languages-message qtranxs-available-languages-message-ro\">Din p\u0103cate acest articol este disponibil doar \u00een <a href=\"https:\/\/proterm.md\/ru\/wp-json\/wp\/v2\/product\/17121\" class=\"qtranxs-available-language-link qtranxs-available-language-link-ru\" title=\"\u0420\u0443\u0441\u0441\u043a\u0438\u0439\">\u0420\u0443\u0441\u0441\u043a\u0438\u0439<\/a>.<\/p>","protected":false},"excerpt":{"rendered":"<p>Canistra &#8211; 10 Kg \/ 8.8Litri<\/p>\n<p><strong>CLEANEX RAD PLUS<\/strong>\u00a0este o solu\u021bie concentrat\u0103, organic\u0103, acid\u0103 \u0219i non-toxic\u0103, special conceput\u0103 pentru cur\u0103\u021barea sistemelor de \u00eenc\u0103lzire (boilere, circuite sanitare, calorifere din o\u021bel sau font\u0103). Ac\u021bioneaz\u0103 eficient \u00eempotriva depunerilor de piatr\u0103, m\u00e2l \u0219i rugin\u0103.<\/p>\n<p>Formula sa include substan\u021be tensioactive care asigur\u0103 o \u00eendep\u0103rtare temeinic\u0103 a ruginii \u0219i n\u0103molului, combin\u00e2nd dizolvarea depunerilor de calcar cu mobilizarea \u0219i dispersia ruginei.<\/p>\n<p><strong>Utilizare:<\/strong>\u00a0CLEANEX RAD PLUS este potrivit pentru cur\u0103\u021barea schimb\u0103toarelor de c\u0103ldur\u0103 la centrale termice conven\u021bionale \u0219i \u00een condensare, precum \u0219i pentru cur\u0103\u021barea instala\u021biilor dup\u0103 modific\u0103ri (ex: ad\u0103ugarea de radiatoare noi). Este recomandat chiar \u0219i pentru instala\u021biile vechi, unde metodele clasice de cur\u0103\u021bare chimic\u0103 ar putea deteriora sistemul. Produsul este sigur pentru echipamentele cu componente din aluminiu \u0219i nu afecteaz\u0103 materialele plastice, cauciucul sau PPR-ul.<\/p>\n<p><strong>Mod de utilizare:<\/strong>\u00a0Se utilizeaz\u0103 o concentra\u021bie de 20-30%, \u00een func\u021bie de nivelul depunerilor, la o temperatur\u0103 de 20-30 \u00baC. Pentru recirculare, folosi\u021bi pompe speciale din gama Chemstal timp de 40-60 de minute, invers\u00e2nd sensul la fiecare 20 de minute. Fiind un produs organic, poate fi l\u0103sat \u00een sistem p\u00e2n\u0103 la 3 zile f\u0103r\u0103 a coroda componentele (cupru, fier, inox, aluminiu, alam\u0103, cauciuc etc.). Dup\u0103 utilizare, este esen\u021bial\u0103 neutralizarea reziduurilor acide prin cl\u0103tire succesiv\u0103 cu ap\u0103 \u0219i apoi cu o solu\u021bie pe baz\u0103 de NEUTRALYZER.<\/p>\n<p><a href=\"https:\/\/proterm.md\/wp-content\/uploads\/2025\/09\/FT-CLEANEX-RAD-PLUS.pdf\" target=\"_blank\" rel=\"noopener\"><img decoding=\"async\" class=\"alignnone  wp-image-7559\" src=\"https:\/\/proterm.md\/wp-content\/uploads\/2021\/12\/icopdf-min-250x250.png\" alt=\"\" width=\"32\" height=\"32\" srcset=\"https:\/\/proterm.md\/wp-content\/uploads\/2021\/12\/icopdf-min-250x250.png 250w, https:\/\/proterm.md\/wp-content\/uploads\/2021\/12\/icopdf-min-150x150.png 150w, https:\/\/proterm.md\/wp-content\/uploads\/2021\/12\/icopdf-min-450x450.png 450w, https:\/\/proterm.md\/wp-content\/uploads\/2021\/12\/icopdf-min-300x300.png 300w, https:\/\/proterm.md\/wp-content\/uploads\/2021\/12\/icopdf-min-500x500.png 500w, https:\/\/proterm.md\/wp-content\/uploads\/2021\/12\/icopdf-min-100x100.png 100w, https:\/\/proterm.md\/wp-content\/uploads\/2021\/12\/icopdf-min.png 512w\" sizes=\"(max-width: 32px) 100vw, 32px\" \/>Fisa tehnica<\/a><\/p>\n","protected":false},"featured_media":17122,"template":"","meta":{"_joinchat":[]},"product_brand":[],"product_cat":[681],"product_tag":[2417],"class_list":{"0":"post-17121","1":"product","2":"type-product","3":"status-publish","4":"has-post-thumbnail","6":"product_cat-solutii_antiinghet_antigel","7":"product_tag-laborex","8":"pa_brand-laborex","10":"first","11":"instock","12":"shipping-taxable","13":"product-type-simple"},"_links":{"self":[{"href":"https:\/\/proterm.md\/ro\/wp-json\/wp\/v2\/product\/17121","targetHints":{"allow":["GET"]}}],"collection":[{"href":"https:\/\/proterm.md\/ro\/wp-json\/wp\/v2\/product"}],"about":[{"href":"https:\/\/proterm.md\/ro\/wp-json\/wp\/v2\/types\/product"}],"wp:featuredmedia":[{"embeddable":true,"href":"https:\/\/proterm.md\/ro\/wp-json\/wp\/v2\/media\/17122"}],"wp:attachment":[{"href":"https:\/\/proterm.md\/ro\/wp-json\/wp\/v2\/media?parent=17121"}],"wp:term":[{"taxonomy":"product_brand","embeddable":true,"href":"https:\/\/proterm.md\/ro\/wp-json\/wp\/v2\/product_brand?post=17121"},{"taxonomy":"product_cat","embeddable":true,"href":"https:\/\/proterm.md\/ro\/wp-json\/wp\/v2\/product_cat?post=17121"},{"taxonomy":"product_tag","embeddable":true,"href":"https:\/\/proterm.md\/ro\/wp-json\/wp\/v2\/product_tag?post=17121"}],"curies":[{"name":"wp","href":"https:\/\/api.w.org\/{rel}","templated":true}]}}