{"id":17136,"date":"2025-09-03T16:19:30","date_gmt":"2025-09-03T14:19:30","guid":{"rendered":"https:\/\/proterm.md\/?post_type=product&#038;p=17136"},"modified":"2025-09-08T14:50:46","modified_gmt":"2025-09-08T12:50:46","slug":"curatare-si-igienizare-aer-conditionat","status":"publish","type":"product","link":"https:\/\/proterm.md\/ro\/product\/curatare-si-igienizare-aer-conditionat\/","title":{"rendered":"CLEANEX CLIMA PACK &#8211; Curatare si igienizare aer conditionat"},"content":{"rendered":"<div class=\"wpb-content-wrapper\"><p>[vc_row][vc_column][vc_video link=&#8221;https:\/\/youtu.be\/FQypcZc-ZUg?si=Yg5-toL9WzKcGXvQ&#8221; el_width=&#8221;50&#8243; title=&#8221;Instructiuni video de utilizare&#8221; image_poster_switch=&#8221;no&#8221;][\/vc_column][\/vc_row]<\/p>\n<\/div>","protected":false},"excerpt":{"rendered":"<p>CLIMA PACK faciliteaz\u0103 opera\u021biunile de cur\u0103\u021bare \u0219i igienizare a aparatelor de aer condi\u021bionat, utiliz\u00e2nd spray-ul detergent cu spum\u0103 activ\u0103 CLEANEX CLIMANET PLUS (600ml) \u0219i igienizantul cu ac\u021biune bacteriostatic\u0103 CLEANEX CLIMASAN PLUS (400ml).<\/p>\n<p>\u2714Asigur\u0103 un mediu s\u0103n\u0103tos, \u00eembun\u0103t\u0103\u021bind calitatea aerului respirat<br \/>\n\u2714Prelungeste durata de via\u021b\u0103 a echipamentelor \u0219i previne blocajele cauzate de depunerea prafului<br \/>\n\u2714Eficientizeaz\u0103 func\u021bionarea aparatelor \u0219i genereaz\u0103 economii \u00een exploatare<\/p>\n<p>Pachetul con\u021bine:<\/p>\n<ol>\n<li>CLEANEX CLIMANET PLUS (600ml) \u2013 1 bucat\u0103<\/li>\n<li>CLEANEX CLIMASAN PLUS (400ml) \u2013 1 bucat\u0103<\/li>\n<\/ol>\n<p>Studiile realizate la Centrul pentru Siguran\u021b\u0103, S\u0103n\u0103tate \u0219i Mediu \u00cenconjur\u0103tor din Marea Britanie arat\u0103 c\u0103 aerul din interior este de 10 ori mai poluat dec\u00e2t cel exterior, \u00een principal din cauza ne\u00eentre\u021binerii corespunz\u0103toare a aparatelor de aer condi\u021bionat, at\u00e2t comerciale, c\u00e2t \u0219i de uz casnic.<\/p>\n<p>Sistemul de climatizare creeaz\u0103 un microclimat umed favorabil dezvolt\u0103rii bacteriilor \u0219i ciupercilor, care pot afecta s\u0103n\u0103tatea. Algele \u0219i mucilagiile din sistemul de evacuare a condensului pot genera mirosuri nepl\u0103cute la pornirea echipamentelor. Praful \u0219i al\u021bi agen\u021bi alergeni depu\u0219i pe filtre pot diminua eficien\u021ba aparatului cu peste 20%, iar un radiator murdar solicit\u0103 mai mult ventilatorul, reduc\u00e2ndu-i durata de via\u021b\u0103. Costurile de consum energetic \u0219i de repara\u021bii cauzate de func\u021bionarea \u00een condi\u021bii improprii sunt mult mai mari dec\u00e2t cele ale \u00eentre\u021binerii periodice prin cur\u0103\u021bare \u0219i igienizare.<\/p>\n<p>Este foarte important \u0219i s\u0103n\u0103tos s\u0103 se efectueze periodic o igienizare complet\u0103 a instala\u021biei de aer condi\u021bionat, utiliz\u00e2nd solu\u021bii chimice profesionale, precum cele din gama CHEMSTAL.<\/p>\n<p><strong>MOD DE UTILIZARE:<\/strong><\/p>\n<ol>\n<li>Demonta\u021bi filtrele, sp\u0103la\u021bi-le cu ap\u0103 \u0219i l\u0103sa\u021bi-le la uscat.<\/li>\n<li>Porni\u021bi aparatul \u00een modul de climatizare \u0219i a\u0219tepta\u021bi 3-4 minute p\u00e2n\u0103 c\u00e2nd vaporizatorul se umeze\u0219te. Pulveriza\u021bi spuma CLEANEX CLIMANET PLUS pe toat\u0103 suprafa\u021ba acestuia. Spuma va penetra murd\u0103ria \u0219i va fi eliminat\u0103 \u00eempreun\u0103 cu condensul generat de func\u021bionare, f\u0103r\u0103 a fi nevoie de cl\u0103tire.<\/li>\n<li>Dup\u0103 dispari\u021bia spumei, pulveriza\u021bi igienizantul CLEANEX CLIMASAN PLUS at\u00e2t pe vaporizator, c\u00e2t \u0219i peste filtrele aparatului, care pot fi apoi remontate.<\/li>\n<li>Repetati aceast\u0103 procedur\u0103 la \u00eenceputul fiec\u0103rui sezon cald sau rece.<\/li>\n<\/ol>\n<p><em>Produsele din pachet permit realizarea a 3-6 opera\u021biuni de cur\u0103\u021bare, \u00een func\u021bie de nivelul de murd\u0103rie.<\/em><\/p>\n<p>&nbsp;<\/p>\n","protected":false},"featured_media":17138,"template":"","meta":{"_joinchat":[]},"product_brand":[],"product_cat":[94,681],"product_tag":[2417],"class_list":{"0":"post-17136","1":"product","2":"type-product","3":"status-publish","4":"has-post-thumbnail","6":"product_cat-conditioner_invertor","7":"product_cat-solutii_antiinghet_antigel","8":"product_tag-laborex","9":"pa_brand-laborex","11":"first","12":"instock","13":"shipping-taxable","14":"product-type-simple"},"_links":{"self":[{"href":"https:\/\/proterm.md\/ro\/wp-json\/wp\/v2\/product\/17136","targetHints":{"allow":["GET"]}}],"collection":[{"href":"https:\/\/proterm.md\/ro\/wp-json\/wp\/v2\/product"}],"about":[{"href":"https:\/\/proterm.md\/ro\/wp-json\/wp\/v2\/types\/product"}],"wp:featuredmedia":[{"embeddable":true,"href":"https:\/\/proterm.md\/ro\/wp-json\/wp\/v2\/media\/17138"}],"wp:attachment":[{"href":"https:\/\/proterm.md\/ro\/wp-json\/wp\/v2\/media?parent=17136"}],"wp:term":[{"taxonomy":"product_brand","embeddable":true,"href":"https:\/\/proterm.md\/ro\/wp-json\/wp\/v2\/product_brand?post=17136"},{"taxonomy":"product_cat","embeddable":true,"href":"https:\/\/proterm.md\/ro\/wp-json\/wp\/v2\/product_cat?post=17136"},{"taxonomy":"product_tag","embeddable":true,"href":"https:\/\/proterm.md\/ro\/wp-json\/wp\/v2\/product_tag?post=17136"}],"curies":[{"name":"wp","href":"https:\/\/api.w.org\/{rel}","templated":true}]}}