{"id":17298,"date":"2025-10-03T08:48:44","date_gmt":"2025-10-03T06:48:44","guid":{"rendered":"https:\/\/proterm.md\/?post_type=product&#038;p=17298"},"modified":"2025-10-03T08:49:33","modified_gmt":"2025-10-03T06:49:33","slug":"boiler-okc-160-1m2","status":"publish","type":"product","link":"https:\/\/proterm.md\/ro\/product\/boiler-okc-160-1m2\/","title":{"rendered":"Boiler OKC 160\/1m2"},"content":{"rendered":"<div class=\"wpb-content-wrapper\"><p>[vc_row][vc_column][vc_column_text css_animation=&#8221;bounceIn&#8221; text_larger=&#8221;no&#8221;]Boiler combinat Drazice OKC 160<br data-start=\"55\" data-end=\"58\" \/>Boilerele combinate cu acumulare Drazice OKC \u0219i OKC\/1m\u00b2, cu un volum de 80\u2013200 litri, sunt concepute pentru montaj pe perete.<br data-start=\"183\" data-end=\"186\" \/>Boilerul cu \u00eenc\u0103lzire indirect\u0103 Drazice OKC este destinat prepar\u0103rii apei calde menajere pentru nevoi tehnice sau gospod\u0103re\u0219ti. \u00cenc\u0103lzirea apei se realizeaz\u0103 cu ajutorul unui element ceramic de \u00eenc\u0103lzire, controlat de un termostat de lucru, iar siguran\u021ba termoelectric\u0103 este asigurat\u0103 de un termostat de protec\u021bie.[\/vc_column_text][\/vc_column][\/vc_row]<\/p>\n<\/div>","protected":false},"excerpt":{"rendered":"<p>\u00b7 Volum, l: 147<br data-start=\"15\" data-end=\"18\" \/>\u00b7 Presiune maxim\u0103 \u00een exces, bar: 6<br data-start=\"52\" data-end=\"55\" \/>\u00b7 Tensiune, V: 230<br data-start=\"73\" data-end=\"76\" \/>\u00b7 Putere consumat\u0103, W: 2 000<br data-start=\"104\" data-end=\"107\" \/>\u00b7 Clasa de protec\u021bie electric\u0103: IP 45<br data-start=\"144\" data-end=\"147\" \/>\u00b7 \u00cen\u0103l\u021bimea boilerului, mm: 1235<br data-start=\"179\" data-end=\"182\" \/>\u00b7 Diametrul boilerului, mm: 524<br data-start=\"213\" data-end=\"216\" \/>\u00b7 Greutatea boilerului f\u0103r\u0103 ap\u0103, kg: 66<br data-start=\"255\" data-end=\"258\" \/>\u00b7 Timp de \u00eenc\u0103lzire a apei cu energie electric\u0103 de la 10 \u00b0C la 60 \u00b0C, ore: 5<br data-start=\"334\" data-end=\"337\" \/>\u00b7 Presiune maxim\u0103 de lucru \u00een exces, bar: 10<br data-start=\"381\" data-end=\"384\" \/>\u00b7 Suprafa\u021ba schimb\u0103torului de c\u0103ldur\u0103, m\u00b2: 0,68<br data-start=\"431\" data-end=\"434\" \/>\u00b7 Putere nominal\u0103 de \u00eenc\u0103lzire la temperatura agentului termic de 80 \u00b0C \u0219i debit de 310 l\/or\u0103, W: 9 000<br data-start=\"537\" data-end=\"540\" \/>\u00b7 Timp maxim de \u00eenc\u0103lzire a apei cu agent termic de la 10 \u00b0C la 60 \u00b0C, minute: 75<br data-start=\"621\" data-end=\"624\" \/>\u00b7 Putere nominal\u0103 de \u00eenc\u0103lzire la temperatura agentului termic de 80 \u00b0C \u0219i debit de 720 l\/or\u0103, W: 17 000<br data-start=\"728\" data-end=\"731\" \/>\u00b7 Timp maxim de \u00eenc\u0103lzire a apei cu agent termic de la 10 \u00b0C la 60 \u00b0C, minute: 35<br data-start=\"812\" data-end=\"815\" \/>\u00b7 Pierderi termice \/ Economii de energie, kWh\/24h: 1,39\/C<\/p>\n<p><img decoding=\"async\" class=\"alignnone wp-image-7559\" src=\"https:\/\/proterm.md\/wp-content\/uploads\/2021\/12\/icopdf-min-300x300.png\" alt=\"\" width=\"25\" height=\"25\" srcset=\"https:\/\/proterm.md\/wp-content\/uploads\/2021\/12\/icopdf-min-300x300.png 300w, https:\/\/proterm.md\/wp-content\/uploads\/2021\/12\/icopdf-min-150x150.png 150w, https:\/\/proterm.md\/wp-content\/uploads\/2021\/12\/icopdf-min-250x250.png 250w, https:\/\/proterm.md\/wp-content\/uploads\/2021\/12\/icopdf-min-450x450.png 450w, https:\/\/proterm.md\/wp-content\/uploads\/2021\/12\/icopdf-min-500x500.png 500w, https:\/\/proterm.md\/wp-content\/uploads\/2021\/12\/icopdf-min-100x100.png 100w, https:\/\/proterm.md\/wp-content\/uploads\/2021\/12\/icopdf-min.png 512w\" sizes=\"(max-width: 25px) 100vw, 25px\" \/><a href=\"https:\/\/proterm.md\/wp-content\/uploads\/2022\/11\/OKC_OKC1m2_1_9_2016_rus.pdf\" target=\"_blank\" rel=\"noopener\">Date tehnice<\/a><\/p>\n","protected":false},"featured_media":7852,"template":"","meta":{"_joinchat":[]},"product_brand":[],"product_cat":[39,97],"product_tag":[219],"class_list":{"0":"post-17298","1":"product","2":"type-product","3":"status-publish","4":"has-post-thumbnail","6":"product_cat-boiler","7":"product_cat-boiler_drazice","8":"product_tag-drazice","9":"pa_brand-drazice","10":"pa_name-boiler-drazice","11":"pa_number-serpents-212","12":"pa_tip-boilers-thermo-electric","13":"pa_volume-224","15":"first","16":"instock","17":"shipping-taxable","18":"product-type-simple"},"_links":{"self":[{"href":"https:\/\/proterm.md\/ro\/wp-json\/wp\/v2\/product\/17298","targetHints":{"allow":["GET"]}}],"collection":[{"href":"https:\/\/proterm.md\/ro\/wp-json\/wp\/v2\/product"}],"about":[{"href":"https:\/\/proterm.md\/ro\/wp-json\/wp\/v2\/types\/product"}],"wp:featuredmedia":[{"embeddable":true,"href":"https:\/\/proterm.md\/ro\/wp-json\/wp\/v2\/media\/7852"}],"wp:attachment":[{"href":"https:\/\/proterm.md\/ro\/wp-json\/wp\/v2\/media?parent=17298"}],"wp:term":[{"taxonomy":"product_brand","embeddable":true,"href":"https:\/\/proterm.md\/ro\/wp-json\/wp\/v2\/product_brand?post=17298"},{"taxonomy":"product_cat","embeddable":true,"href":"https:\/\/proterm.md\/ro\/wp-json\/wp\/v2\/product_cat?post=17298"},{"taxonomy":"product_tag","embeddable":true,"href":"https:\/\/proterm.md\/ro\/wp-json\/wp\/v2\/product_tag?post=17298"}],"curies":[{"name":"wp","href":"https:\/\/api.w.org\/{rel}","templated":true}]}}