{"id":17309,"date":"2025-10-08T15:05:37","date_gmt":"2025-10-08T13:05:37","guid":{"rendered":"https:\/\/proterm.md\/?post_type=product&#038;p=17309"},"modified":"2025-10-09T10:28:48","modified_gmt":"2025-10-09T08:28:48","slug":"colector-complect-echipat-hc-1006c","status":"publish","type":"product","link":"https:\/\/proterm.md\/ro\/product\/colector-complect-echipat-hc-1006c\/","title":{"rendered":"Colector complect echipat HC 1006C"},"content":{"rendered":"<p><\/p>\n<p data-start=\"153\" data-end=\"517\">Grupul colector <strong data-start=\"169\" data-end=\"195\">HC10006C cu debitmetru<\/strong> este o alegere excelent\u0103 pentru realizarea unui sistem de \u00eenc\u0103lzire prin pardoseal\u0103 eficient \u0219i fiabil, potrivit at\u00e2t pentru locuin\u021be private, c\u00e2t \u0219i pentru apartamente. Acesta distribuie uniform agentul termic c\u0103tre toate circuitele, asigur\u00e2nd o temperatur\u0103 constant\u0103 \u00een fiecare \u00eenc\u0103pere \u0219i reduc\u00e2nd consumul de energie.<\/p>\n<p data-start=\"519\" data-end=\"812\">Fabricat din <strong data-start=\"532\" data-end=\"574\">o\u021bel inoxidabil de calitate superioar\u0103<\/strong>, grupul colector este durabil \u0219i rezistent la coroziune. <strong data-start=\"632\" data-end=\"656\">Debitmetrul integrat<\/strong> ofer\u0103 posibilitatea de a regla cu precizie debitul pe fiecare circuit, ceea ce contribuie la un confort termic optim \u0219i o func\u021bionare stabil\u0103 a sistemului.<\/p>\n<p data-start=\"814\" data-end=\"1034\">Designul modern \u0219i compact al modelului <strong data-start=\"854\" data-end=\"866\">HC10006C<\/strong> se potrive\u0219te perfect \u00een orice spa\u021biu tehnic sau interior. Instalarea este simpl\u0103, iar reglajele se fac u\u0219or, chiar \u0219i f\u0103r\u0103 experien\u021b\u0103 vast\u0103 \u00een domeniul instala\u021biilor.<\/p>\n<p data-start=\"1036\" data-end=\"1222\">\u00cen ansamblu, grupul colector HC10006C cu debitmetru reprezint\u0103 o <strong data-start=\"1104\" data-end=\"1147\">solu\u021bie practic\u0103, eficient\u0103 \u0219i durabil\u0103<\/strong> pentru ob\u021binerea unui confort termic de \u00eenalt nivel \u00een casa dumneavoastr\u0103.<\/p>\n<p><\/p>","protected":false},"excerpt":{"rendered":"<p>Tip produs \u2013 Colector complet echipat cu dozator, robinet scurgere si dop<br \/>\nDomeniu de aplicare \u2013 \u00cenc\u0103lzire \u00een pardoseal\u0103, \u00eenc\u0103lzire<br \/>\nMaterial \u2013 alam\u0103<br \/>\nDiametru de iesire 3\/4\u2033 eurocon (se vand aparte)<br \/>\nDezaerator (120\u00b0C \/ 10bar)<br \/>\nDebitmetre (0-5 Litri\/min)<br \/>\nRobinet scurgere<br \/>\nFilet : \u00d8 1\u2033F<br \/>\nSupoarte (2 buc)<\/p>\n","protected":false},"featured_media":17315,"template":"","meta":{"_joinchat":[]},"product_brand":[],"product_cat":[112],"product_tag":[],"class_list":{"0":"post-17309","1":"product","2":"type-product","3":"status-publish","4":"has-post-thumbnail","6":"product_cat-colectoare-distribuitoare","7":"pa_number-of-exits-481","8":"pa_number-of-exits-507","9":"pa_number-of-exits-487","11":"first","12":"instock","13":"shipping-taxable","14":"product-type-variable","15":"has-default-attributes"},"_links":{"self":[{"href":"https:\/\/proterm.md\/ro\/wp-json\/wp\/v2\/product\/17309","targetHints":{"allow":["GET"]}}],"collection":[{"href":"https:\/\/proterm.md\/ro\/wp-json\/wp\/v2\/product"}],"about":[{"href":"https:\/\/proterm.md\/ro\/wp-json\/wp\/v2\/types\/product"}],"wp:featuredmedia":[{"embeddable":true,"href":"https:\/\/proterm.md\/ro\/wp-json\/wp\/v2\/media\/17315"}],"wp:attachment":[{"href":"https:\/\/proterm.md\/ro\/wp-json\/wp\/v2\/media?parent=17309"}],"wp:term":[{"taxonomy":"product_brand","embeddable":true,"href":"https:\/\/proterm.md\/ro\/wp-json\/wp\/v2\/product_brand?post=17309"},{"taxonomy":"product_cat","embeddable":true,"href":"https:\/\/proterm.md\/ro\/wp-json\/wp\/v2\/product_cat?post=17309"},{"taxonomy":"product_tag","embeddable":true,"href":"https:\/\/proterm.md\/ro\/wp-json\/wp\/v2\/product_tag?post=17309"}],"curies":[{"name":"wp","href":"https:\/\/api.w.org\/{rel}","templated":true}]}}