{"id":17322,"date":"2025-10-09T16:04:09","date_gmt":"2025-10-09T14:04:09","guid":{"rendered":"https:\/\/proterm.md\/?post_type=product&#038;p=17322"},"modified":"2025-10-09T16:06:28","modified_gmt":"2025-10-09T14:06:28","slug":"vase-de-expansiune-cazan-7l-3-8-dreptunghiular-cimm","status":"publish","type":"product","link":"https:\/\/proterm.md\/ro\/product\/vase-de-expansiune-cazan-7l-3-8-dreptunghiular-cimm\/","title":{"rendered":"Vase de expansiune cazan 7L 3\/8 dreptunghiular Cimm"},"content":{"rendered":"<div class=\"wpb-content-wrapper\"><p>[vc_row][vc_column][vc_column_text css_animation=&#8221;bounceIn&#8221; text_larger=&#8221;no&#8221;]Rezervorul de expansiune pentru cazanele montate pe perete au un volum de 6-10 litri \u0219i sunt destinate sistemelor de \u00eenc\u0103lzire care func\u021bioneaz\u0103 cu ap\u0103 ca purt\u0103tor de c\u0103ldur\u0103. Rolul vasului de expansiune este de a proteja sistemele de \u00eenc\u0103lzire care func\u021bioneaz\u0103 \u00eentr-un circuit \u00eenchis. Este nevoie de ap\u0103 \u00een exces care rezult\u0103 dintr-o cre\u0219tere brusc\u0103 a presiunii. Consumul crescut de ap\u0103 poate deteriora sistemul de \u00eenc\u0103lzire \u0219i poate duce chiar la defec\u021biuni grave sau accidente.[\/vc_column_text][\/vc_column][\/vc_row]<\/p>\n<\/div>","protected":false},"excerpt":{"rendered":"<p>Volum &#8211; 7l<br \/>\nPresiunea de lucru min &#8211; 1bar, max &#8211; 3bari<br \/>\nDiametrul conexiunii &#8211; 3\/8<br \/>\nInaltime- 45 cm<br \/>\nLatime &#8211; 22 cm<br \/>\nGrosime &#8211; 5,5 cm<br \/>\n\u021aara de origine &#8211; Italia<\/p>\n","protected":false},"featured_media":11153,"template":"","meta":{"_joinchat":[]},"product_brand":[],"product_cat":[123,60],"product_tag":[348,351,354],"class_list":{"0":"post-17322","1":"product","2":"type-product","3":"status-publish","4":"has-post-thumbnail","6":"product_cat-piese_de_schimb_centrale_termice","7":"product_cat-vas_expansiune","8":"product_tag-cimm-brend","9":"product_tag-gitral-brend","10":"product_tag-zilmet-brend","11":"pa_brand-cimm-brend","12":"pa_expansion-tank-volume-394","14":"first","15":"instock","16":"shipping-taxable","17":"product-type-simple"},"_links":{"self":[{"href":"https:\/\/proterm.md\/ro\/wp-json\/wp\/v2\/product\/17322","targetHints":{"allow":["GET"]}}],"collection":[{"href":"https:\/\/proterm.md\/ro\/wp-json\/wp\/v2\/product"}],"about":[{"href":"https:\/\/proterm.md\/ro\/wp-json\/wp\/v2\/types\/product"}],"wp:featuredmedia":[{"embeddable":true,"href":"https:\/\/proterm.md\/ro\/wp-json\/wp\/v2\/media\/11153"}],"wp:attachment":[{"href":"https:\/\/proterm.md\/ro\/wp-json\/wp\/v2\/media?parent=17322"}],"wp:term":[{"taxonomy":"product_brand","embeddable":true,"href":"https:\/\/proterm.md\/ro\/wp-json\/wp\/v2\/product_brand?post=17322"},{"taxonomy":"product_cat","embeddable":true,"href":"https:\/\/proterm.md\/ro\/wp-json\/wp\/v2\/product_cat?post=17322"},{"taxonomy":"product_tag","embeddable":true,"href":"https:\/\/proterm.md\/ro\/wp-json\/wp\/v2\/product_tag?post=17322"}],"curies":[{"name":"wp","href":"https:\/\/api.w.org\/{rel}","templated":true}]}}