{"id":17327,"date":"2025-10-10T09:11:05","date_gmt":"2025-10-10T07:11:05","guid":{"rendered":"https:\/\/proterm.md\/?post_type=product&#038;p=17327"},"modified":"2026-02-12T09:36:54","modified_gmt":"2026-02-12T07:36:54","slug":"kit-pni-safe-house-400-senzor-de-gaz-si-electrovalva","status":"publish","type":"product","link":"https:\/\/proterm.md\/ro\/product\/kit-pni-safe-house-400-senzor-de-gaz-si-electrovalva\/","title":{"rendered":"Electrovalva PNI Safe House 400 \/ clapeta"},"content":{"rendered":"<p><\/p>\n<h3 data-start=\"179\" data-end=\"218\">Senzor de gaz de ultim\u0103 genera\u021bie<\/h3>\n<p data-start=\"219\" data-end=\"419\">Detectorul inclus \u00een kitul <strong data-start=\"246\" data-end=\"268\">PNI Safe House 400<\/strong> este conceput pentru a identifica \u00een mod eficient <strong data-start=\"319\" data-end=\"346\">gazele naturale (metan)<\/strong>, <strong data-start=\"348\" data-end=\"391\">gazele lichefiate (GPL \u2013 propan, butan)<\/strong> \u0219i <strong data-start=\"395\" data-end=\"416\">gazele de c\u0103rbune<\/strong>.<\/p>\n<p data-start=\"421\" data-end=\"669\">C\u00e2nd concentra\u021bia de gaz combustibil dep\u0103\u0219e\u0219te pragul standard de <strong data-start=\"487\" data-end=\"499\">10 % LEL<\/strong>, senzorul declan\u0219eaz\u0103 o <strong data-start=\"524\" data-end=\"559\">alarm\u0103 sonor\u0103 continu\u0103 de 85 dB<\/strong>, \u00eenso\u021bit\u0103 de <strong data-start=\"573\" data-end=\"614\">clipirea intermitent\u0103 a LED-ului ro\u0219u<\/strong>, avertiz\u00e2nd imediat utilizatorii asupra pericolului.<\/p>\n<p data-start=\"671\" data-end=\"873\">Senzorul semiconductor integrat este caracterizat prin <strong data-start=\"726\" data-end=\"766\">durat\u0103 mare de via\u021b\u0103 (p\u00e2n\u0103 la 5 ani)<\/strong>, <strong data-start=\"768\" data-end=\"791\">fiabilitate sporit\u0103<\/strong> \u0219i <strong data-start=\"795\" data-end=\"870\">rezisten\u021b\u0103 ridicat\u0103 la condi\u021bii de mediu dificile \u0219i atmosfer\u0103 coroziv\u0103<\/strong>.<\/p>\n<blockquote data-start=\"875\" data-end=\"977\">\n<p data-start=\"877\" data-end=\"977\">&#x26a0;&#xfe0f; <strong data-start=\"880\" data-end=\"889\">Not\u0103:<\/strong> Acest tip de senzor <strong data-start=\"910\" data-end=\"939\">nu detecteaz\u0103 gaze toxice<\/strong>, precum <strong data-start=\"948\" data-end=\"976\">monoxidul de carbon (CO)<\/strong>.<\/p>\n<\/blockquote>\n<p><\/p>","protected":false},"excerpt":{"rendered":"<p>Producator PNI<br \/>\nCod produs PNI-SH400<br \/>\nCaracteristici senzor de gaz<br \/>\nMod de inchidere Impuls de curent sau manual<br \/>\nTensiune de inchidere DC 9 ~ 12 V (Impuls)<br \/>\nTimp inchidere mai mic de 1 secunda<br \/>\nConexiune 3\/4&#8243; filet interior<br \/>\nPresiune maxima 100 kPa<br \/>\nConfectionata din Aliaj de aluminiu<br \/>\nTemperatura de functionare -26\u00b0C ~ +80\u00b0C<br \/>\nLungime cablu conexiune 90 cm<br \/>\nPachetul contine<br \/>\nSenzor de gaz Nu<br \/>\nElectrovalva gaz Da<br \/>\nTensiune de alimentare AC 100~240V<br \/>\nTensiune de iesire pentru electrovalva 9-12V<br \/>\nLEL (Lower Explosive Limit) 10%<br \/>\nVolum sirena \u2265 85dB\/m<br \/>\nDimensiuni \/ Greutate Senzor: 72 x 115 x 35 mm Electrovalva: 75 x 45 x 110 mm<br \/>\nDurata amorsare senzor 180 sec.<br \/>\nCaracteristici electrovalva gaz<\/p>\n<p><a href=\"https:\/\/proterm.md\/wp-content\/uploads\/2025\/10\/PNI-SH400.pdf\" target=\"_blank\" rel=\"nofollow noopener\"><img decoding=\"async\" class=\"alignnone wp-image-7559\" src=\"https:\/\/proterm.md\/wp-content\/uploads\/2021\/12\/icopdf-min-300x300.png\" alt=\"\" width=\"40\" height=\"40\" srcset=\"https:\/\/proterm.md\/wp-content\/uploads\/2021\/12\/icopdf-min-300x300.png 300w, https:\/\/proterm.md\/wp-content\/uploads\/2021\/12\/icopdf-min-150x150.png 150w, https:\/\/proterm.md\/wp-content\/uploads\/2021\/12\/icopdf-min-250x250.png 250w, https:\/\/proterm.md\/wp-content\/uploads\/2021\/12\/icopdf-min-450x450.png 450w, https:\/\/proterm.md\/wp-content\/uploads\/2021\/12\/icopdf-min-500x500.png 500w, https:\/\/proterm.md\/wp-content\/uploads\/2021\/12\/icopdf-min-100x100.png 100w, https:\/\/proterm.md\/wp-content\/uploads\/2021\/12\/icopdf-min.png 512w\" sizes=\"(max-width: 40px) 100vw, 40px\" \/>Instructiuni<\/a><\/p>\n","protected":false},"featured_media":17668,"template":"","meta":{"_joinchat":[]},"product_brand":[],"product_cat":[681,123],"product_tag":[2176],"class_list":{"0":"post-17327","1":"product","2":"type-product","3":"status-publish","4":"has-post-thumbnail","6":"product_cat-solutii_antiinghet_antigel","7":"product_cat-piese_de_schimb_centrale_termice","8":"product_tag-pni","10":"first","11":"instock","12":"shipping-taxable","13":"product-type-simple"},"_links":{"self":[{"href":"https:\/\/proterm.md\/ro\/wp-json\/wp\/v2\/product\/17327","targetHints":{"allow":["GET"]}}],"collection":[{"href":"https:\/\/proterm.md\/ro\/wp-json\/wp\/v2\/product"}],"about":[{"href":"https:\/\/proterm.md\/ro\/wp-json\/wp\/v2\/types\/product"}],"wp:featuredmedia":[{"embeddable":true,"href":"https:\/\/proterm.md\/ro\/wp-json\/wp\/v2\/media\/17668"}],"wp:attachment":[{"href":"https:\/\/proterm.md\/ro\/wp-json\/wp\/v2\/media?parent=17327"}],"wp:term":[{"taxonomy":"product_brand","embeddable":true,"href":"https:\/\/proterm.md\/ro\/wp-json\/wp\/v2\/product_brand?post=17327"},{"taxonomy":"product_cat","embeddable":true,"href":"https:\/\/proterm.md\/ro\/wp-json\/wp\/v2\/product_cat?post=17327"},{"taxonomy":"product_tag","embeddable":true,"href":"https:\/\/proterm.md\/ro\/wp-json\/wp\/v2\/product_tag?post=17327"}],"curies":[{"name":"wp","href":"https:\/\/api.w.org\/{rel}","templated":true}]}}