{"id":17330,"date":"2026-04-06T13:34:34","date_gmt":"2026-04-06T11:34:34","guid":{"rendered":"https:\/\/proterm.md\/?post_type=product&#038;p=17330"},"modified":"2026-04-06T13:34:34","modified_gmt":"2026-04-06T11:34:34","slug":"vas-de-expansiune-2l-1-2-varem","status":"publish","type":"product","link":"https:\/\/proterm.md\/ro\/product\/vas-de-expansiune-2l-1-2-varem\/","title":{"rendered":"Vas de expansiune 2L 1\/2&#8243; Varem"},"content":{"rendered":"<div class=\"wpb-content-wrapper\"><p>[vc_row][vc_column][vc_column_text css_animation=&#8221;bounceIn&#8221; text_larger=&#8221;no&#8221;]<\/p>\n<p data-start=\"110\" data-end=\"597\">Vasul de expansiune pentru ap\u0103 potabil\u0103 are o capacitate dela 1 la 400 litri atunci c\u00e2nd este umplut \u0219i este recomandat pentru utilizarea \u00een sisteme de \u00eenc\u0103lzire, r\u0103cire \u0219i alimentare cu ap\u0103 potabil\u0103. Modelul de 12 litri este prev\u0103zut cu o membran\u0103 fix\u0103, fiind ideal pentru instala\u021biile de ap\u0103 cald\u0103 menajer\u0103. Corpul vasului este realizat din o\u021bel carbon \u0219i acoperit cu vopsea epoxidic\u0103-poliesteric\u0103 alb\u0103, oferind un aspect estetic \u0219i modern. Flan\u0219a este fabricat\u0103 din o\u021bel inoxidabil rezistent.<\/p>\n<p data-start=\"599\" data-end=\"1183\">Vasul de expansiune alb <strong data-start=\"623\" data-end=\"640\">Extravarem LC<\/strong> pentru ap\u0103 potabil\u0103 func\u021bioneaz\u0103 f\u0103r\u0103 probleme \u00eentr-un interval de temperatur\u0103 cuprins \u00eentre -10 \u00b0C \u0219i 99 \u00b0C. Racordul are filet de 1\/2&#8243; sau 3\/4&#8243;. Presiunea ini\u021bial\u0103 este setat\u0103 \u00eentre 1 \u0219i 1,5 bar. Aerul din interiorul vasului ac\u021bioneaz\u0103 ca un amortizor, prevenind varia\u021biile bru\u0219te de presiune cauzate de cre\u0219terea temperaturii. Presiunea maxim\u0103 admis\u0103 este de 8 bar. Vasul dispune de o camer\u0103 special\u0103 pentru protec\u021bia sistemelor de \u00eenc\u0103lzire a apei \u00eempotriva suprapresiunii \u0219i este echipat cu o membran\u0103 fix\u0103 \u0219i o flan\u0219\u0103 ondulat\u0103 din inox.<\/p>\n<p data-start=\"1185\" data-end=\"1538\">Instalarea este rapid\u0103 \u0219i simpl\u0103, ceea ce face acest model o alegere excelent\u0103 pentru locuin\u021be \u0219i cl\u0103diri reziden\u021biale. Datorit\u0103 u\u0219urin\u021bei \u00een montaj, este unul dintre cele mai populare vase de expansiune pentru ap\u0103 potabil\u0103 din Marea Britanie. \u00cen magazinul nostru g\u0103si\u021bi \u0219i alte variante de volum, adaptate bugetului \u0219i nevoilor locuin\u021bei dumneavoastr\u0103.<\/p>\n<p data-start=\"1540\" data-end=\"1574\"><strong data-start=\"1540\" data-end=\"1572\">Caracteristici \u0219i beneficii:<\/strong><\/p>\n<ul data-start=\"1575\" data-end=\"1775\">\n<li data-start=\"1575\" data-end=\"1616\">\n<p data-start=\"1577\" data-end=\"1616\">Vas de expansiune pentru ap\u0103 potabil\u0103<\/p>\n<\/li>\n<li data-start=\"1617\" data-end=\"1683\">\n<p data-start=\"1619\" data-end=\"1683\">Membran\u0103 fix\u0103, ideal pentru instala\u021biile de ap\u0103 cald\u0103 menajer\u0103<\/p>\n<\/li>\n<li data-start=\"1684\" data-end=\"1775\">\n<p data-start=\"1686\" data-end=\"1775\">Corp din o\u021bel carbon, acoperire alb\u0103 epoxidic\u0103-poliesteric\u0103, flan\u0219\u0103 din o\u021bel inoxidabil<\/p>\n<\/li>\n<\/ul>\n<p>Produsele Varem sunt cunoscute pentru fiabilitate, calitate \u00eenalt\u0103 a materialelor \u0219i respectarea standardelor interna\u021bionale (de ex. CE, PED, WRAS).[\/vc_column_text][\/vc_column][\/vc_row]<\/p>\n<\/div>","protected":false},"excerpt":{"rendered":"<p>Capacitate: Vas de expansiune de 2 litri<br \/>\nTemperatur\u0103 maxim\u0103 a sistemului:-10 99\u00baC<br \/>\nPresiune maxim\u0103 a vasului: 8 bar<br \/>\nRacord: 1\/2&#8243;M<br \/>\nPre\u00eenc\u0103rcat la 1 &#8211; 1,5 bar<br \/>\nDimensiuni: 237mm Inaltime x 125mm<br \/>\nTara producatoare &#8211; Italia<\/p>\n","protected":false},"featured_media":17331,"template":"","meta":{"_joinchat":[]},"product_brand":[],"product_cat":[123,60],"product_tag":[],"class_list":{"0":"post-17330","1":"product","2":"type-product","3":"status-publish","4":"has-post-thumbnail","6":"product_cat-piese_de_schimb_centrale_termice","7":"product_cat-vas_expansiune","8":"pa_expansion-tank-volume-2175","10":"first","11":"instock","12":"shipping-taxable","13":"product-type-simple"},"_links":{"self":[{"href":"https:\/\/proterm.md\/ro\/wp-json\/wp\/v2\/product\/17330","targetHints":{"allow":["GET"]}}],"collection":[{"href":"https:\/\/proterm.md\/ro\/wp-json\/wp\/v2\/product"}],"about":[{"href":"https:\/\/proterm.md\/ro\/wp-json\/wp\/v2\/types\/product"}],"wp:featuredmedia":[{"embeddable":true,"href":"https:\/\/proterm.md\/ro\/wp-json\/wp\/v2\/media\/17331"}],"wp:attachment":[{"href":"https:\/\/proterm.md\/ro\/wp-json\/wp\/v2\/media?parent=17330"}],"wp:term":[{"taxonomy":"product_brand","embeddable":true,"href":"https:\/\/proterm.md\/ro\/wp-json\/wp\/v2\/product_brand?post=17330"},{"taxonomy":"product_cat","embeddable":true,"href":"https:\/\/proterm.md\/ro\/wp-json\/wp\/v2\/product_cat?post=17330"},{"taxonomy":"product_tag","embeddable":true,"href":"https:\/\/proterm.md\/ro\/wp-json\/wp\/v2\/product_tag?post=17330"}],"curies":[{"name":"wp","href":"https:\/\/api.w.org\/{rel}","templated":true}]}}