{"id":17364,"date":"2025-10-27T15:24:23","date_gmt":"2025-10-27T13:24:23","guid":{"rendered":"https:\/\/proterm.md\/?post_type=product&#038;p=17364"},"modified":"2025-11-03T12:25:08","modified_gmt":"2025-11-03T10:25:08","slug":"servomotor-mut-as-250-75-230-oo","status":"publish","type":"product","link":"https:\/\/proterm.md\/ro\/product\/servomotor-mut-as-250-75-230-oo\/","title":{"rendered":"Servomotor MUT AS 250\/75\/230\/OO"},"content":{"rendered":"<div class=\"wpb-content-wrapper\"><p>[vc_row][vc_column][vc_column_text text_larger=&#8221;no&#8221;]\u00cen magazinul nostru online www.proterm.md , pute\u021bi cump\u0103ra oric\u00e2nd Servomotoare MUT pentru montare pe vana (articol AS 250 230\/00) sau pute\u021bi comanda orice arm\u0103turi care v\u0103 intereseaz\u0103 de la produc\u0103torul MUT. Este foarte u\u0219or s\u0103 cump\u0103ra\u021bi sau s\u0103 comanda\u021bi fitinguri MUT, pentru aceasta trebuie s\u0103 suna\u021bi la (373) 60-79-70-79 sau s\u0103 scrie\u021bi la protermgrup@gmail.com \u0219i v\u0103 vom ajuta mereu s\u0103 cump\u0103ra\u021bi fitingurile de care ave\u021bi nevoie de la produc\u0103torul italian MUT. Expedierea se efectueaz\u0103 dup\u0103 ce fondurile au fost primite \u00een contul bancar sau a fost furnizat\u0103 o copie a ordinului de plat\u0103 \u00een valoare de 50% din cost. Livrarea se face in magazinul Proterm, Chisinau, Nadezhda Russo 2\/4.[\/vc_column_text][\/vc_column][\/vc_row]<\/p>\n<\/div>","protected":false},"excerpt":{"rendered":"<p>Max. cursa tijei 17 mm<br \/>\nMax. forta 250 +\/- 10% N<br \/>\nConsum de energie 4,2 VA<br \/>\nClasa de protectie IP 44<br \/>\nMicro\u00eentrerup\u0103toare 3A 250V<br \/>\nMax. temperatura ambiant\u0103 miercur 50 C<br \/>\nGreutate 1,1 kg<br \/>\nTimp de pozitionare: 75 sec.<br \/>\nProducator MUT MECCANICA TOVO S.p.A.<br \/>\n\u021aara &#8211; Italia<\/p>\n<p>Servomotorul poate fi controlat\u0103 manual folosind \u0219urubul de deblocare \u0219i m\u00e2nerul rotativ . Pentru a readuce controlul supapei de la antrenare, este necesar s\u0103 \u00een\u0219uruba\u021bi \u0219urubul \u00een canelura de pe m\u00e2ner. \u00cen versiunea reglabil\u0103, controlul manual poate fi activat prin \u00eendep\u0103rtarea capacului unit\u0103\u021bii \u0219i folosind cheia hexagonal\u0103.<\/p>\n<p><a href=\"https:\/\/proterm.md\/wp-content\/uploads\/2025\/04\/AS-250.pdf\" target=\"_blank\" rel=\"noopener\"><img decoding=\"async\" class=\"alignnone wp-image-7559\" src=\"https:\/\/proterm.md\/wp-content\/uploads\/2021\/12\/icopdf-min-250x250.png\" alt=\"\" width=\"32\" height=\"32\" srcset=\"https:\/\/proterm.md\/wp-content\/uploads\/2021\/12\/icopdf-min-250x250.png 250w, https:\/\/proterm.md\/wp-content\/uploads\/2021\/12\/icopdf-min-150x150.png 150w, https:\/\/proterm.md\/wp-content\/uploads\/2021\/12\/icopdf-min-450x450.png 450w, https:\/\/proterm.md\/wp-content\/uploads\/2021\/12\/icopdf-min-300x300.png 300w, https:\/\/proterm.md\/wp-content\/uploads\/2021\/12\/icopdf-min-500x500.png 500w, https:\/\/proterm.md\/wp-content\/uploads\/2021\/12\/icopdf-min-100x100.png 100w, https:\/\/proterm.md\/wp-content\/uploads\/2021\/12\/icopdf-min.png 512w\" sizes=\"(max-width: 32px) 100vw, 32px\" \/>Date tehnice<\/a><\/p>\n<p>&nbsp;<\/p>\n","protected":false},"featured_media":16519,"template":"","meta":{"_joinchat":[]},"product_brand":[],"product_cat":[42],"product_tag":[571],"class_list":{"0":"post-17364","1":"product","2":"type-product","3":"status-publish","4":"has-post-thumbnail","6":"product_cat-automatizari_elemente_de_actionare","7":"product_tag-mut-meccanica-tovo","8":"pa_brand-mut-meccanica-tovo-logo","10":"first","11":"instock","12":"shipping-taxable","13":"product-type-simple"},"_links":{"self":[{"href":"https:\/\/proterm.md\/ro\/wp-json\/wp\/v2\/product\/17364","targetHints":{"allow":["GET"]}}],"collection":[{"href":"https:\/\/proterm.md\/ro\/wp-json\/wp\/v2\/product"}],"about":[{"href":"https:\/\/proterm.md\/ro\/wp-json\/wp\/v2\/types\/product"}],"wp:featuredmedia":[{"embeddable":true,"href":"https:\/\/proterm.md\/ro\/wp-json\/wp\/v2\/media\/16519"}],"wp:attachment":[{"href":"https:\/\/proterm.md\/ro\/wp-json\/wp\/v2\/media?parent=17364"}],"wp:term":[{"taxonomy":"product_brand","embeddable":true,"href":"https:\/\/proterm.md\/ro\/wp-json\/wp\/v2\/product_brand?post=17364"},{"taxonomy":"product_cat","embeddable":true,"href":"https:\/\/proterm.md\/ro\/wp-json\/wp\/v2\/product_cat?post=17364"},{"taxonomy":"product_tag","embeddable":true,"href":"https:\/\/proterm.md\/ro\/wp-json\/wp\/v2\/product_tag?post=17364"}],"curies":[{"name":"wp","href":"https:\/\/api.w.org\/{rel}","templated":true}]}}