{"id":17412,"date":"2025-11-28T09:37:05","date_gmt":"2025-11-28T07:37:05","guid":{"rendered":"https:\/\/proterm.md\/?post_type=product&#038;p=17412"},"modified":"2025-11-28T12:14:16","modified_gmt":"2025-11-28T10:14:16","slug":"pompa-de-circulatie-antares-apmn-32-120-180","status":"publish","type":"product","link":"https:\/\/proterm.md\/ro\/product\/pompa-de-circulatie-antares-apmn-32-120-180\/","title":{"rendered":"Pompa de circulatie Antares APMN 32-120 180"},"content":{"rendered":"<div class=\"wpb-content-wrapper\"><p>[vc_row][vc_column][vc_column_text css_animation=&#8221;none&#8221; css=&#8221;&#8221; text_larger=&#8221;no&#8221;]<b><span style=\"color: #0066ff;\">Pomp\u0103 de circula\u021bie AlfaPlus cu rotor umed, cu eficien\u021b\u0103 ridicat\u0103 certificat\u0103 \u0219i control PWM, potrivit\u0103 pentru pompe de c\u0103ldur\u0103, echipat\u0103 cu panou electronic frontal. Livrat\u0103 complet cu carcas\u0103 izolatoare.<\/span><\/b><\/p>\n<p><i><span style=\"color: #000000;\">Conform directivei europene 200\/125\/CE. Debit \u0219i \u00een\u0103l\u021bime de pompare conform tabelului.\u00a0 \u00cen\u0103l\u021bime 180 mm. Putere 360 W. <strong>Clasa de eficien\u021b\u0103 energetic\u0103 &#8211; A<\/strong><\/span><\/i>[\/vc_column_text][\/vc_column][\/vc_row]<\/p>\n<\/div>","protected":false},"excerpt":{"rendered":"<p>Racord filetat G 1 1\/2\u2033M<br \/>\nDebit max. 14 m\u00b3\/ora<br \/>\nInaltimea pomparii max. &#8211; 12m<br \/>\nLungime de montare 180 mm<br \/>\nTensiune 1x230V<br \/>\nPutere min\/max 126-360W<br \/>\nPresiune de lucru max. 10 bar<br \/>\nProtec\u021bie integrat\u0103 a motorului<br \/>\nTemperatura minima a lichidului &#8211; 20\u00b0C<br \/>\nTemperatura maximala a lichidului +110\u00b0C<br \/>\nClasa de siguranta &#8211; IP44<br \/>\nCutie electric\u0103 cu radiator mare , cu stator electric umplut cu r\u0103\u0219in\u0103 epoxidic\u0103 pentru a evita condensul \u0219i a \u00eembun\u0103t\u0103\u021bi r\u0103cirea motorului.<br \/>\nStandart EMC &#8211; GB 4343,2 GB 4343,2 GB 17625,1 GB 17625,2<\/p>\n<p><img decoding=\"async\" class=\"alignnone size-full wp-image-7710\" src=\"https:\/\/proterm.md\/wp-content\/uploads\/2021\/02\/pdf.png\" alt=\"PDF download\" width=\"40\" height=\"40\" \/><a href=\"https:\/\/proterm.md\/wp-content\/uploads\/2025\/11\/Antares-AlfaPlus-32120180.pdf\" target=\"_blank\" rel=\"noopener\">Date tehnice<\/a><\/p>\n<p>&nbsp;<\/p>\n","protected":false},"featured_media":17413,"template":"","meta":{"_joinchat":[]},"product_brand":[],"product_cat":[62,40],"product_tag":[2342],"class_list":{"0":"post-17412","1":"product","2":"type-product","3":"status-publish","4":"has-post-thumbnail","6":"product_cat-pompa_circulatie","7":"product_cat-pompa_apa","8":"product_tag-antares","9":"pa_brand-antares","10":"pa_maximum-productivity-738","11":"pa_pumping-height-2421","13":"first","14":"instock","15":"shipping-taxable","16":"product-type-simple"},"_links":{"self":[{"href":"https:\/\/proterm.md\/ro\/wp-json\/wp\/v2\/product\/17412","targetHints":{"allow":["GET"]}}],"collection":[{"href":"https:\/\/proterm.md\/ro\/wp-json\/wp\/v2\/product"}],"about":[{"href":"https:\/\/proterm.md\/ro\/wp-json\/wp\/v2\/types\/product"}],"wp:featuredmedia":[{"embeddable":true,"href":"https:\/\/proterm.md\/ro\/wp-json\/wp\/v2\/media\/17413"}],"wp:attachment":[{"href":"https:\/\/proterm.md\/ro\/wp-json\/wp\/v2\/media?parent=17412"}],"wp:term":[{"taxonomy":"product_brand","embeddable":true,"href":"https:\/\/proterm.md\/ro\/wp-json\/wp\/v2\/product_brand?post=17412"},{"taxonomy":"product_cat","embeddable":true,"href":"https:\/\/proterm.md\/ro\/wp-json\/wp\/v2\/product_cat?post=17412"},{"taxonomy":"product_tag","embeddable":true,"href":"https:\/\/proterm.md\/ro\/wp-json\/wp\/v2\/product_tag?post=17412"}],"curies":[{"name":"wp","href":"https:\/\/api.w.org\/{rel}","templated":true}]}}