{"id":17416,"date":"2025-11-28T11:29:30","date_gmt":"2025-11-28T09:29:30","guid":{"rendered":"https:\/\/proterm.md\/?post_type=product&#038;p=17416"},"modified":"2025-11-28T12:14:03","modified_gmt":"2025-11-28T10:14:03","slug":"pompa-de-circulatie-antares-alfamega-50-8","status":"publish","type":"product","link":"https:\/\/proterm.md\/ro\/product\/pompa-de-circulatie-antares-alfamega-50-8\/","title":{"rendered":"Pompa de circulatie Antares AlfaMega 50-8"},"content":{"rendered":"<div class=\"wpb-content-wrapper\"><p>[vc_row][vc_column][vc_column_text css_animation=&#8221;none&#8221; css=&#8221;&#8221; text_larger=&#8221;no&#8221;]<\/p>\n<table border=\"0\" width=\"100%\" cellspacing=\"3\">\n<tbody>\n<tr>\n<td class=\"unnamed1\" align=\"left\" valign=\"middle\"><b><span style=\"color: #0066ff;\">Pompa de circulatie ANTARES tip AlfaMega 50-8 cu flansa DN50 cu ridicata eficienta energetica cu rotor umed si priza control PWM. Monofazica 240 Vac cu modulare de frecventa &#8211; Debit max 28 m3 &#8211; Prevalenta 8mt<\/span><\/b><\/p>\n<p><i><span style=\"color: #000000;\">Cu functie AUTO ADAPT, control presiune proportionala, control presiune constanta, control debit constant. Corp fonta. Protectie IP42<\/span><\/i><\/td>\n<\/tr>\n<\/tbody>\n<\/table>\n<p><i><span style=\"color: #000000;\"><strong>Clasa de eficien\u021b\u0103 energetic\u0103 &#8211; A<\/strong><\/span><\/i>[\/vc_column_text][\/vc_column][\/vc_row]<\/p>\n<\/div>","protected":false},"excerpt":{"rendered":"<p>ANTARES \u201eAlfaMega\u201d 50-8 Pomp\u0103 de circula\u021bie de \u00eenalt\u0103 eficien\u021b\u0103, rotor umed, flan\u0219\u0103 DN 50, 230V<\/p>\n<p>Pomp\u0103 de circula\u021bie PWM cu debit mare \u0219i eficien\u021b\u0103 ridicat\u0103<br \/>\nMonofazat\u0103, 230 V c.a. cu modula\u021bie de frecven\u021b\u0103.<br \/>\nPutere W: 330.<br \/>\nDebit maxim: 28 m3\/h<br \/>\n\u00cen\u0103l\u021bime de pompare 8 m.<br \/>\nCorp din font\u0103.<br \/>\nDistan\u021b\u0103 \u00eentre centre: 240 mm.<br \/>\nFlan\u0219\u0103: DN50<\/p>\n<p>Cu control propor\u021bional al presiunii, control constant al presiunii<br \/>\nConform directivelor europene ERP cu indice de eficien\u021b\u0103 energetic\u0103 &lt; 0,23 \u25b8 Modula\u021bie de frecven\u021b\u0103, cu regulator PWM1 sau PWM2 care poate fi setat pentru reglare extern\u0103.<\/p>\n<p>DATE TEHNICE: \u25b8 Temperatura maxim\u0103 a lichidului pompat: -20\u00b0 \u2013 110\u00b0 C<br \/>\n\u25b8 Cu stator electric umplut cu r\u0103\u0219in\u0103 epoxidic\u0103 pentru a evita condensul \u0219i pentru a \u00eembun\u0103t\u0103\u021bi r\u0103cirea motorului.<\/p>\n<p>DATE GENERALE:<br \/>\n\u25b8 Tensiune 230 Vac<br \/>\n\u25b8 Presiune maxim\u0103: 10 bar \u25b8 Nivel de protec\u021bie: IP 44<br \/>\n\u25b8 Cu regulator PWM1 sau PWM2 selectabil pentru reglare extern\u0103<\/p>\n<p><img decoding=\"async\" class=\"alignnone size-full wp-image-7710\" src=\"https:\/\/proterm.md\/wp-content\/uploads\/2021\/02\/pdf.png\" alt=\"PDF download\" width=\"40\" height=\"40\" \/><a href=\"https:\/\/proterm.md\/wp-content\/uploads\/2025\/11\/Pompa-de-circulatie-AlfMega.pdf\" target=\"_blank\" rel=\"noopener\">Date tehnice<\/a><\/p>\n<p>&nbsp;<\/p>\n","protected":false},"featured_media":17418,"template":"","meta":{"_joinchat":[]},"product_brand":[],"product_cat":[62,40],"product_tag":[2342],"class_list":{"0":"post-17416","1":"product","2":"type-product","3":"status-publish","4":"has-post-thumbnail","6":"product_cat-pompa_circulatie","7":"product_cat-pompa_apa","8":"product_tag-antares","9":"pa_brand-antares","10":"pa_maximum-productivity-291","11":"pa_pumping-height-292","13":"first","14":"instock","15":"shipping-taxable","16":"product-type-simple"},"_links":{"self":[{"href":"https:\/\/proterm.md\/ro\/wp-json\/wp\/v2\/product\/17416","targetHints":{"allow":["GET"]}}],"collection":[{"href":"https:\/\/proterm.md\/ro\/wp-json\/wp\/v2\/product"}],"about":[{"href":"https:\/\/proterm.md\/ro\/wp-json\/wp\/v2\/types\/product"}],"wp:featuredmedia":[{"embeddable":true,"href":"https:\/\/proterm.md\/ro\/wp-json\/wp\/v2\/media\/17418"}],"wp:attachment":[{"href":"https:\/\/proterm.md\/ro\/wp-json\/wp\/v2\/media?parent=17416"}],"wp:term":[{"taxonomy":"product_brand","embeddable":true,"href":"https:\/\/proterm.md\/ro\/wp-json\/wp\/v2\/product_brand?post=17416"},{"taxonomy":"product_cat","embeddable":true,"href":"https:\/\/proterm.md\/ro\/wp-json\/wp\/v2\/product_cat?post=17416"},{"taxonomy":"product_tag","embeddable":true,"href":"https:\/\/proterm.md\/ro\/wp-json\/wp\/v2\/product_tag?post=17416"}],"curies":[{"name":"wp","href":"https:\/\/api.w.org\/{rel}","templated":true}]}}