{"id":17526,"date":"2025-12-05T11:51:48","date_gmt":"2025-12-05T09:51:48","guid":{"rendered":"https:\/\/proterm.md\/?post_type=product&#038;p=17526"},"modified":"2025-12-05T11:52:10","modified_gmt":"2025-12-05T09:52:10","slug":"curba-de-fixare-teava-podea-calda","status":"publish","type":"product","link":"https:\/\/proterm.md\/ro\/product\/curba-de-fixare-teava-podea-calda\/","title":{"rendered":"Curba de fixare teava"},"content":{"rendered":"<div class=\"wpb-content-wrapper\"><p>[vc_row][vc_column][vc_column_text css_animation=&#8221;none&#8221; css=&#8221;&#8221; text_larger=&#8221;no&#8221;]Curba de fixare pentru \u021beav\u0103 de \u00eenc\u0103lzire \u00een pardoseal\u0103 este un element esen\u021bial \u00een sistemele de \u00eenc\u0103lzire prin pardoseal\u0103, folosit pentru a ghida \u0219i fixa \u021beava \u00een zonele unde aceasta trebuie s\u0103 formeze un unghi sau o \u00eentoarcere, \u00een special \u00een col\u021buri sau la capetele circuitelor.<\/p>\n<ul>\n<li>Instalare rapid\u0103 \u0219i sigur\u0103<\/li>\n<li>Prelunge\u0219te durata de via\u021b\u0103 a \u021bevii<\/li>\n<li>Asigur\u0103 respectarea razei minime de curbur\u0103 recomandate de produc\u0103tor<\/li>\n<li>Reduce riscul de zgomote sau vibra\u021bii \u00een sistem<\/li>\n<\/ul>\n<p>[\/vc_column_text][\/vc_column][\/vc_row]<\/p>\n<\/div>","protected":false},"excerpt":{"rendered":"<p>Material &#8211; Plastic rezistent (culoare -negru)<br \/>\nCompatibilitate: \u021aevi PEX, PERT, PEX-AL-PEX cu diametre uzuale 16 mm<br \/>\nUnghi de ghidare: 90\u00b0 (standard), dar exist\u0103 \u0219i variante reglabile<br \/>\nMontaj: Se fixeaz\u0103 pe izola\u021bia termic\u0103 sau pe pl\u0103cile cu nuturi, f\u0103r\u0103 unelte speciale<br \/>\n. Previne \u00eendoirea excesiv\u0103 a \u021bevii (sub raza minim\u0103 admis\u0103)<br \/>\n. Asigur\u0103 o curgere lin\u0103 a agentului termic<br \/>\n. Protejeaz\u0103 \u021beava de deform\u0103ri sau colaps \u00een zonele de curb\u0103<br \/>\n. Men\u021bine distan\u021ba corect\u0103 \u00eentre \u021bevi<br \/>\n. Instalare rapid\u0103 \u0219i sigur\u0103<br \/>\n. Prelunge\u0219te durata de via\u021b\u0103 a \u021bevii<br \/>\n. Asigur\u0103 respectarea razei minime de curbur\u0103 recomandate de produc\u0103tor<br \/>\n. Reduce riscul de zgomote sau vibra\u021bii \u00een sistem<\/p>\n","protected":false},"featured_media":17527,"template":"","meta":{"_joinchat":[]},"product_brand":[],"product_cat":[37,68,342,2424],"product_tag":[],"class_list":{"0":"post-17526","1":"product","2":"type-product","3":"status-publish","4":"has-post-thumbnail","6":"product_cat-sisteme_apeduct_canalizare","7":"product_cat-teava-metaloplast","8":"product_cat-tevi_fitinguri_metaloplast","9":"product_cat-teavapardoseaincalzira","10":"pa_diametru-408","12":"first","13":"instock","14":"shipping-taxable","15":"product-type-simple"},"_links":{"self":[{"href":"https:\/\/proterm.md\/ro\/wp-json\/wp\/v2\/product\/17526","targetHints":{"allow":["GET"]}}],"collection":[{"href":"https:\/\/proterm.md\/ro\/wp-json\/wp\/v2\/product"}],"about":[{"href":"https:\/\/proterm.md\/ro\/wp-json\/wp\/v2\/types\/product"}],"wp:featuredmedia":[{"embeddable":true,"href":"https:\/\/proterm.md\/ro\/wp-json\/wp\/v2\/media\/17527"}],"wp:attachment":[{"href":"https:\/\/proterm.md\/ro\/wp-json\/wp\/v2\/media?parent=17526"}],"wp:term":[{"taxonomy":"product_brand","embeddable":true,"href":"https:\/\/proterm.md\/ro\/wp-json\/wp\/v2\/product_brand?post=17526"},{"taxonomy":"product_cat","embeddable":true,"href":"https:\/\/proterm.md\/ro\/wp-json\/wp\/v2\/product_cat?post=17526"},{"taxonomy":"product_tag","embeddable":true,"href":"https:\/\/proterm.md\/ro\/wp-json\/wp\/v2\/product_tag?post=17526"}],"curies":[{"name":"wp","href":"https:\/\/api.w.org\/{rel}","templated":true}]}}