{"id":17531,"date":"2025-12-08T12:35:38","date_gmt":"2025-12-08T10:35:38","guid":{"rendered":"https:\/\/proterm.md\/?post_type=product&#038;p=17531"},"modified":"2025-12-08T12:43:58","modified_gmt":"2025-12-08T10:43:58","slug":"reductor-de-presiune-cu-piston-si-manometru","status":"publish","type":"product","link":"https:\/\/proterm.md\/ro\/product\/reductor-de-presiune-cu-piston-si-manometru\/","title":{"rendered":"Reductor de presiune cu piston \u0219i manometru 3\/4&#8243; XF 832C"},"content":{"rendered":"<div class=\"wpb-content-wrapper\"><p>[vc_row][vc_column][vc_column_text css=&#8221;&#8221; text_larger=&#8221;no&#8221;]Reductorul de presiune XF 832C este destinat pentru instalarea \u00een sistemele de alimentare cu ap\u0103 \u0219i \u00eenc\u0103lzire, av\u00e2nd rolul de a reduce \u0219i stabiliza presiunea la ie\u0219ire. Este echipat cu un manometru integrat pentru control vizual al presiunii \u0219i cu un mecanism pe baz\u0103 de piston, care asigur\u0103 o func\u021bionare fiabil\u0103 \u0219i de lung\u0103 durat\u0103.[\/vc_column_text][\/vc_column][\/vc_row]<\/p>\n<\/div>","protected":false},"excerpt":{"rendered":"<p><strong data-start=\"34\" data-end=\"55\">Tip de conectare:<\/strong> 3\/4&#8243; (filet interior)<br data-start=\"77\" data-end=\"80\" data-is-only-node=\"\" \/><strong data-start=\"80\" data-end=\"123\">Temperatura maxim\u0103 a mediului de lucru:<\/strong> +80 \u00b0C<br data-start=\"130\" data-end=\"133\" \/><strong data-start=\"133\" data-end=\"165\">Presiunea maxim\u0103 la intrare:<\/strong> 7,5 bar<br data-start=\"173\" data-end=\"176\" \/><strong data-start=\"176\" data-end=\"221\">Setare din fabric\u0103 a presiunii de ie\u0219ire:<\/strong> 3 bar<br data-start=\"227\" data-end=\"230\" \/><strong data-start=\"230\" data-end=\"276\">Domeniul de reglare a presiunii de ie\u0219ire:<\/strong> 1\u20136 bar<br data-start=\"284\" data-end=\"287\" \/><strong data-start=\"287\" data-end=\"311\">Materialul carcasei:<\/strong> alam\u0103 (nichelat\u0103\/cromat\u0103, \u00een func\u021bie de model)<br data-start=\"358\" data-end=\"361\" \/><strong data-start=\"361\" data-end=\"376\">Destina\u021bie:<\/strong> pentru ap\u0103 rece \u0219i cald\u0103, lichide neagresive<\/p>\n","protected":false},"featured_media":17532,"template":"","meta":{"_joinchat":[]},"product_brand":[],"product_cat":[115,71],"product_tag":[],"class_list":{"0":"post-17531","1":"product","2":"type-product","3":"status-publish","4":"has-post-thumbnail","6":"product_cat-reductor_presiune","7":"product_cat-robineti_racorduri","8":"pa_filet-3-4","9":"pa_thread-type-inside","11":"first","12":"instock","13":"sale","14":"shipping-taxable","15":"product-type-simple"},"_links":{"self":[{"href":"https:\/\/proterm.md\/ro\/wp-json\/wp\/v2\/product\/17531","targetHints":{"allow":["GET"]}}],"collection":[{"href":"https:\/\/proterm.md\/ro\/wp-json\/wp\/v2\/product"}],"about":[{"href":"https:\/\/proterm.md\/ro\/wp-json\/wp\/v2\/types\/product"}],"wp:featuredmedia":[{"embeddable":true,"href":"https:\/\/proterm.md\/ro\/wp-json\/wp\/v2\/media\/17532"}],"wp:attachment":[{"href":"https:\/\/proterm.md\/ro\/wp-json\/wp\/v2\/media?parent=17531"}],"wp:term":[{"taxonomy":"product_brand","embeddable":true,"href":"https:\/\/proterm.md\/ro\/wp-json\/wp\/v2\/product_brand?post=17531"},{"taxonomy":"product_cat","embeddable":true,"href":"https:\/\/proterm.md\/ro\/wp-json\/wp\/v2\/product_cat?post=17531"},{"taxonomy":"product_tag","embeddable":true,"href":"https:\/\/proterm.md\/ro\/wp-json\/wp\/v2\/product_tag?post=17531"}],"curies":[{"name":"wp","href":"https:\/\/api.w.org\/{rel}","templated":true}]}}