{"id":17646,"date":"2026-01-26T16:44:03","date_gmt":"2026-01-26T14:44:03","guid":{"rendered":"https:\/\/proterm.md\/?post_type=product&#038;p=17646"},"modified":"2026-01-26T16:55:58","modified_gmt":"2026-01-26T14:55:58","slug":"arzatoare-cu-gaz-fbr-x5ce-tl-cesx90-11-4","status":"publish","type":"product","link":"https:\/\/proterm.md\/ro\/product\/arzatoare-cu-gaz-fbr-x5ce-tl-cesx90-11-4\/","title":{"rendered":"Arzator cu gaz X5CE TL + CESX90 11\/4"},"content":{"rendered":"<div class=\"wpb-content-wrapper\"><p>[vc_row][vc_column][vc_column_text css_animation=&#8221;bounceIn&#8221; css=&#8221;&#8221; woodmart_color_scheme=&#8221;dark&#8221; text_larger=&#8221;no&#8221;]Arz\u0103tor pe gaz \u00een dou\u0103 trepte cu o capacitate de la 151 la 349 kW.<br \/>\nFitinguri de gaz utilizate pentru arz\u0103toare &lt; 1,2 MW (nu are dispozitiv de detectare a scurgerilor sau presostat maxim de gaz).<br \/>\nEchipat cu un tub lung de flac\u0103r\u0103.<br \/>\nInclude fitinguri de gaz.<\/p>\n<p>Arz\u0103toare pe gaz ,productia Italia, din seria GAS X de F.B.R. Bruciatori sunt cei mai respecta\u021bi \u0219i recunoscu\u021bi din \u00eentreaga lume. O cerere at\u00e2t de mare pentru ele, desigur, este asociat\u0103 cu caracteristicile remarcabile pe care le au aceste arz\u0103toare. Arz\u0103toarele pe gaz din Italia stabilesc standardul pentru performan\u021be ridicate, fiabilitate, durabilitate \u0219i eficien\u021b\u0103 energetic\u0103.[\/vc_column_text][\/vc_column][\/vc_row]<\/p>\n<\/div>","protected":false},"excerpt":{"rendered":"<p>GAZ X5 CE TL &#8211; Putere min.151 max.349 kW<\/p>\n<p>Produc\u0103tor: FBR<br \/>\nPutere minim\u0103 de \u00eenc\u0103lzire [kW]: 151<br \/>\nPutere maxim\u0103 de \u00eenc\u0103lzire [kW]: 349<br \/>\nTip de control: \u00cen dou\u0103 etape<br \/>\nCombustibil: Gaz \/ Gaz lichefiat<br \/>\nDebit minim (metri cubi standard\/or\u0103): 15,2<br \/>\nDebit maxim (metri cubi standard\/or\u0103): 35<\/p>\n<h4><img decoding=\"async\" class=\"alignnone wp-image-7559\" src=\"https:\/\/proterm.md\/wp-content\/uploads\/2021\/12\/icopdf-min-300x300.png\" alt=\"\" width=\"46\" height=\"46\" srcset=\"https:\/\/proterm.md\/wp-content\/uploads\/2021\/12\/icopdf-min-300x300.png 300w, https:\/\/proterm.md\/wp-content\/uploads\/2021\/12\/icopdf-min-150x150.png 150w, https:\/\/proterm.md\/wp-content\/uploads\/2021\/12\/icopdf-min-250x250.png 250w, https:\/\/proterm.md\/wp-content\/uploads\/2021\/12\/icopdf-min-450x450.png 450w, https:\/\/proterm.md\/wp-content\/uploads\/2021\/12\/icopdf-min-500x500.png 500w, https:\/\/proterm.md\/wp-content\/uploads\/2021\/12\/icopdf-min-100x100.png 100w, https:\/\/proterm.md\/wp-content\/uploads\/2021\/12\/icopdf-min.png 512w\" sizes=\"(max-width: 46px) 100vw, 46px\" \/><a href=\"https:\/\/proterm.md\/wp-content\/uploads\/2023\/01\/GAS-X0-GAS-X5-CE_manual-russ.pdf\" target=\"_blank\" rel=\"noopener\"><strong style=\"color: blue;\">Caracteristici Arzatoare Ser. X, XP<\/strong><\/a><\/h4>\n<h4><img decoding=\"async\" class=\"alignnone wp-image-7559\" src=\"https:\/\/proterm.md\/wp-content\/uploads\/2021\/12\/icopdf-min-300x300.png\" alt=\"\" width=\"46\" height=\"46\" srcset=\"https:\/\/proterm.md\/wp-content\/uploads\/2021\/12\/icopdf-min-300x300.png 300w, https:\/\/proterm.md\/wp-content\/uploads\/2021\/12\/icopdf-min-150x150.png 150w, https:\/\/proterm.md\/wp-content\/uploads\/2021\/12\/icopdf-min-250x250.png 250w, https:\/\/proterm.md\/wp-content\/uploads\/2021\/12\/icopdf-min-450x450.png 450w, https:\/\/proterm.md\/wp-content\/uploads\/2021\/12\/icopdf-min-500x500.png 500w, https:\/\/proterm.md\/wp-content\/uploads\/2021\/12\/icopdf-min-100x100.png 100w, https:\/\/proterm.md\/wp-content\/uploads\/2021\/12\/icopdf-min.png 512w\" sizes=\"(max-width: 46px) 100vw, 46px\" \/><a href=\"https:\/\/proterm.md\/wp-content\/uploads\/2021\/09\/gaz-xp-60-2-EVO-CE-TC.pdf\" target=\"_blank\" rel=\"noopener\"><strong style=\"color: blue;\">Caracteristici &#8211; XP CE EVO<\/strong><\/a><\/h4>\n<p>&nbsp;<\/p>\n<p>TC \u2013 Gat scurt<br \/>\nTL \u2013 Gat lung<br \/>\n!!Verificati disponibilitatea produsului in stoc.<br \/>\nEste posibil precomanda arzatoarelor intr-un termen 30-45 zile.<\/p>\n","protected":false},"featured_media":17647,"template":"","meta":{"_joinchat":[]},"product_brand":[],"product_cat":[58,15],"product_tag":[345],"class_list":{"0":"post-17646","1":"product","2":"type-product","3":"status-publish","4":"has-post-thumbnail","6":"product_cat-arzatoare","7":"product_cat-instalatii_incalzire","8":"product_tag-fbr-bruciatori","9":"pa_brand-fbr-bruciatori","11":"first","12":"instock","13":"shipping-taxable","14":"product-type-simple"},"_links":{"self":[{"href":"https:\/\/proterm.md\/ro\/wp-json\/wp\/v2\/product\/17646","targetHints":{"allow":["GET"]}}],"collection":[{"href":"https:\/\/proterm.md\/ro\/wp-json\/wp\/v2\/product"}],"about":[{"href":"https:\/\/proterm.md\/ro\/wp-json\/wp\/v2\/types\/product"}],"wp:featuredmedia":[{"embeddable":true,"href":"https:\/\/proterm.md\/ro\/wp-json\/wp\/v2\/media\/17647"}],"wp:attachment":[{"href":"https:\/\/proterm.md\/ro\/wp-json\/wp\/v2\/media?parent=17646"}],"wp:term":[{"taxonomy":"product_brand","embeddable":true,"href":"https:\/\/proterm.md\/ro\/wp-json\/wp\/v2\/product_brand?post=17646"},{"taxonomy":"product_cat","embeddable":true,"href":"https:\/\/proterm.md\/ro\/wp-json\/wp\/v2\/product_cat?post=17646"},{"taxonomy":"product_tag","embeddable":true,"href":"https:\/\/proterm.md\/ro\/wp-json\/wp\/v2\/product_tag?post=17646"}],"curies":[{"name":"wp","href":"https:\/\/api.w.org\/{rel}","templated":true}]}}