{"id":17659,"date":"2026-02-11T14:59:15","date_gmt":"2026-02-11T12:59:15","guid":{"rendered":"https:\/\/proterm.md\/?post_type=product&#038;p=17659"},"modified":"2026-02-11T16:13:49","modified_gmt":"2026-02-11T14:13:49","slug":"modul-cascada-warmhaus-mlc-27-30","status":"publish","type":"product","link":"https:\/\/proterm.md\/ro\/product\/modul-cascada-warmhaus-mlc-27-30\/","title":{"rendered":"Modul cascada Warmhaus MLC 27.30"},"content":{"rendered":"<div class=\"wpb-content-wrapper\"><p>[vc_row][vc_column][vc_column_text css=&#8221;&#8221; text_larger=&#8221;no&#8221;]<span style=\"color: #003366;\"><strong>Modulul\u00a0 Warmhaus MLC 27.30<\/strong><\/span> este destinat pentru utilizarea \u00een sistemele de cazane care func\u021bioneaz\u0103 \u00een configura\u021bie \u00een cascad\u0103. Rolul s\u0103u principal este de a controla \u0219i distribui agentul termic (ap\u0103 cald\u0103 sau alt fluid cald) \u00eentre mai multe cazane conectate \u00een serie, asigur\u00e2nd o func\u021bionare coordonat\u0103 \u0219i eficient\u0103 a \u00eentregului grup. Acest modul regleaz\u0103 fluxul \u0219i presiunea, prevenind supra\u00eenc\u0103lzirea sau supra-presiunea sistemului, \u0219i contribuie la cre\u0219terea eficien\u021bei \u0219i fiabilit\u0103\u021bii instala\u021biei termice \u00een func\u021bionare \u00een cascada. Este esen\u021bial pentru optimizarea performan\u021bei \u0219i siguran\u021bei unui ansamblu de cazane conectate pentru \u00eenc\u0103lzire sau produc\u021bie de ap\u0103 cald\u0103 menajer\u0103.<\/p>\n<p>[\/vc_column_text][\/vc_column][\/vc_row]<\/p>\n<\/div>","protected":false},"excerpt":{"rendered":"<p>Regulator de climatizare pentru conectarea centralelor termice \u00een cascad\u0103. V\u0103 permite s\u0103 conecta\u021bi p\u00e2n\u0103 la \u0219ase centrale termice \u00een cascad\u0103.<\/p>\n<ol>\n<li>Alimentare electric\u0103: 230V AC (+10% -15%)<\/li>\n<li>Frecven\u021b\u0103: 50Hz (+\/- 5%)<\/li>\n<li>Range de temperatur\u0103 de func\u021bionare: -20\u00b0C p\u00e2n\u0103 la +60\u00b0C<\/li>\n<li>Siguran\u021b\u0103 principal\u0103: F1 \u0219i F2 4AF (fast acting) 5\u00d720<\/li>\n<li>Variator pentru protec\u021bie: 275VAC D10 43J<\/li>\n<li>Ie\u0219ire pentru pomp\u0103 de \u00eenc\u0103lzire: 230VAC 50Hz 80W cos\u03c6 1 impedan\u021b\u0103 protejat\u0103<\/li>\n<li>Ie\u0219ire pentru rezervor reversibil: 230VAC 50Hz 80W cos\u03c6 1 impedan\u021b\u0103 protejat\u0103<\/li>\n<li>Ie\u0219ire semnal: 230VAC 50Hz 80W cos\u03c6 1 impedan\u021b\u0103 protejat\u0103<\/li>\n<li>Ie\u0219ire pentru pomp\u0103 DHW: 230VAC 50Hz 80W cos\u03c6 1 impedan\u021b\u0103 protejat\u0103 Func\u021bii generale<\/li>\n<li>Temperaturi de semnalizare fault senzor: -5\u00b0C &lt; T &lt; 150\u00b0C<\/li>\n<li>Interval de toleran\u021b\u0103 temperatur\u0103 general\u0103: \u00b11.5\u00b0C (pentru electronice)<\/li>\n<li>Toleran\u021b\u0103 general\u0103 a cronometrelor: \u00b15%<\/li>\n<li>Setarea boilerului \u00een timpul func\u021bion\u0103rii cur\u0103\u021b\u0103rii cuptorului: 85\u00b0C<\/li>\n<li>Timeout de comunicare: 60 secunde<\/li>\n<li>Timer pentru func\u021bia de cur\u0103\u021bare a arz\u0103torului: 15 minute \u00eenc\u0103lzire<\/li>\n<li>Range de temperatur\u0103 pentru \u00eenc\u0103lzirea: 25-85\u00b0C pentru boiler de stocare DHW<\/li>\n<li>Range de temperatur\u0103 pentru boilerul de stocare: 25-60\u00b0C<\/li>\n<\/ol>\n<p><strong>Temperaturile sunt pentru utilizarea senzorilor de temperatur\u0103 de imersiune cu urm\u0103torii parametri:<\/strong> NTC tip senzor, \u03b2=3977, R25=10K\u03a9.<\/p>\n<p><img decoding=\"async\" class=\"alignnone wp-image-7559\" src=\"https:\/\/proterm.md\/wp-content\/uploads\/2021\/12\/icopdf-min-250x250.png\" alt=\"\" width=\"32\" height=\"32\" srcset=\"https:\/\/proterm.md\/wp-content\/uploads\/2021\/12\/icopdf-min-250x250.png 250w, https:\/\/proterm.md\/wp-content\/uploads\/2021\/12\/icopdf-min-150x150.png 150w, https:\/\/proterm.md\/wp-content\/uploads\/2021\/12\/icopdf-min-450x450.png 450w, https:\/\/proterm.md\/wp-content\/uploads\/2021\/12\/icopdf-min-300x300.png 300w, https:\/\/proterm.md\/wp-content\/uploads\/2021\/12\/icopdf-min-500x500.png 500w, https:\/\/proterm.md\/wp-content\/uploads\/2021\/12\/icopdf-min-100x100.png 100w, https:\/\/proterm.md\/wp-content\/uploads\/2021\/12\/icopdf-min.png 512w\" sizes=\"(max-width: 32px) 100vw, 32px\" \/><a href=\"https:\/\/proterm.md\/wp-content\/uploads\/2026\/02\/MLC27.pdf\">MLC27<\/a><\/p>\n","protected":false},"featured_media":17660,"template":"","meta":{"_joinchat":[]},"product_brand":[],"product_cat":[42],"product_tag":[140],"class_list":{"0":"post-17659","1":"product","2":"type-product","3":"status-publish","4":"has-post-thumbnail","6":"product_cat-automatizari_elemente_de_actionare","7":"product_tag-warmhaus","8":"pa_brand-mut-meccanica-tovo-logo","10":"first","11":"instock","12":"shipping-taxable","13":"product-type-simple"},"_links":{"self":[{"href":"https:\/\/proterm.md\/ro\/wp-json\/wp\/v2\/product\/17659","targetHints":{"allow":["GET"]}}],"collection":[{"href":"https:\/\/proterm.md\/ro\/wp-json\/wp\/v2\/product"}],"about":[{"href":"https:\/\/proterm.md\/ro\/wp-json\/wp\/v2\/types\/product"}],"wp:featuredmedia":[{"embeddable":true,"href":"https:\/\/proterm.md\/ro\/wp-json\/wp\/v2\/media\/17660"}],"wp:attachment":[{"href":"https:\/\/proterm.md\/ro\/wp-json\/wp\/v2\/media?parent=17659"}],"wp:term":[{"taxonomy":"product_brand","embeddable":true,"href":"https:\/\/proterm.md\/ro\/wp-json\/wp\/v2\/product_brand?post=17659"},{"taxonomy":"product_cat","embeddable":true,"href":"https:\/\/proterm.md\/ro\/wp-json\/wp\/v2\/product_cat?post=17659"},{"taxonomy":"product_tag","embeddable":true,"href":"https:\/\/proterm.md\/ro\/wp-json\/wp\/v2\/product_tag?post=17659"}],"curies":[{"name":"wp","href":"https:\/\/api.w.org\/{rel}","templated":true}]}}