{"id":17702,"date":"2026-02-16T10:47:57","date_gmt":"2026-02-16T08:47:57","guid":{"rendered":"https:\/\/proterm.md\/?post_type=product&#038;p=17702"},"modified":"2026-02-16T11:05:03","modified_gmt":"2026-02-16T09:05:03","slug":"flansa-inox-o54","status":"publish","type":"product","link":"https:\/\/proterm.md\/ro\/product\/flansa-inox-o54\/","title":{"rendered":"Flansa inox \u00d854"},"content":{"rendered":"<div class=\"wpb-content-wrapper\"><p>[vc_row][vc_column][vc_column_text css=&#8221;&#8221; text_larger=&#8221;no&#8221;]Durabilitate \u0219i rezisten\u021b\u0103 la medii agresive.<br \/>\nMontaj \u0219i demontaj u\u0219or, f\u0103r\u0103 sudur\u0103 permanent\u0103<br \/>\nEtan\u0219are sigur\u0103, prevenind scurgerile de gaze sau lichide.<br \/>\nCompatibilitate cu diverse sisteme (ventila\u021bie, gaze arse, ap\u0103, abur).<\/p>\n<p>Este potrivit pentru utilizare \u00een condi\u021bii industriale \u0219i casnice \u0219i asigur\u0103 conexiuni fiabile \u0219i str\u00e2nse.<br \/>\n<strong>Clien\u021bii no\u0219tri beneficiaz\u0103 gratuit de aparatul de pressare a fitingurilor si tevei de inox timp de 3 zile.<\/strong>[\/vc_column_text][\/vc_column][\/vc_row]<\/p>\n<\/div>","protected":false},"excerpt":{"rendered":"<p>Tip &#8211; flansa inox la stringere<br \/>\nDiametru &#8211; \u00d854<br \/>\nMaterial: o\u021bel inoxidabil AISI 304<\/p>\n","protected":false},"featured_media":17703,"template":"","meta":{"_joinchat":[]},"product_brand":[],"product_cat":[2354],"product_tag":[],"class_list":{"0":"post-17702","1":"product","2":"type-product","3":"status-publish","4":"has-post-thumbnail","6":"product_cat-inox","7":"pa_diametru-2362","8":"pa_fitting-polypropylene-flansa","9":"pa_thread-type-inside","11":"first","12":"instock","13":"shipping-taxable","14":"product-type-simple"},"_links":{"self":[{"href":"https:\/\/proterm.md\/ro\/wp-json\/wp\/v2\/product\/17702","targetHints":{"allow":["GET"]}}],"collection":[{"href":"https:\/\/proterm.md\/ro\/wp-json\/wp\/v2\/product"}],"about":[{"href":"https:\/\/proterm.md\/ro\/wp-json\/wp\/v2\/types\/product"}],"wp:featuredmedia":[{"embeddable":true,"href":"https:\/\/proterm.md\/ro\/wp-json\/wp\/v2\/media\/17703"}],"wp:attachment":[{"href":"https:\/\/proterm.md\/ro\/wp-json\/wp\/v2\/media?parent=17702"}],"wp:term":[{"taxonomy":"product_brand","embeddable":true,"href":"https:\/\/proterm.md\/ro\/wp-json\/wp\/v2\/product_brand?post=17702"},{"taxonomy":"product_cat","embeddable":true,"href":"https:\/\/proterm.md\/ro\/wp-json\/wp\/v2\/product_cat?post=17702"},{"taxonomy":"product_tag","embeddable":true,"href":"https:\/\/proterm.md\/ro\/wp-json\/wp\/v2\/product_tag?post=17702"}],"curies":[{"name":"wp","href":"https:\/\/api.w.org\/{rel}","templated":true}]}}