{"id":17708,"date":"2026-02-16T11:26:20","date_gmt":"2026-02-16T09:26:20","guid":{"rendered":"https:\/\/proterm.md\/?post_type=product&#038;p=17708"},"modified":"2026-02-16T11:28:29","modified_gmt":"2026-02-16T09:28:29","slug":"mufa-inox-o108","status":"publish","type":"product","link":"https:\/\/proterm.md\/ro\/product\/mufa-inox-o108\/","title":{"rendered":"Mufa inox \u00d8108"},"content":{"rendered":"<p>Mufa este fabricat\u0103 din o\u021bel inoxidabil AISI 304. \u00cen configura\u021bia standard, inelele de etan\u0219are sunt realizate din elastomer EPDM. Op\u021bional, pot fi achizi\u021bionate separat inele de etan\u0219are din FPM , ceea ce permite cre\u0219terea temperaturii maxime de lucru p\u00e2n\u0103 la 140 \u00b0C.<br \/>\nPrincipalul avantaj al conectorilor f\u0103r\u0103 racord este rezisten\u021ba hidraulic\u0103 redus\u0103, deoarece restr\u00e2ngerea canalului de trecere este aproape inexistent\u0103. Montajul fitingului se realizeaz\u0103 cu unelte de presare cu profil V.<br \/>\nMufa de presare cu dou\u0103 mufe din o\u021bel inoxidabil este destinat\u0103 conect\u0103rii \u021bevilor sub\u021biri din o\u021bel \u00een sistemele de alimentare cu ap\u0103, \u00eenc\u0103lzire \u0219i alte instala\u021bii inginere\u0219ti \u0219i tehnologice cu o temperatur\u0103 de lucru de p\u00e2n\u0103 la 120 \u00b0C. Presiunea nominal\u0103 este de 16 bari.<br \/>\n<strong>Clien\u021bii no\u0219tri beneficiaz\u0103 gratuit de aparatul de pressare a fitingurilor si tevei de inox timp de 3 zile.<\/strong><\/p>","protected":false},"excerpt":{"rendered":"<p>Tip &#8211; mufa<br \/>\nDiametru &#8211; \u00d8108 mm<br \/>\nCalitatea o\u021belului &#8211; AISI 304<br \/>\nProducator &#8211; Tivoli<\/p>\n","protected":false},"featured_media":16208,"template":"","meta":{"_joinchat":[]},"product_brand":[],"product_cat":[2354],"product_tag":[2353],"class_list":{"0":"post-17708","1":"product","2":"type-product","3":"status-publish","4":"has-post-thumbnail","6":"product_cat-inox","7":"product_tag-tivoli","8":"pa_diametru-2428","9":"pa_fitting-polypropylene-jack","10":"pa_thread-type-inside","12":"first","13":"instock","14":"shipping-taxable","15":"product-type-simple"},"_links":{"self":[{"href":"https:\/\/proterm.md\/ro\/wp-json\/wp\/v2\/product\/17708","targetHints":{"allow":["GET"]}}],"collection":[{"href":"https:\/\/proterm.md\/ro\/wp-json\/wp\/v2\/product"}],"about":[{"href":"https:\/\/proterm.md\/ro\/wp-json\/wp\/v2\/types\/product"}],"wp:featuredmedia":[{"embeddable":true,"href":"https:\/\/proterm.md\/ro\/wp-json\/wp\/v2\/media\/16208"}],"wp:attachment":[{"href":"https:\/\/proterm.md\/ro\/wp-json\/wp\/v2\/media?parent=17708"}],"wp:term":[{"taxonomy":"product_brand","embeddable":true,"href":"https:\/\/proterm.md\/ro\/wp-json\/wp\/v2\/product_brand?post=17708"},{"taxonomy":"product_cat","embeddable":true,"href":"https:\/\/proterm.md\/ro\/wp-json\/wp\/v2\/product_cat?post=17708"},{"taxonomy":"product_tag","embeddable":true,"href":"https:\/\/proterm.md\/ro\/wp-json\/wp\/v2\/product_tag?post=17708"}],"curies":[{"name":"wp","href":"https:\/\/api.w.org\/{rel}","templated":true}]}}