{"id":17731,"date":"2026-02-16T17:00:06","date_gmt":"2026-02-16T15:00:06","guid":{"rendered":"https:\/\/proterm.md\/?post_type=product&#038;p=17731"},"modified":"2026-02-27T16:21:25","modified_gmt":"2026-02-27T14:21:25","slug":"calibrator-teava-o16-20-26-32-zupper","status":"publish","type":"product","link":"https:\/\/proterm.md\/ro\/product\/calibrator-teava-o16-20-26-32-zupper\/","title":{"rendered":"Calibrator teava \u00d8 16-20-26-32"},"content":{"rendered":"<div class=\"wpb-content-wrapper\"><p>[vc_row][vc_column][vc_column_text css_animation=&#8221;none&#8221; text_larger=&#8221;no&#8221;]Calibratorul pentru \u021bevi multistrat este un instrument folosit pentru a calibra cu precizie diametrul \u021bevilor multistrat dup\u0103 ce au fost instalate sau reparate. Calibratoarele asigur\u0103 precizia \u0219i netezimea necesare suprafe\u021bei interioare a \u021bevii pentru a asigura func\u021bionarea corect\u0103 a sistemului de \u00eenc\u0103lzire, a aliment\u0103rii cu ap\u0103 sau a altor utilit\u0103\u021bi.<\/p>\n<p>Manometrele pentru \u021bevi multistrat sunt de obicei \u00een form\u0103 de con sau cilindru \u0219i sunt realizate dintr-un material durabil, cum ar fi o\u021bel sau plastic. De obicei, au un m\u00e2ner sau m\u00e2ner pentru prindere \u0219i rotire u\u0219oar\u0103. Suprafa\u021ba interioar\u0103 a calibratorului are dimensiuni precise corespunz\u0103toare diametrelor standard ale \u021bevilor metal-plastic.<\/p>\n<p>Procesul de dimensionare presupune introducerea unui calibrator \u00een interiorul conductei \u0219i rotirea acestuia \u00een interior pentru a elimina neregulile \u0219i a nivela suprafa\u021ba interioar\u0103. Acest lucru v\u0103 permite s\u0103 seta\u021bi diametrul interior corect al \u021bevii, oferind o permeabilitate mai bun\u0103 \u0219i minimiz\u00e2nd rezisten\u021ba la fluxul de lichid sau gaz.<\/p>\n<p>Atunci c\u00e2nd alege\u021bi un calibrator pentru \u021bevi multistrat, este important s\u0103 lua\u021bi \u00een considerare dimensiunile \u0219i tipurile de \u021bevi care trebuie calibrate. Modele diferite pot avea diametre \u0219i intervale de dimensiuni diferite. Prin urmare, se recomand\u0103 s\u0103 alege\u021bi un calibrator care \u00eendepline\u0219te cerin\u021bele specifice ale sistemului dumneavoastr\u0103 de conducte.[\/vc_column_text][\/vc_column][\/vc_row]<\/p>\n<\/div>","protected":false},"excerpt":{"rendered":"<p>Diametru tevii 16..32 mm<br \/>\nOperare manual\u0103 Da<br \/>\nPotrivit pentru plastic Da<br \/>\nPotrivit pentru o\u021bel inoxidabil Da<br \/>\nPotrivit pentru cupru Da<\/p>\n","protected":false},"featured_media":17732,"template":"","meta":{"_joinchat":[]},"product_brand":[],"product_cat":[2445,37,68,342,2424],"product_tag":[],"class_list":{"0":"post-17731","1":"product","2":"type-product","3":"status-publish","4":"has-post-thumbnail","6":"product_cat-instrumente-cazangerii","7":"product_cat-sisteme_apeduct_canalizare","8":"product_cat-teava-metaloplast","9":"product_cat-tevi_fitinguri_metaloplast","10":"product_cat-teavapardoseaincalzira","11":"pa_diametru-408","12":"pa_diametru-409","13":"pa_diametru-410","14":"pa_diametru-418","16":"first","17":"instock","18":"shipping-taxable","19":"product-type-simple"},"_links":{"self":[{"href":"https:\/\/proterm.md\/ro\/wp-json\/wp\/v2\/product\/17731","targetHints":{"allow":["GET"]}}],"collection":[{"href":"https:\/\/proterm.md\/ro\/wp-json\/wp\/v2\/product"}],"about":[{"href":"https:\/\/proterm.md\/ro\/wp-json\/wp\/v2\/types\/product"}],"wp:featuredmedia":[{"embeddable":true,"href":"https:\/\/proterm.md\/ro\/wp-json\/wp\/v2\/media\/17732"}],"wp:attachment":[{"href":"https:\/\/proterm.md\/ro\/wp-json\/wp\/v2\/media?parent=17731"}],"wp:term":[{"taxonomy":"product_brand","embeddable":true,"href":"https:\/\/proterm.md\/ro\/wp-json\/wp\/v2\/product_brand?post=17731"},{"taxonomy":"product_cat","embeddable":true,"href":"https:\/\/proterm.md\/ro\/wp-json\/wp\/v2\/product_cat?post=17731"},{"taxonomy":"product_tag","embeddable":true,"href":"https:\/\/proterm.md\/ro\/wp-json\/wp\/v2\/product_tag?post=17731"}],"curies":[{"name":"wp","href":"https:\/\/api.w.org\/{rel}","templated":true}]}}