{"id":17737,"date":"2026-02-20T15:08:17","date_gmt":"2026-02-20T13:08:17","guid":{"rendered":"https:\/\/proterm.md\/?post_type=product&#038;p=17737"},"modified":"2026-02-20T15:10:03","modified_gmt":"2026-02-20T13:10:03","slug":"vas-de-acumulare-bufer-uat-800-litri","status":"publish","type":"product","link":"https:\/\/proterm.md\/ro\/product\/vas-de-acumulare-bufer-uat-800-litri\/","title":{"rendered":"Vas de acumulare\/Bufer \u00dcAT 800L"},"content":{"rendered":"<div class=\"wpb-content-wrapper\"><p>[vc_row][vc_column][vc_column_text css_animation=&#8221;bounceIn&#8221; text_larger=&#8221;no&#8221;]Vasul de acumulare este folosit pentru stocarea apei calde menajere de la centrala termica, incalzirea in pardoseala, geotermala si sistemele de incalzire solara, mentinand pierderile de caldura la minim. Acest tampon este ideal pentru pompele de c\u0103ldur\u0103 (split)[\/vc_column_text][\/vc_column][\/vc_row]<\/p>\n<\/div>","protected":false},"excerpt":{"rendered":"<p>Rezervor tampon seria UBT,<\/p>\n<p>Vertical\u0103, ocup\u0103 pu\u021bin spa\u021biu<br \/>\nEconomic \u0219i durabil<br \/>\nEste elegant \u0219i estetic, cu un design modern.<br \/>\nMinimizeaz\u0103 pierderile de c\u0103ldur\u0103 prin izola\u021bie termic\u0103.<br \/>\nConceput pentru a cre\u0219te volumul de ap\u0103 \u00eentr-un circuit \u00eenchis \u00een sistemele de \u00eenc\u0103lzire \u0219i r\u0103cire \u0219i pentru a reduce num\u0103rul de porniri a cazanului.<br \/>\nVolumul de ap\u0103 pentru \u00eenc\u0103lzire \u00een rezervor (l) &#8211; 1000<br \/>\nDiametru (mm) &#8211; 1010<br \/>\n\u00cen\u0103l\u021bime (mm) &#8211; 1750<br \/>\nGreutate (kg) &#8211; 226<br \/>\nIzolatie termica &#8211; 6cm<br \/>\nNum\u0103r man\u0219ete de intrare\/ie\u0219ire &#8211; 6<\/p>\n<p><a href=\"https:\/\/proterm.md\/wp-content\/uploads\/2022\/09\/Boiler-Unmak-vas-acumulare.pdf\" target=\"_blank\" rel=\"nofollow noopener\"><img decoding=\"async\" class=\"alignnone size-full wp-image-7710\" src=\"https:\/\/proterm.md\/wp-content\/uploads\/2021\/02\/pdf.png\" alt=\"PDF download\" width=\"40\" height=\"40\" \/>Catalog<\/a><\/p>\n","protected":false},"featured_media":11478,"template":"","meta":{"_joinchat":[]},"product_brand":[],"product_cat":[39,729],"product_tag":[724],"class_list":{"0":"post-17737","1":"product","2":"type-product","3":"status-publish","4":"has-post-thumbnail","6":"product_cat-boiler","7":"product_cat-unmak_boiler","8":"product_tag-unmak-isitma-sistemleri","9":"pa_brand-unmak","10":"pa_name-boiler-unmak","11":"pa_number-serpents-buffer","12":"pa_tip-boilers-vas_acumulare","13":"pa_volume-731","15":"first","16":"instock","17":"shipping-taxable","18":"product-type-simple"},"_links":{"self":[{"href":"https:\/\/proterm.md\/ro\/wp-json\/wp\/v2\/product\/17737","targetHints":{"allow":["GET"]}}],"collection":[{"href":"https:\/\/proterm.md\/ro\/wp-json\/wp\/v2\/product"}],"about":[{"href":"https:\/\/proterm.md\/ro\/wp-json\/wp\/v2\/types\/product"}],"wp:featuredmedia":[{"embeddable":true,"href":"https:\/\/proterm.md\/ro\/wp-json\/wp\/v2\/media\/11478"}],"wp:attachment":[{"href":"https:\/\/proterm.md\/ro\/wp-json\/wp\/v2\/media?parent=17737"}],"wp:term":[{"taxonomy":"product_brand","embeddable":true,"href":"https:\/\/proterm.md\/ro\/wp-json\/wp\/v2\/product_brand?post=17737"},{"taxonomy":"product_cat","embeddable":true,"href":"https:\/\/proterm.md\/ro\/wp-json\/wp\/v2\/product_cat?post=17737"},{"taxonomy":"product_tag","embeddable":true,"href":"https:\/\/proterm.md\/ro\/wp-json\/wp\/v2\/product_tag?post=17737"}],"curies":[{"name":"wp","href":"https:\/\/api.w.org\/{rel}","templated":true}]}}