{"id":17746,"date":"2026-02-24T12:40:28","date_gmt":"2026-02-24T10:40:28","guid":{"rendered":"https:\/\/proterm.md\/?post_type=product&#038;p=17746"},"modified":"2026-02-24T12:40:58","modified_gmt":"2026-02-24T10:40:58","slug":"adaptor-cos-de-fum-vertical-o60-100-cu-flansa-2","status":"publish","type":"product","link":"https:\/\/proterm.md\/ro\/product\/adaptor-cos-de-fum-vertical-o60-100-cu-flansa-2\/","title":{"rendered":"Adaptor cos de fum vertical \u00d860\/100 cu flansa"},"content":{"rendered":"<div class=\"wpb-content-wrapper\"><p>[vc_row][vc_column][vc_column_text css_animation=&#8221;bounceIn&#8221; css=&#8221;&#8221; text_larger=&#8221;no&#8221;]Adaptorul vertical pentru evacuare gaze arse cu flan\u0219\u0103 v\u0103 permite s\u0103 modifica\u021bi sistemul coaxial de evacuare a gazelor arse al centralelor termice pe gaz D 60\/100. Acesta dispune de o flan\u0219\u0103 de montare (de exemplu, pentru centralele termice Protherm Lynx, Fer, Ferroli \u0219i Bosch).[\/vc_column_text][\/vc_column][\/vc_row]<\/p>\n<\/div>","protected":false},"excerpt":{"rendered":"<p>Diametru interior al \u021bevii 60 mm \u2013 aluminiu;<br \/>\nDiametru exterior al \u021bevii 100 mm \u2013 o\u021bel;<br \/>\nTip de conectare: flan\u0219\u0103\/mascul-femel\u0103.<\/p>\n","protected":false},"featured_media":17749,"template":"","meta":{"_joinchat":[]},"product_brand":[],"product_cat":[368,61,15],"product_tag":[],"class_list":{"0":"post-17746","1":"product","2":"type-product","3":"status-publish","4":"has-post-thumbnail","6":"product_cat-accesorii_cos_fum","7":"product_cat-cosuri_de_fum","8":"product_cat-instalatii_incalzire","9":"pa_classic-boiler-or-condensed-clasic","10":"pa_diametru-60-100","12":"first","13":"instock","14":"shipping-taxable","15":"product-type-simple"},"_links":{"self":[{"href":"https:\/\/proterm.md\/ro\/wp-json\/wp\/v2\/product\/17746","targetHints":{"allow":["GET"]}}],"collection":[{"href":"https:\/\/proterm.md\/ro\/wp-json\/wp\/v2\/product"}],"about":[{"href":"https:\/\/proterm.md\/ro\/wp-json\/wp\/v2\/types\/product"}],"wp:featuredmedia":[{"embeddable":true,"href":"https:\/\/proterm.md\/ro\/wp-json\/wp\/v2\/media\/17749"}],"wp:attachment":[{"href":"https:\/\/proterm.md\/ro\/wp-json\/wp\/v2\/media?parent=17746"}],"wp:term":[{"taxonomy":"product_brand","embeddable":true,"href":"https:\/\/proterm.md\/ro\/wp-json\/wp\/v2\/product_brand?post=17746"},{"taxonomy":"product_cat","embeddable":true,"href":"https:\/\/proterm.md\/ro\/wp-json\/wp\/v2\/product_cat?post=17746"},{"taxonomy":"product_tag","embeddable":true,"href":"https:\/\/proterm.md\/ro\/wp-json\/wp\/v2\/product_tag?post=17746"}],"curies":[{"name":"wp","href":"https:\/\/api.w.org\/{rel}","templated":true}]}}