{"id":17752,"date":"2026-02-26T13:36:33","date_gmt":"2026-02-26T11:36:33","guid":{"rendered":"https:\/\/proterm.md\/?post_type=product&#038;p=17752"},"modified":"2026-02-27T16:20:46","modified_gmt":"2026-02-27T14:20:46","slug":"presa-sertizare-eb-1550","status":"publish","type":"product","link":"https:\/\/proterm.md\/ro\/product\/presa-sertizare-eb-1550\/","title":{"rendered":"Presa sertizare EB-1550"},"content":{"rendered":"<div class=\"wpb-content-wrapper\"><p>[vc_row][vc_column][vc_column_text css_animation=&#8221;bounceInLeft&#8221; css=&#8221;&#8221; text_larger=&#8221;no&#8221;]<span style=\"color: #333399;\"><strong>Pentru a fi un standard \u00een domeniul sculelor hidraulice, ZUPPER a dezvoltat tehnologia motorului f\u0103r\u0103 perii:<\/strong><\/span><\/p>\n<ul>\n<li>F\u0103r\u0103 perii de carbon \u2192 \u00eentre\u021binere redus\u0103.<\/li>\n<li>Protec\u021bie la suprasarcin\u0103.<\/li>\n<li>Durat\u0103 de via\u021b\u0103 a motorului cu 30% mai mare.<\/li>\n<li>Mai mult\u0103 munc\u0103 realizat\u0103 cu o singur\u0103 \u00eenc\u0103rcare complet\u0103 a bateriei \u2192 timp de func\u021bionare cu 30% mai lung dec\u00e2t motoarele cu perii.<\/li>\n<\/ul>\n<p><strong><span style=\"color: #333399;\">Bluetooth \u0219i senzor de presiune<\/span><\/strong><\/p>\n<ul>\n<li>Datorit\u0103 tehnologiei Bluetooth implementate, datele dispozitivului pot fi accesate prin aplica\u021bia ZUPPER.<\/li>\n<li>Seria EB include Bluetooth ca dotare standard; senzorul de presiune este op\u021bional.<\/li>\n<\/ul>\n<p><span style=\"color: #333399;\"><strong>Aplica\u021bia ZUPPER Check-APP<\/strong><\/span><\/p>\n<ul>\n<li>Transfer de date \u00eentre presa de sertizat \u0219i aplica\u021bie.<\/li>\n<li>Localizarea ultimei utiliz\u0103ri a sculei compatibile ZUPPER Link.<\/li>\n<li>Verificarea presiunii prin senzor pentru a diferen\u021bia \u00eentre presiune normal\u0103 sau anormal\u0103.<\/li>\n<li>Afi\u0219area datelor de presiune \u0219i analiza lor direct \u00een aplica\u021bie<\/li>\n<\/ul>\n<p>[\/vc_column_text][\/vc_column][\/vc_row]<\/p>\n<\/div>","protected":false},"excerpt":{"rendered":"<p data-start=\"75\" data-end=\"363\"><strong data-start=\"59\" data-end=\"77\">Setul include:<\/strong> presa electrica cu acumulator EB-1550, doua baterii 4.0Ah, un incarcator si cutie de transport.<\/p>\n<p data-start=\"75\" data-end=\"363\">\u25cf 3\u20136 secunde pentru finalizarea unui ciclu<br data-start=\"118\" data-end=\"121\" \/>\u25cf Retragere automat\u0103 dup\u0103 finalizarea pres\u0103rii<br data-start=\"167\" data-end=\"170\" \/>\u25cf Sistem hidraulic \u00een dou\u0103 trepte<br data-start=\"203\" data-end=\"206\" \/>\u25cf Design ergonomic \u0219i pozi\u021bionare optimizat\u0103 a centrului de greutate pentru o manevrare mai u\u0219oar\u0103 \u0219i confort sporit<br data-start=\"322\" data-end=\"325\" \/>\u25cf Sistem de control cu microcomputer<\/p>\n<hr \/>\n<p data-start=\"102\" data-end=\"117\"><strong data-start=\"102\" data-end=\"117\">Capacitate:<\/strong><\/p>\n<ul data-start=\"118\" data-end=\"214\">\n<li data-start=\"118\" data-end=\"152\">\n<p data-start=\"120\" data-end=\"152\">12\u201354 mm pentru teava din inox<\/p>\n<\/li>\n<li data-start=\"153\" data-end=\"214\">\n<p data-start=\"155\" data-end=\"214\">12\u2013108 mm (1\/2&#8243;\u20134&#8243;) pentru teava PEX, multistrat si cupru<\/p>\n<\/li>\n<\/ul>\n<p data-start=\"216\" data-end=\"577\"><strong data-start=\"216\" data-end=\"237\">Forta de presare:<\/strong> 32 kN<br data-start=\"243\" data-end=\"246\" \/><strong data-start=\"246\" data-end=\"256\">Cursa:<\/strong> 40 mm<br data-start=\"262\" data-end=\"265\" \/><strong data-start=\"265\" data-end=\"280\">Timp ciclu:<\/strong> 3\u20136 s (in functie de diametrul tevii)<br data-start=\"318\" data-end=\"321\" \/><strong data-start=\"321\" data-end=\"341\">Capacitate ulei:<\/strong> 115 ml<br data-start=\"348\" data-end=\"351\" \/><strong data-start=\"351\" data-end=\"384\">Cicluri de presare\/incarcare:<\/strong> 360 cicluri (DN20 inox)<br data-start=\"408\" data-end=\"411\" \/><strong data-start=\"411\" data-end=\"423\">Baterie:<\/strong> 18V Li-ion 4.0Ah<br data-start=\"440\" data-end=\"443\" \/><strong data-start=\"443\" data-end=\"458\">Incarcator:<\/strong> AC 100V\u2013240V, 50\u201360 Hz<br data-start=\"481\" data-end=\"484\" \/><strong data-start=\"484\" data-end=\"503\">Timp incarcare:<\/strong> aprox. 80 minute<br data-start=\"520\" data-end=\"523\" \/><strong data-start=\"523\" data-end=\"544\">Interval service:<\/strong> 10.000 cicluri<br data-start=\"559\" data-end=\"562\" \/><strong data-start=\"562\" data-end=\"575\">Greutate:<\/strong><\/p>\n<ul data-start=\"578\" data-end=\"647\">\n<li data-start=\"578\" data-end=\"607\">\n<p data-start=\"580\" data-end=\"607\">3.8 kg (scula cu baterie)<\/p>\n<\/li>\n<li data-start=\"608\" data-end=\"647\">\n<p data-start=\"610\" data-end=\"647\">6.0 kg (scula cu baterie si bacuri)<\/p>\n<\/li>\n<\/ul>\n<p data-start=\"649\" data-end=\"690\"><strong data-start=\"649\" data-end=\"670\">Dimensiuni scula:<\/strong> 400 \u00d7 318 \u00d7 86 mm<\/p>\n<p data-start=\"649\" data-end=\"690\"><a href=\"https:\/\/proterm.md\/wp-content\/uploads\/2026\/02\/EB1550.pdf\" target=\"_blank\" rel=\"noopener\"><img decoding=\"async\" class=\"alignnone wp-image-7710\" src=\"https:\/\/proterm.md\/wp-content\/uploads\/2021\/02\/pdf.png\" alt=\"PDF download\" width=\"43\" height=\"43\" \/>Instructiuni de utilizare<\/a><\/p>\n","protected":false},"featured_media":17754,"template":"","meta":{"_joinchat":[]},"product_brand":[],"product_cat":[99,2445,37,68,2354],"product_tag":[],"class_list":{"0":"post-17752","1":"product","2":"type-product","3":"status-publish","4":"has-post-thumbnail","6":"product_cat-fitinguri_pres_ape_italia","7":"product_cat-instrumente-cazangerii","8":"product_cat-sisteme_apeduct_canalizare","9":"product_cat-teava-metaloplast","10":"product_cat-inox","12":"first","13":"instock","14":"shipping-taxable","15":"product-type-simple"},"_links":{"self":[{"href":"https:\/\/proterm.md\/ro\/wp-json\/wp\/v2\/product\/17752","targetHints":{"allow":["GET"]}}],"collection":[{"href":"https:\/\/proterm.md\/ro\/wp-json\/wp\/v2\/product"}],"about":[{"href":"https:\/\/proterm.md\/ro\/wp-json\/wp\/v2\/types\/product"}],"wp:featuredmedia":[{"embeddable":true,"href":"https:\/\/proterm.md\/ro\/wp-json\/wp\/v2\/media\/17754"}],"wp:attachment":[{"href":"https:\/\/proterm.md\/ro\/wp-json\/wp\/v2\/media?parent=17752"}],"wp:term":[{"taxonomy":"product_brand","embeddable":true,"href":"https:\/\/proterm.md\/ro\/wp-json\/wp\/v2\/product_brand?post=17752"},{"taxonomy":"product_cat","embeddable":true,"href":"https:\/\/proterm.md\/ro\/wp-json\/wp\/v2\/product_cat?post=17752"},{"taxonomy":"product_tag","embeddable":true,"href":"https:\/\/proterm.md\/ro\/wp-json\/wp\/v2\/product_tag?post=17752"}],"curies":[{"name":"wp","href":"https:\/\/api.w.org\/{rel}","templated":true}]}}