{"id":17758,"date":"2026-02-27T08:53:20","date_gmt":"2026-02-27T06:53:20","guid":{"rendered":"https:\/\/proterm.md\/?post_type=product&#038;p=17758"},"modified":"2026-02-27T16:19:02","modified_gmt":"2026-02-27T14:19:02","slug":"presa-sertizare-ed-60100","status":"publish","type":"product","link":"https:\/\/proterm.md\/ro\/product\/presa-sertizare-ed-60100\/","title":{"rendered":"Presa sertizare ED-60100"},"content":{"rendered":"<div class=\"wpb-content-wrapper\"><p>[vc_row][vc_column][vc_column_text css_animation=&#8221;bounceInLeft&#8221; css=&#8221;&#8221; text_larger=&#8221;no&#8221;]<span style=\"color: #333399;\"><strong data-start=\"67\" data-end=\"100\">Presa electrica cu acumulator<\/strong><\/span><br data-start=\"100\" data-end=\"103\" \/><span style=\"color: #333399;\">Pentru dimensiuni mari de teava din inox, de la <strong data-start=\"151\" data-end=\"164\">60\u2013108 mm<\/strong>.<\/span><\/p>\n<p>\u25cf Proiectat pentru a fi utilizat cu cleste de presare compatibile<br data-start=\"140\" data-end=\"143\" \/>\u25cf Cilindru din otel, durat\u0103 de via\u021b\u0103 prelungit\u0103<br data-start=\"190\" data-end=\"193\" \/>\u25cf Sistem hidraulic \u00een dou\u0103 trepte, cu eficien\u021b\u0103 ridicat\u0103<br data-start=\"249\" data-end=\"252\" \/>\u25cf Ecran OLED care afi\u0219eaz\u0103 procentajul bateriei, num\u0103rul de pres\u0103ri, coduri de eroare \u0219i notific\u0103ri de mentenan\u021b\u0103[\/vc_column_text][\/vc_column][\/vc_row]<\/p>\n<\/div>","protected":false},"excerpt":{"rendered":"<p data-start=\"75\" data-end=\"363\"><strong data-start=\"59\" data-end=\"77\">Setul include:<\/strong> presa electrica cu acumulator ED-60100, doua baterii 5.0Ah\/18V, un incarcator, cleste de prindere, maner si cutie de transport.<\/p>\n<hr \/>\n<p data-start=\"103\" data-end=\"118\"><strong data-start=\"153\" data-end=\"176\">Domeniu de presare:<\/strong> 60\u2013108 mm (2&#8243;\u20134&#8243;) pentru teava din inox \u0219i cupru<br data-start=\"225\" data-end=\"228\" \/><strong data-start=\"228\" data-end=\"250\">Presiune nominal\u0103:<\/strong> 65 kN<br data-start=\"256\" data-end=\"259\" \/><strong data-start=\"259\" data-end=\"269\">Curs\u0103:<\/strong> 80 mm<br data-start=\"275\" data-end=\"278\" \/><strong data-start=\"278\" data-end=\"295\">Timp \/ ciclu:<\/strong> 10\u201325 secunde (\u00een func\u021bie de diametrul \u021bevii)<br data-start=\"341\" data-end=\"344\" \/><strong data-start=\"344\" data-end=\"368\">Cicluri \/ \u00eenc\u0103rcare:<\/strong> 50 cicluri<br data-start=\"379\" data-end=\"382\" \/><strong data-start=\"382\" data-end=\"394\">Baterie:<\/strong> 18V \/ 5.0Ah Li-ion<br data-start=\"413\" data-end=\"416\" \/><strong data-start=\"416\" data-end=\"431\">\u00cenc\u0103rc\u0103tor:<\/strong> AC 100\u2013240V; 50\u201360 Hz<br data-start=\"453\" data-end=\"456\" data-is-only-node=\"\" \/><strong data-start=\"456\" data-end=\"478\">Timp de \u00eenc\u0103rcare:<\/strong> aprox. 100 minute<br data-start=\"496\" data-end=\"499\" \/><strong data-start=\"499\" data-end=\"520\">Interval service:<\/strong> 10.000 cicluri<\/p>\n<p data-start=\"103\" data-end=\"118\"><a href=\"https:\/\/proterm.md\/wp-content\/uploads\/2026\/02\/ED-60100.pdf\" rel=\"noopener\"><img decoding=\"async\" class=\"alignnone  wp-image-7559\" src=\"https:\/\/proterm.md\/wp-content\/uploads\/2021\/12\/icopdf-min-250x250.png\" alt=\"\" width=\"41\" height=\"41\" srcset=\"https:\/\/proterm.md\/wp-content\/uploads\/2021\/12\/icopdf-min-250x250.png 250w, https:\/\/proterm.md\/wp-content\/uploads\/2021\/12\/icopdf-min-150x150.png 150w, https:\/\/proterm.md\/wp-content\/uploads\/2021\/12\/icopdf-min-450x450.png 450w, https:\/\/proterm.md\/wp-content\/uploads\/2021\/12\/icopdf-min-300x300.png 300w, https:\/\/proterm.md\/wp-content\/uploads\/2021\/12\/icopdf-min-500x500.png 500w, https:\/\/proterm.md\/wp-content\/uploads\/2021\/12\/icopdf-min-100x100.png 100w, https:\/\/proterm.md\/wp-content\/uploads\/2021\/12\/icopdf-min.png 512w\" sizes=\"(max-width: 41px) 100vw, 41px\" \/>Pasaport tehnic<\/a><\/p>\n","protected":false},"featured_media":17761,"template":"","meta":{"_joinchat":[]},"product_brand":[],"product_cat":[99,2445,37,68,2354],"product_tag":[],"class_list":{"0":"post-17758","1":"product","2":"type-product","3":"status-publish","4":"has-post-thumbnail","6":"product_cat-fitinguri_pres_ape_italia","7":"product_cat-instrumente-cazangerii","8":"product_cat-sisteme_apeduct_canalizare","9":"product_cat-teava-metaloplast","10":"product_cat-inox","12":"first","13":"instock","14":"shipping-taxable","15":"product-type-simple"},"_links":{"self":[{"href":"https:\/\/proterm.md\/ro\/wp-json\/wp\/v2\/product\/17758","targetHints":{"allow":["GET"]}}],"collection":[{"href":"https:\/\/proterm.md\/ro\/wp-json\/wp\/v2\/product"}],"about":[{"href":"https:\/\/proterm.md\/ro\/wp-json\/wp\/v2\/types\/product"}],"wp:featuredmedia":[{"embeddable":true,"href":"https:\/\/proterm.md\/ro\/wp-json\/wp\/v2\/media\/17761"}],"wp:attachment":[{"href":"https:\/\/proterm.md\/ro\/wp-json\/wp\/v2\/media?parent=17758"}],"wp:term":[{"taxonomy":"product_brand","embeddable":true,"href":"https:\/\/proterm.md\/ro\/wp-json\/wp\/v2\/product_brand?post=17758"},{"taxonomy":"product_cat","embeddable":true,"href":"https:\/\/proterm.md\/ro\/wp-json\/wp\/v2\/product_cat?post=17758"},{"taxonomy":"product_tag","embeddable":true,"href":"https:\/\/proterm.md\/ro\/wp-json\/wp\/v2\/product_tag?post=17758"}],"curies":[{"name":"wp","href":"https:\/\/api.w.org\/{rel}","templated":true}]}}