{"id":17766,"date":"2026-02-27T08:53:20","date_gmt":"2026-02-27T06:53:20","guid":{"rendered":"https:\/\/proterm.md\/?post_type=product&#038;p=17766"},"modified":"2026-02-27T16:18:43","modified_gmt":"2026-02-27T14:18:43","slug":"presa-sertizare-hh-60100","status":"publish","type":"product","link":"https:\/\/proterm.md\/ro\/product\/presa-sertizare-hh-60100\/","title":{"rendered":"Presa sertizare HH-60100"},"content":{"rendered":"<div class=\"wpb-content-wrapper\"><p>[vc_row][vc_column][vc_column_text css_animation=&#8221;bounceInLeft&#8221; css=&#8221;&#8221; text_larger=&#8221;no&#8221;]<span style=\"color: #333399;\"><strong data-start=\"69\" data-end=\"111\">Presa electric\u0103 cu alimentare la re\u021bea<\/strong><\/span><br data-start=\"111\" data-end=\"114\" \/><span style=\"color: #333399;\">Pentru dimensiuni mari de teava din inox, de la <strong data-start=\"162\" data-end=\"175\">60\u2013108 mm<\/strong>.<\/span><\/p>\n<p>\u25cf Proiectat pentru a fi utilizat cu cleste de presare compatibile<br data-start=\"140\" data-end=\"143\" \/>\u25cf Cilindru din o\u021bel, durat\u0103 de via\u021b\u0103 prelungit\u0103<br data-start=\"190\" data-end=\"193\" \/>\u25cf Sistem hidraulic \u00een dou\u0103 trepte, cu eficien\u021b\u0103 ridicat\u0103<br data-start=\"249\" data-end=\"252\" \/>\u25cf Ecran OLED care afi\u0219eaz\u0103 procentajul bateriei, num\u0103rul de pres\u0103ri, coduri de eroare \u0219i notific\u0103ri de mentenan\u021b\u0103[\/vc_column_text][\/vc_column][\/vc_row]<\/p>\n<\/div>","protected":false},"excerpt":{"rendered":"<p data-start=\"75\" data-end=\"363\"><strong data-start=\"59\" data-end=\"77\">Setul include:<\/strong> presa electrica cu alimentare la retea\u00a0 HH-60100, cleste de prindere si cutie de transport.<\/p>\n<hr \/>\n<p data-start=\"111\" data-end=\"128\"><strong data-start=\"111\" data-end=\"126\">Domeniu de presare: 60\u2013108 mm (2&#8243;\u20134&#8243;) pentru teava din inox \u0219i cupru<br data-start=\"145\" data-end=\"148\" \/>Presiune nominal\u0103: 65 kN<br data-start=\"176\" data-end=\"179\" \/>Curs\u0103: 80 mm<br data-start=\"195\" data-end=\"198\" \/>Timp \/ ciclu: 10\u201325 secunde (\u00een func\u021bie de diametrul \u021bevii)<br data-start=\"261\" data-end=\"264\" \/>Interval service: 10.000 cicluri<\/strong><\/p>\n<p data-start=\"111\" data-end=\"128\"><a href=\"https:\/\/proterm.md\/wp-content\/uploads\/2026\/02\/HH-60100.pdf\" target=\"_blank\" rel=\"noopener\"><img decoding=\"async\" class=\"alignnone  wp-image-7559\" src=\"https:\/\/proterm.md\/wp-content\/uploads\/2021\/12\/icopdf-min-250x250.png\" alt=\"\" width=\"42\" height=\"42\" srcset=\"https:\/\/proterm.md\/wp-content\/uploads\/2021\/12\/icopdf-min-250x250.png 250w, https:\/\/proterm.md\/wp-content\/uploads\/2021\/12\/icopdf-min-150x150.png 150w, https:\/\/proterm.md\/wp-content\/uploads\/2021\/12\/icopdf-min-450x450.png 450w, https:\/\/proterm.md\/wp-content\/uploads\/2021\/12\/icopdf-min-300x300.png 300w, https:\/\/proterm.md\/wp-content\/uploads\/2021\/12\/icopdf-min-500x500.png 500w, https:\/\/proterm.md\/wp-content\/uploads\/2021\/12\/icopdf-min-100x100.png 100w, https:\/\/proterm.md\/wp-content\/uploads\/2021\/12\/icopdf-min.png 512w\" sizes=\"(max-width: 42px) 100vw, 42px\" \/>Pasaport tehnic<\/a><\/p>\n","protected":false},"featured_media":17767,"template":"","meta":{"_joinchat":[]},"product_brand":[],"product_cat":[99,2445,37,68,2354],"product_tag":[],"class_list":{"0":"post-17766","1":"product","2":"type-product","3":"status-publish","4":"has-post-thumbnail","6":"product_cat-fitinguri_pres_ape_italia","7":"product_cat-instrumente-cazangerii","8":"product_cat-sisteme_apeduct_canalizare","9":"product_cat-teava-metaloplast","10":"product_cat-inox","12":"first","13":"instock","14":"shipping-taxable","15":"product-type-simple"},"_links":{"self":[{"href":"https:\/\/proterm.md\/ro\/wp-json\/wp\/v2\/product\/17766","targetHints":{"allow":["GET"]}}],"collection":[{"href":"https:\/\/proterm.md\/ro\/wp-json\/wp\/v2\/product"}],"about":[{"href":"https:\/\/proterm.md\/ro\/wp-json\/wp\/v2\/types\/product"}],"wp:featuredmedia":[{"embeddable":true,"href":"https:\/\/proterm.md\/ro\/wp-json\/wp\/v2\/media\/17767"}],"wp:attachment":[{"href":"https:\/\/proterm.md\/ro\/wp-json\/wp\/v2\/media?parent=17766"}],"wp:term":[{"taxonomy":"product_brand","embeddable":true,"href":"https:\/\/proterm.md\/ro\/wp-json\/wp\/v2\/product_brand?post=17766"},{"taxonomy":"product_cat","embeddable":true,"href":"https:\/\/proterm.md\/ro\/wp-json\/wp\/v2\/product_cat?post=17766"},{"taxonomy":"product_tag","embeddable":true,"href":"https:\/\/proterm.md\/ro\/wp-json\/wp\/v2\/product_tag?post=17766"}],"curies":[{"name":"wp","href":"https:\/\/api.w.org\/{rel}","templated":true}]}}