{"id":17768,"date":"2026-02-26T16:40:28","date_gmt":"2026-02-26T14:40:28","guid":{"rendered":"https:\/\/proterm.md\/?post_type=product&#038;p=17768"},"modified":"2026-02-27T16:20:17","modified_gmt":"2026-02-27T14:20:17","slug":"cleste-pres-o16-teava-pex-si-multistrat","status":"publish","type":"product","link":"https:\/\/proterm.md\/ro\/product\/cleste-pres-o16-teava-pex-si-multistrat\/","title":{"rendered":"Cleste pres \u00d816 \/ \u021aeav\u0103 PEX \u0219i multistrat"},"content":{"rendered":"<div class=\"wpb-content-wrapper\"><p>[vc_row][vc_column][vc_column_text css_animation=&#8221;bounceInLeft&#8221; css=&#8221;&#8221; text_larger=&#8221;no&#8221;]<\/p>\n<p data-start=\"69\" data-end=\"147\"><strong data-start=\"69\" data-end=\"104\">Potrivit pentru presa de 19 kN \/ TH<\/strong><\/p>\n<p data-start=\"149\" data-end=\"503\">\u25cf Plac\u0103 de conectare cu \u0219tan\u021bare de precizie \u0219i design de siguran\u021b\u0103<br data-start=\"273\" data-end=\"276\" \/>\u25cf Bacuri forjate de precizie, realizate pe ma\u0219ini CNC multi-ax, cu rezisten\u021b\u0103 mare, robuste \u0219i durabile<br data-start=\"379\" data-end=\"382\" \/>\u25cf Proces special de tratament termic \u0219i program de control al inspec\u021biei pentru a asigura o durat\u0103 de via\u021b\u0103 \u00eendelungat\u0103<\/p>\n<p>[\/vc_column_text][\/vc_column][\/vc_row]<\/p>\n<\/div>","protected":false},"excerpt":{"rendered":"<p>[vc_row][vc_column][vc_column_text css_animation=&#8221;bounceInLeft&#8221; css=&#8221;&#8221; text_larger=&#8221;no&#8221;] Potrivit pentru presa de 19 kN \/ TH \u25cf Plac\u0103 de conectare cu \u0219tan\u021bare de precizie<\/p>\n","protected":false},"featured_media":17771,"template":"","meta":{"_joinchat":[]},"product_brand":[],"product_cat":[99,2445,37,68],"product_tag":[],"class_list":{"0":"post-17768","1":"product","2":"type-product","3":"status-publish","4":"has-post-thumbnail","6":"product_cat-fitinguri_pres_ape_italia","7":"product_cat-instrumente-cazangerii","8":"product_cat-sisteme_apeduct_canalizare","9":"product_cat-teava-metaloplast","10":"pa_diametru-408","12":"first","13":"instock","14":"shipping-taxable","15":"product-type-simple"},"_links":{"self":[{"href":"https:\/\/proterm.md\/ro\/wp-json\/wp\/v2\/product\/17768","targetHints":{"allow":["GET"]}}],"collection":[{"href":"https:\/\/proterm.md\/ro\/wp-json\/wp\/v2\/product"}],"about":[{"href":"https:\/\/proterm.md\/ro\/wp-json\/wp\/v2\/types\/product"}],"wp:featuredmedia":[{"embeddable":true,"href":"https:\/\/proterm.md\/ro\/wp-json\/wp\/v2\/media\/17771"}],"wp:attachment":[{"href":"https:\/\/proterm.md\/ro\/wp-json\/wp\/v2\/media?parent=17768"}],"wp:term":[{"taxonomy":"product_brand","embeddable":true,"href":"https:\/\/proterm.md\/ro\/wp-json\/wp\/v2\/product_brand?post=17768"},{"taxonomy":"product_cat","embeddable":true,"href":"https:\/\/proterm.md\/ro\/wp-json\/wp\/v2\/product_cat?post=17768"},{"taxonomy":"product_tag","embeddable":true,"href":"https:\/\/proterm.md\/ro\/wp-json\/wp\/v2\/product_tag?post=17768"}],"curies":[{"name":"wp","href":"https:\/\/api.w.org\/{rel}","templated":true}]}}