{"id":17854,"date":"2026-03-26T14:30:54","date_gmt":"2026-03-26T12:30:54","guid":{"rendered":"https:\/\/proterm.md\/?post_type=product&#038;p=17854"},"modified":"2026-03-31T15:27:21","modified_gmt":"2026-03-31T13:27:21","slug":"cazan-radiant-rsr-24","status":"publish","type":"product","link":"https:\/\/proterm.md\/ro\/product\/cazan-radiant-rsr-24\/","title":{"rendered":"Cazan gaz Radiant RSR 24"},"content":{"rendered":"<div class=\"wpb-content-wrapper\"><p>[vc_row][vc_column][vc_column_text css_animation=&#8221;bounceIn&#8221; css=&#8221;&#8221; text_larger=&#8221;no&#8221;]<\/p>\n<p data-start=\"31\" data-end=\"321\">Cazanul pe gaz <strong data-start=\"46\" data-end=\"61\">COMFORT RSR<\/strong> este echipat cu un sistem special de evacuare care permite func\u021bionarea cu un co\u0219 coaxial compact (aprox. 1 metru). Aceast\u0103 solu\u021bie este foarte practic\u0103 atunci c\u00e2nd spa\u021biul de instalare nu dispune de un co\u0219 de fum clasic sau c\u00e2nd acesta are probleme de tiraj.<\/p>\n<p data-start=\"323\" data-end=\"552\">Camera de ardere este de tip <strong data-start=\"352\" data-end=\"362\">\u00eenchis<\/strong>, ceea ce \u00eenseamn\u0103 c\u0103 aerul necesar pentru combustie este preluat din exterior prin co\u0219ul coaxial. Astfel, se asigur\u0103 o func\u021bionare sigur\u0103 \u0219i eficient\u0103, f\u0103r\u0103 a consuma oxigenul din \u00eenc\u0103pere.<\/p>\n<h3 data-section-id=\"18tmuwd\" data-start=\"554\" data-end=\"583\">Caracteristici principale<\/h3>\n<ul data-start=\"584\" data-end=\"1022\">\n<li data-section-id=\"17bp6hv\" data-start=\"584\" data-end=\"642\">Schimb\u0103tor de c\u0103ldur\u0103 din <strong data-start=\"612\" data-end=\"621\">cupru<\/strong> cu strat anticoroziv<\/li>\n<li data-section-id=\"uvqbzi\" data-start=\"643\" data-end=\"697\"><strong data-start=\"645\" data-end=\"665\">Protec\u021bie tripl\u0103<\/strong> \u00eempotriva depunerilor de calcar<\/li>\n<li data-section-id=\"1phq2fq\" data-start=\"698\" data-end=\"748\">Plac\u0103 electronic\u0103 cu <strong data-start=\"721\" data-end=\"748\">func\u021bie de autodiagnoz\u0103<\/strong><\/li>\n<li data-section-id=\"13ahdqa\" data-start=\"749\" data-end=\"811\">Construc\u021bie durabil\u0103 din <strong data-start=\"776\" data-end=\"811\">alam\u0103, cupru \u0219i o\u021bel inoxidabil<\/strong><\/li>\n<li data-section-id=\"1noxpw4\" data-start=\"812\" data-end=\"875\">Senzor electronic de debit pentru ACM, cu <strong data-start=\"856\" data-end=\"875\">filtru din inox<\/strong><\/li>\n<li data-section-id=\"24pxf2\" data-start=\"876\" data-end=\"949\"><strong data-start=\"878\" data-end=\"910\">Modulare continu\u0103 a fl\u0103c\u0103rii<\/strong> pentru \u00eenc\u0103lzire \u0219i ap\u0103 cald\u0103 menajer\u0103<\/li>\n<li data-section-id=\"1f3sla\" data-start=\"950\" data-end=\"1022\">Furnizare rapid\u0103 a apei calde datorit\u0103 sistemului patentat <strong data-start=\"1011\" data-end=\"1022\">DUOPASS<\/strong><\/li>\n<\/ul>\n<h3 data-section-id=\"fh0v9c\" data-start=\"1024\" data-end=\"1037\">Important<\/h3>\n<p data-start=\"1038\" data-end=\"1174\">Instalarea unui <strong data-start=\"1054\" data-end=\"1077\">termostat de camer\u0103<\/strong> poate reduce consumul de combustibil cu aproximativ <strong data-start=\"1130\" data-end=\"1140\">10\u201320%<\/strong> pe durata sezonului de \u00eenc\u0103lzire.<\/p>\n<p data-start=\"1176\" data-end=\"1424\">La alegerea unui cazan cu preparare ap\u0103 cald\u0103 menajer\u0103 (ACM), este important s\u0103 se \u021bin\u0103 cont de <strong data-start=\"1272\" data-end=\"1296\">debitul de ap\u0103 cald\u0103<\/strong>. Pentru utilizarea unui singur punct de consum (du\u0219, chiuvet\u0103 sau cad\u0103) este necesar\u0103, \u00een medie, o capacitate de <strong data-start=\"1410\" data-end=\"1423\">4\u20138 l\/min<\/strong>.<\/p>\n<p data-start=\"1426\" data-end=\"1590\">Cazanele pe gaz necesit\u0103 <strong data-start=\"1451\" data-end=\"1477\">instalare profesional\u0103<\/strong> \u0219i \u00eentre\u021binere periodic\u0103. Se recomand\u0103 studierea atent\u0103 a documenta\u021biei tehnice \u00eenainte de punerea \u00een func\u021biune.<\/p>\n<p>[\/vc_column_text][\/vc_column][\/vc_row]<\/p>\n<\/div>","protected":false},"excerpt":{"rendered":"<p data-start=\"58\" data-end=\"129\"><strong data-start=\"58\" data-end=\"68\">Model:<\/strong> RSR 24<br data-start=\"75\" data-end=\"78\" \/><strong data-start=\"78\" data-end=\"93\">Produc\u0103tor:<\/strong> Radiant<\/p>\n<h3 data-section-id=\"18tmuwd\" data-start=\"136\" data-end=\"165\">Caracteristici principale<\/h3>\n<ul data-start=\"166\" data-end=\"503\">\n<li data-section-id=\"14ciflf\" data-start=\"166\" data-end=\"204\"><strong data-start=\"168\" data-end=\"176\">Tip:<\/strong> conven\u021bional (convec\u021bional)<\/li>\n<li data-section-id=\"13x56b1\" data-start=\"205\" data-end=\"239\"><strong data-start=\"207\" data-end=\"227\">Tip combustibil:<\/strong> gaz natural<\/li>\n<li data-section-id=\"1rd534x\" data-start=\"240\" data-end=\"271\"><strong data-start=\"242\" data-end=\"253\">Montaj:<\/strong> mural (pe perete)<\/li>\n<li data-section-id=\"19geaoq\" data-start=\"272\" data-end=\"301\"><strong data-start=\"274\" data-end=\"290\">Tip control:<\/strong> electronic<\/li>\n<li data-section-id=\"6hf80d\" data-start=\"302\" data-end=\"335\"><strong data-start=\"304\" data-end=\"328\">Suprafa\u021b\u0103 \u00eenc\u0103lzit\u0103:<\/strong> 255 m\u00b2<\/li>\n<li data-section-id=\"qr31y8\" data-start=\"336\" data-end=\"371\"><strong data-start=\"338\" data-end=\"363\">Volum vas expansiune:<\/strong> 7 litri<\/li>\n<li data-section-id=\"7cmwuc\" data-start=\"372\" data-end=\"416\"><strong data-start=\"374\" data-end=\"407\">Alimentare combustibil solid:<\/strong> automat\u0103<\/li>\n<li data-section-id=\"1znfgy\" data-start=\"417\" data-end=\"452\"><strong data-start=\"419\" data-end=\"444\">Tip camer\u0103 de ardere:<\/strong> \u00eenchis\u0103<\/li>\n<li data-section-id=\"wkkxz1\" data-start=\"453\" data-end=\"503\"><strong data-start=\"455\" data-end=\"480\">Diametru co\u0219 coaxial:<\/strong> \u2014 (nu este specificat)<\/li>\n<li data-section-id=\"my4z3f\" data-start=\"539\" data-end=\"599\"><strong data-start=\"541\" data-end=\"576\">Material schimb\u0103tor de c\u0103ldur\u0103:<\/strong> cupru, o\u021bel inoxidabil<\/li>\n<li data-section-id=\"8qk98x\" data-start=\"631\" data-end=\"652\"><strong data-start=\"633\" data-end=\"644\">Putere:<\/strong> 25.5 kW<\/li>\n<li data-section-id=\"gvczau\" data-start=\"681\" data-end=\"721\"><strong data-start=\"683\" data-end=\"702\">Caracteristici:<\/strong> display electronic<\/li>\n<li data-section-id=\"rgtrzm\" data-start=\"755\" data-end=\"775\"><strong data-start=\"757\" data-end=\"768\">L\u0103\u021bime:<\/strong> 410 mm<\/li>\n<li data-section-id=\"1cj8h4j\" data-start=\"776\" data-end=\"798\"><strong data-start=\"778\" data-end=\"791\">\u00cen\u0103l\u021bime:<\/strong> 730 mm<\/li>\n<li data-section-id=\"30ummk\" data-start=\"799\" data-end=\"821\"><strong data-start=\"801\" data-end=\"814\">Ad\u00e2ncime:<\/strong> 270 mm<\/li>\n<li data-section-id=\"clv2ri\" data-start=\"822\" data-end=\"843\"><strong data-start=\"824\" data-end=\"837\">Greutate:<\/strong> 32 kg<\/li>\n<\/ul>\n<p><a href=\"https:\/\/proterm.md\/wp-content\/uploads\/2026\/03\/Radiant-RSR-24-manual-ro_compressed.pdf\" target=\"_blank\" rel=\"noopener\"><img loading=\"lazy\" decoding=\"async\" class=\"alignnone wp-image-7559\" src=\"https:\/\/proterm.md\/wp-content\/uploads\/2021\/12\/icopdf-min-250x250.png\" alt=\"\" width=\"32\" height=\"32\" srcset=\"https:\/\/proterm.md\/wp-content\/uploads\/2021\/12\/icopdf-min-250x250.png 250w, https:\/\/proterm.md\/wp-content\/uploads\/2021\/12\/icopdf-min-150x150.png 150w, https:\/\/proterm.md\/wp-content\/uploads\/2021\/12\/icopdf-min-450x450.png 450w, https:\/\/proterm.md\/wp-content\/uploads\/2021\/12\/icopdf-min-300x300.png 300w, https:\/\/proterm.md\/wp-content\/uploads\/2021\/12\/icopdf-min-500x500.png 500w, https:\/\/proterm.md\/wp-content\/uploads\/2021\/12\/icopdf-min-100x100.png 100w, https:\/\/proterm.md\/wp-content\/uploads\/2021\/12\/icopdf-min.png 512w\" sizes=\"auto, (max-width: 32px) 100vw, 32px\" \/>Manual<\/a><\/p>\n","protected":false},"featured_media":17855,"template":"","meta":{"_joinchat":[]},"product_brand":[],"product_cat":[53,2448,15],"product_tag":[2449],"class_list":{"0":"post-17854","1":"product","2":"type-product","3":"status-publish","4":"has-post-thumbnail","6":"product_cat-cazane_gaz","7":"product_cat-radiant","8":"product_cat-instalatii_incalzire","9":"product_tag-radiant","10":"pa_brand-radiant","11":"pa_classic-boiler-or-condensed-clasic","12":"pa_heating-surface-233","13":"pa_power-boiler-kw-234","15":"first","16":"instock","17":"shipping-taxable","18":"product-type-simple"},"_links":{"self":[{"href":"https:\/\/proterm.md\/ro\/wp-json\/wp\/v2\/product\/17854","targetHints":{"allow":["GET"]}}],"collection":[{"href":"https:\/\/proterm.md\/ro\/wp-json\/wp\/v2\/product"}],"about":[{"href":"https:\/\/proterm.md\/ro\/wp-json\/wp\/v2\/types\/product"}],"wp:featuredmedia":[{"embeddable":true,"href":"https:\/\/proterm.md\/ro\/wp-json\/wp\/v2\/media\/17855"}],"wp:attachment":[{"href":"https:\/\/proterm.md\/ro\/wp-json\/wp\/v2\/media?parent=17854"}],"wp:term":[{"taxonomy":"product_brand","embeddable":true,"href":"https:\/\/proterm.md\/ro\/wp-json\/wp\/v2\/product_brand?post=17854"},{"taxonomy":"product_cat","embeddable":true,"href":"https:\/\/proterm.md\/ro\/wp-json\/wp\/v2\/product_cat?post=17854"},{"taxonomy":"product_tag","embeddable":true,"href":"https:\/\/proterm.md\/ro\/wp-json\/wp\/v2\/product_tag?post=17854"}],"curies":[{"name":"wp","href":"https:\/\/api.w.org\/{rel}","templated":true}]}}