{"id":17891,"date":"2026-04-02T13:17:39","date_gmt":"2026-04-02T11:17:39","guid":{"rendered":"https:\/\/proterm.md\/?post_type=product&#038;p=17891"},"modified":"2026-04-02T13:38:46","modified_gmt":"2026-04-02T11:38:46","slug":"bloc-hidraulic-retur-arca-mx","status":"publish","type":"product","link":"https:\/\/proterm.md\/ro\/product\/bloc-hidraulic-retur-arca-mx\/","title":{"rendered":"Bloc hidraulic retur Arca MX"},"content":{"rendered":"<div class=\"wpb-content-wrapper\"><p>[vc_row][vc_column][vc_column_text css=&#8221;&#8221; text_larger=&#8221;no&#8221;]Aceast\u0103 component\u0103 este indispensabil\u0103 pentru func\u021bionarea corect\u0103 a circuitului hidraulic, protej\u00e2nd schimb\u0103torul de c\u0103ldur\u0103 \u00eempotriva uzurii premature \u0219i contribuind la optimizarea consumului de combustibil. Piesa compatibila cu cazanul pe gaz\u00a0 Arca Pixel MX[\/vc_column_text][\/vc_column][\/vc_row]<\/p>\n<\/div>","protected":false},"excerpt":{"rendered":"<p>Grup de Retur Arca Pixel MX\u00a0 cu sensor de flux.<\/p>\n<p>Recomand\u0103m ca instalarea s\u0103 fie efectuat\u0103 de un tehnician autorizat, pentru a men\u021bine garan\u021bia \u0219i siguran\u021ba \u00een exploatare a centralei dumneavoastr\u0103.<\/p>\n","protected":false},"featured_media":17892,"template":"","meta":{"_joinchat":[]},"product_brand":[],"product_cat":[123],"product_tag":[126],"class_list":{"0":"post-17891","1":"product","2":"type-product","3":"status-publish","4":"has-post-thumbnail","6":"product_cat-piese_de_schimb_centrale_termice","7":"product_tag-arca","8":"pa_brand-arca","10":"first","11":"instock","12":"shipping-taxable","13":"product-type-simple"},"_links":{"self":[{"href":"https:\/\/proterm.md\/ro\/wp-json\/wp\/v2\/product\/17891","targetHints":{"allow":["GET"]}}],"collection":[{"href":"https:\/\/proterm.md\/ro\/wp-json\/wp\/v2\/product"}],"about":[{"href":"https:\/\/proterm.md\/ro\/wp-json\/wp\/v2\/types\/product"}],"wp:featuredmedia":[{"embeddable":true,"href":"https:\/\/proterm.md\/ro\/wp-json\/wp\/v2\/media\/17892"}],"wp:attachment":[{"href":"https:\/\/proterm.md\/ro\/wp-json\/wp\/v2\/media?parent=17891"}],"wp:term":[{"taxonomy":"product_brand","embeddable":true,"href":"https:\/\/proterm.md\/ro\/wp-json\/wp\/v2\/product_brand?post=17891"},{"taxonomy":"product_cat","embeddable":true,"href":"https:\/\/proterm.md\/ro\/wp-json\/wp\/v2\/product_cat?post=17891"},{"taxonomy":"product_tag","embeddable":true,"href":"https:\/\/proterm.md\/ro\/wp-json\/wp\/v2\/product_tag?post=17891"}],"curies":[{"name":"wp","href":"https:\/\/api.w.org\/{rel}","templated":true}]}}