{"id":17945,"date":"2026-04-16T14:26:26","date_gmt":"2026-04-16T12:26:26","guid":{"rendered":"https:\/\/proterm.md\/?post_type=product&#038;p=17945"},"modified":"2026-04-16T14:37:40","modified_gmt":"2026-04-16T12:37:40","slug":"adaptor-cos-de-fum-o125-80x100-60","status":"publish","type":"product","link":"https:\/\/proterm.md\/ro\/product\/adaptor-cos-de-fum-o125-80x100-60\/","title":{"rendered":"Adaptor cos de fum \u00d8125\/80&#215;100\/60"},"content":{"rendered":"<div class=\"wpb-content-wrapper\"><p>[vc_row][vc_column][vc_column_text css_animation=&#8221;bounceIn&#8221; text_larger=&#8221;no&#8221;]Accesorii de conectare cos de fum pentru orice tip de cazan pe gaz.[\/vc_column_text][\/vc_column][\/vc_row]<\/p>\n<\/div>","protected":false},"excerpt":{"rendered":"<p>Adaptorul de condensare , D = 60 x 100 mm la D = 80 x 125 mm, este conceput pentru conectarea sistemelor coaxiale de evacuare a gazelor de ardere de diferite diametre. Se utilizeaz\u0103 la instalarea centralelor termice \u00een condensare, atunci c\u00e2nd este necesar\u0103 conectarea echipamentelor cu o ie\u0219ire de 60 x 100 mm la un canal de evacuare cu diametrul de 80 x 125 mm.<\/p>\n","protected":false},"featured_media":17946,"template":"","meta":{"_joinchat":[]},"product_brand":[],"product_cat":[368,61,15],"product_tag":[],"class_list":{"0":"post-17945","1":"product","2":"type-product","3":"status-publish","4":"has-post-thumbnail","6":"product_cat-accesorii_cos_fum","7":"product_cat-cosuri_de_fum","8":"product_cat-instalatii_incalzire","9":"pa_classic-boiler-or-condensed-condesed","10":"pa_diametru-125-80x100-60","12":"first","13":"instock","14":"shipping-taxable","15":"product-type-simple"},"_links":{"self":[{"href":"https:\/\/proterm.md\/ro\/wp-json\/wp\/v2\/product\/17945","targetHints":{"allow":["GET"]}}],"collection":[{"href":"https:\/\/proterm.md\/ro\/wp-json\/wp\/v2\/product"}],"about":[{"href":"https:\/\/proterm.md\/ro\/wp-json\/wp\/v2\/types\/product"}],"wp:featuredmedia":[{"embeddable":true,"href":"https:\/\/proterm.md\/ro\/wp-json\/wp\/v2\/media\/17946"}],"wp:attachment":[{"href":"https:\/\/proterm.md\/ro\/wp-json\/wp\/v2\/media?parent=17945"}],"wp:term":[{"taxonomy":"product_brand","embeddable":true,"href":"https:\/\/proterm.md\/ro\/wp-json\/wp\/v2\/product_brand?post=17945"},{"taxonomy":"product_cat","embeddable":true,"href":"https:\/\/proterm.md\/ro\/wp-json\/wp\/v2\/product_cat?post=17945"},{"taxonomy":"product_tag","embeddable":true,"href":"https:\/\/proterm.md\/ro\/wp-json\/wp\/v2\/product_tag?post=17945"}],"curies":[{"name":"wp","href":"https:\/\/api.w.org\/{rel}","templated":true}]}}