{"id":17989,"date":"2026-05-01T10:14:41","date_gmt":"2026-05-01T08:14:41","guid":{"rendered":"https:\/\/proterm.md\/?post_type=product&#038;p=17989"},"modified":"2026-05-01T10:14:53","modified_gmt":"2026-05-01T08:14:53","slug":"manometru-combinat-temperatura-si-presiune-tridicator","status":"publish","type":"product","link":"https:\/\/proterm.md\/ro\/product\/manometru-combinat-temperatura-si-presiune-tridicator\/","title":{"rendered":"Manometru combinat temperatura si presiune (Tridicator) 1\/2&#8243;"},"content":{"rendered":"<div class=\"wpb-content-wrapper\"><p>[vc_row][vc_column][vc_column_text css=&#8221;&#8221; text_larger=&#8221;no&#8221;]<\/p>\n<p data-start=\"178\" data-end=\"318\">Acest instrument este utilizat pentru monitorizarea simultan\u0103 a temperaturii \u0219i presiunii \u00een instala\u021bii tehnice. Este foarte des folosit \u00een:<\/p>\n<ul data-start=\"320\" data-end=\"519\">\n<li data-section-id=\"19mx4ht\" data-start=\"320\" data-end=\"372\">sisteme de \u00eenc\u0103lzire (centrale termice, boilere)<\/li>\n<li data-section-id=\"s4edj9\" data-start=\"373\" data-end=\"400\">instala\u021bii de ap\u0103 cald\u0103<\/li>\n<li data-section-id=\"1igh8o\" data-start=\"401\" data-end=\"458\">sisteme HVAC (\u00eenc\u0103lzire, ventila\u021bie, aer condi\u021bionat)<\/li>\n<li data-section-id=\"141wscr\" data-start=\"459\" data-end=\"486\">echipamente industriale<\/li>\n<li data-section-id=\"1o4jq8a\" data-start=\"487\" data-end=\"519\">circuite de ap\u0103 sub presiune<\/li>\n<\/ul>\n<p data-start=\"521\" data-end=\"646\">Ajut\u0103 la verificarea rapid\u0103 a func\u021bion\u0103rii corecte a instala\u021biei \u0219i la prevenirea defectelor sau suprasolicit\u0103rii sistemului.<\/p>\n<p>[\/vc_column_text][\/vc_column][\/vc_row]<\/p>\n<\/div>","protected":false},"excerpt":{"rendered":"<p data-start=\"185\" data-end=\"357\">Carcas\u0103 din o\u021bel negru cu geam din acril<br data-start=\"225\" data-end=\"228\" \/>Conectare central\u0103 spate 1\/2&#8243; MPT din alam\u0103<br data-start=\"271\" data-end=\"274\" \/>Element de m\u0103surare tip tub Bourdon \u0219i bimetal spiralat<br data-start=\"329\" data-end=\"332\" \/>Scal\u0103 dubl\u0103 \u00een \u00b0F \u0219i \u00b0C<\/p>\n<ul data-start=\"358\" data-end=\"611\">\n<li data-section-id=\"zlg723\" data-start=\"358\" data-end=\"407\">Domeniu temperatur\u0103: 30\u2013250\u00b0F (increment 5\u00b0F)<\/li>\n<li data-section-id=\"1bpesoz\" data-start=\"408\" data-end=\"481\">Domeniu temperatur\u0103: 0\u2013120\u00b0C (increment 2\u00b0C)<br data-start=\"454\" data-end=\"457\" \/>Scal\u0103 dubl\u0103 PSI \u0219i kPa<\/li>\n<li data-section-id=\"8xe9io\" data-start=\"482\" data-end=\"530\">Domeniu presiune: 0\u201375 psi (increment 1 psi)<\/li>\n<li data-section-id=\"fi7ele\" data-start=\"531\" data-end=\"611\">Domeniu presiune: 0\u2013500 kPa (increment 10 kPa)<br data-start=\"579\" data-end=\"582\" \/>Ad\u00e2ncime sond\u0103 (well): 2-1\/4\u201d<\/li>\n<\/ul>\n","protected":false},"featured_media":17990,"template":"","meta":{"_joinchat":[]},"product_brand":[],"product_cat":[114,71],"product_tag":[],"class_list":{"0":"post-17989","1":"product","2":"type-product","3":"status-publish","4":"has-post-thumbnail","6":"product_cat-manometru_termometru_termomanometru","7":"product_cat-robineti_racorduri","9":"first","10":"instock","11":"shipping-taxable","12":"product-type-simple"},"_links":{"self":[{"href":"https:\/\/proterm.md\/ro\/wp-json\/wp\/v2\/product\/17989","targetHints":{"allow":["GET"]}}],"collection":[{"href":"https:\/\/proterm.md\/ro\/wp-json\/wp\/v2\/product"}],"about":[{"href":"https:\/\/proterm.md\/ro\/wp-json\/wp\/v2\/types\/product"}],"wp:featuredmedia":[{"embeddable":true,"href":"https:\/\/proterm.md\/ro\/wp-json\/wp\/v2\/media\/17990"}],"wp:attachment":[{"href":"https:\/\/proterm.md\/ro\/wp-json\/wp\/v2\/media?parent=17989"}],"wp:term":[{"taxonomy":"product_brand","embeddable":true,"href":"https:\/\/proterm.md\/ro\/wp-json\/wp\/v2\/product_brand?post=17989"},{"taxonomy":"product_cat","embeddable":true,"href":"https:\/\/proterm.md\/ro\/wp-json\/wp\/v2\/product_cat?post=17989"},{"taxonomy":"product_tag","embeddable":true,"href":"https:\/\/proterm.md\/ro\/wp-json\/wp\/v2\/product_tag?post=17989"}],"curies":[{"name":"wp","href":"https:\/\/api.w.org\/{rel}","templated":true}]}}