{"id":17992,"date":"2026-05-04T08:53:14","date_gmt":"2026-05-04T06:53:14","guid":{"rendered":"https:\/\/proterm.md\/?post_type=product&#038;p=17992"},"modified":"2026-05-04T09:03:07","modified_gmt":"2026-05-04T07:03:07","slug":"supapa-de-siguranta-emmeti-1-2-3-bar","status":"publish","type":"product","link":"https:\/\/proterm.md\/ro\/product\/supapa-de-siguranta-emmeti-1-2-3-bar\/","title":{"rendered":"Supapa de siguranta EMMETI 1\/2&#8243; 3 bar"},"content":{"rendered":"<div class=\"wpb-content-wrapper\"><p>[vc_row][vc_column][vc_column_text css=&#8221;&#8221; text_larger=&#8221;no&#8221;]O supap\u0103 de siguranta de la produc\u0103torul italian EMMETI, conceput\u0103 pentru a proteja sistemele de \u00eenc\u0103lzire \u0219i alimentare cu ap\u0103 de suprapresiune. Aceasta asigur\u0103 func\u021bionarea stabil\u0103 \u0219i sigur\u0103 a echipamentului.[\/vc_column_text][\/vc_column][\/vc_row]<\/p>\n<\/div>","protected":false},"excerpt":{"rendered":"<p data-start=\"71\" data-end=\"314\"><strong data-start=\"71\" data-end=\"79\">Tip:<\/strong> supap\u0103 de siguran\u021b\u0103<br data-start=\"99\" data-end=\"102\" \/><strong data-start=\"102\" data-end=\"124\">Presiune de lucru:<\/strong> 3 Bar<br data-start=\"130\" data-end=\"133\" \/><strong data-start=\"133\" data-end=\"156\">Temperatur\u0103 maxim\u0103:<\/strong> p\u00e2n\u0103 la +110\u00b0C<br data-start=\"171\" data-end=\"174\" \/><strong data-start=\"174\" data-end=\"188\">Conectare:<\/strong> 1\/2&#8243;<br data-start=\"193\" data-end=\"196\" \/><strong data-start=\"196\" data-end=\"210\" data-is-only-node=\"\">Tip filet:<\/strong> interior \u2013 interior<br data-start=\"230\" data-end=\"233\" \/><strong data-start=\"233\" data-end=\"246\">Material:<\/strong> alam\u0103<br data-start=\"252\" data-end=\"255\" \/><strong data-start=\"255\" data-end=\"285\">Orificiu pentru manometru:<\/strong> nu<br data-start=\"288\" data-end=\"291\" \/><strong data-start=\"291\" data-end=\"305\">Produc\u021bie:<\/strong> Italia<\/p>\n<p data-start=\"71\" data-end=\"314\"><strong>Marca<\/strong>: EMMETI<\/p>\n<p data-start=\"316\" data-end=\"345\"><strong data-start=\"316\" data-end=\"343\">Dimensiuni \u0219i greutate:<\/strong><\/p>\n<ul data-start=\"346\" data-end=\"423\">\n<li data-section-id=\"1d21r7y\" data-start=\"346\" data-end=\"365\">\u00cen\u0103l\u021bime: 90 mm<\/li>\n<li data-section-id=\"1kfy7ab\" data-start=\"366\" data-end=\"383\">L\u0103\u021bime: 40 mm<\/li>\n<li data-section-id=\"1dstvw9\" data-start=\"384\" data-end=\"403\">Ad\u00e2ncime: 55 mm<\/li>\n<li data-section-id=\"1ai6ns2\" data-start=\"404\" data-end=\"423\">Greutate: 116 g<\/li>\n<\/ul>\n<p data-start=\"425\" data-end=\"440\"><strong data-start=\"425\" data-end=\"438\">Avantaje:<\/strong><\/p>\n<ul data-start=\"441\" data-end=\"597\">\n<li data-section-id=\"1t8qpkm\" data-start=\"441\" data-end=\"484\">Calitate \u00eenalt\u0103 a construc\u021biei (Italia)<\/li>\n<li data-section-id=\"1jcatp\" data-start=\"485\" data-end=\"531\">Protec\u021bie fiabil\u0103 \u00eempotriva suprapresiunii<\/li>\n<li data-section-id=\"1se0wk0\" data-start=\"532\" data-end=\"570\">Rezisten\u021b\u0103 la temperaturi ridicate<\/li>\n<li data-section-id=\"14f4x5u\" data-start=\"571\" data-end=\"597\">Corp durabil din alam\u0103<\/li>\n<\/ul>\n","protected":false},"featured_media":17993,"template":"","meta":{"_joinchat":[]},"product_brand":[],"product_cat":[113],"product_tag":[411],"class_list":{"0":"post-17992","1":"product","2":"type-product","3":"status-publish","4":"has-post-thumbnail","6":"product_cat-supa_sens_si_siguranta","7":"product_tag-fiv","8":"pa_brand-fiv-emmeti","9":"pa_filet-1-2","10":"pa_thread-type-inside","12":"first","13":"instock","14":"shipping-taxable","15":"product-type-simple"},"_links":{"self":[{"href":"https:\/\/proterm.md\/ro\/wp-json\/wp\/v2\/product\/17992","targetHints":{"allow":["GET"]}}],"collection":[{"href":"https:\/\/proterm.md\/ro\/wp-json\/wp\/v2\/product"}],"about":[{"href":"https:\/\/proterm.md\/ro\/wp-json\/wp\/v2\/types\/product"}],"wp:featuredmedia":[{"embeddable":true,"href":"https:\/\/proterm.md\/ro\/wp-json\/wp\/v2\/media\/17993"}],"wp:attachment":[{"href":"https:\/\/proterm.md\/ro\/wp-json\/wp\/v2\/media?parent=17992"}],"wp:term":[{"taxonomy":"product_brand","embeddable":true,"href":"https:\/\/proterm.md\/ro\/wp-json\/wp\/v2\/product_brand?post=17992"},{"taxonomy":"product_cat","embeddable":true,"href":"https:\/\/proterm.md\/ro\/wp-json\/wp\/v2\/product_cat?post=17992"},{"taxonomy":"product_tag","embeddable":true,"href":"https:\/\/proterm.md\/ro\/wp-json\/wp\/v2\/product_tag?post=17992"}],"curies":[{"name":"wp","href":"https:\/\/api.w.org\/{rel}","templated":true}]}}