{"id":17994,"date":"2026-05-04T10:43:26","date_gmt":"2026-05-04T08:43:26","guid":{"rendered":"https:\/\/proterm.md\/?post_type=product&#038;p=17994"},"modified":"2026-05-04T10:49:05","modified_gmt":"2026-05-04T08:49:05","slug":"filtru-impuritati-1-2-fiv","status":"publish","type":"product","link":"https:\/\/proterm.md\/ro\/product\/filtru-impuritati-1-2-fiv\/","title":{"rendered":"Filtru impuritati 1\/2&#8243; FIV"},"content":{"rendered":"<div class=\"wpb-content-wrapper\"><p>[vc_row][vc_column][vc_column_text css=&#8221;&#8221; text_larger=&#8221;no&#8221;]Un filtru grosier de la produc\u0103torul italian FIV, conceput pentru a proteja sistemele de \u00eenc\u0103lzire \u0219i alimentare cu ap\u0103 de impurit\u0103\u021bile mecanice (nisip, rugin\u0103, depuneri).<\/p>\n<p>Protec\u021bie eficient\u0103 a echipamentelor (cazane, pompe, valve)<br \/>\nPrelunge\u0219te durata de via\u021b\u0103 a sistemului<br \/>\nConstruc\u021bie durabil\u0103 din alam\u0103<br \/>\nPlas\u0103 filtrant\u0103 u\u0219or de cur\u0103\u021bat<br \/>\nCalitate european\u0103 fiabil\u0103<br \/>\nLocuri de utilizare:<br \/>\nSisteme de \u00eenc\u0103lzire<br \/>\nAlimentare cu ap\u0103<br \/>\n\u00cenainte de cazane \u0219i pompe[\/vc_column_text][\/vc_column][\/vc_row][vc_row][vc_column][vc_raw_html css=&#8221;&#8221;]JTdCJTBEJTBBJTIwJTIwJTIyJTQwY29udGV4dCUyMiUzQSUyMCUyMmh0dHBzJTNBJTJGJTJGc2NoZW1hLm9yZyUyRiUyMiUyQyUwRCUwQSUyMCUyMCUyMiU0MHR5cGUlMjIlM0ElMjAlMjJQcm9kdWN0JTIyJTJDJTBEJTBBJTIwJTIwJTIybmFtZSUyMiUzQSUyMCUyMkZpbHRydSUyMFklMjBicm9ueiUyMEZJViUyMEl0YWxpYSUyMDElMkYyJTIyJTJDJTBEJTBBJTIwJTIwJTIyaW1hZ2UlMjIlM0ElMjAlMjJodHRwcyUzQSUyRiUyRnByb3Rlcm0ubWQlMkZ3cC1jb250ZW50JTJGdXBsb2FkcyUyRjIwMjYlMkYwNSUyRkZpbHRydS1ZLWJyb256LUZJVi1JdGFsaWEud2VicCUyMiUyQyUwRCUwQSUyMCUyMCUyMnNrdSUyMiUzQSUyMCUyMjE3OTk0JTIyJTJDJTBEJTBBJTIwJTIwJTIyZGVzY3JpcHRpb24lMjIlM0ElMjAlMjJGaWx0cnUlMjBZJTIwZGluJTIwYnJvbnolMjBGSVYlMjAxJTJGMiUyQyUyMGZhYnJpY2F0JTIwaW4lMjBJdGFsaWElMkMlMjB1dGlsaXphdCUyMHBlbnRydSUyMHByb3RlY3RpYSUyMGluc3RhbGF0aWlsb3IlMjBkZSUyMGluY2FsemlyZSUyMHNpJTIwYWxpbWVudGFyZSUyMGN1JTIwYXBhLiUyMFJldGluZSUyMGltcHVyaXRhdGklMjBwcmVjdW0lMjBuaXNpcCUyQyUyMHJ1Z2luYSUyMHNpJTIwZGVwdW5lcmklMkMlMjBwcm90ZWphbmQlMjBjYXphbmVsZSUyQyUyMHBvbXBlbGUlMjBzaSUyMHJvYmluZXRpaS4lMjIlMkMlMEQlMEElMjAlMjAlMjJicmFuZCUyMiUzQSUyMCU3QiUwRCUwQSUyMCUyMCUyMCUyMCUyMiU0MHR5cGUlMjIlM0ElMjAlMjJCcmFuZCUyMiUyQyUwRCUwQSUyMCUyMCUyMCUyMCUyMm5hbWUlMjIlM0ElMjAlMjJGSVYlMjIlMEQlMEElMjAlMjAlN0QlMkMlMEQlMEElMjAlMjAlMjJhZGRpdGlvbmFsUHJvcGVydHklMjIlM0ElMjAlNUIlMEQlMEElMjAlMjAlMjAlMjAlN0IlMEQlMEElMjAlMjAlMjAlMjAlMjAlMjAlMjIlNDB0eXBlJTIyJTNBJTIwJTIyUHJvcGVydHlWYWx1ZSUyMiUyQyUwRCUwQSUyMCUyMCUyMCUyMCUyMCUyMCUyMm5hbWUlMjIlM0ElMjAlMjJUaXAlMjIlMkMlMEQlMEElMjAlMjAlMjAlMjAlMjAlMjAlMjJ2YWx1ZSUyMiUzQSUyMCUyMkZpbHRydSUyMFklMjAlMjhjb3MlMjBkZSUyMGltcHVyaXRhdGklMjklMjIlMEQlMEElMjAlMjAlMjAlMjAlN0QlMkMlMEQlMEElMjAlMjAlMjAlMjAlN0IlMEQlMEElMjAlMjAlMjAlMjAlMjAlMjAlMjIlNDB0eXBlJTIyJTNBJTIwJTIyUHJvcGVydHlWYWx1ZSUyMiUyQyUwRCUwQSUyMCUyMCUyMCUyMCUyMCUyMCUyMm5hbWUlMjIlM0ElMjAlMjJNYXRlcmlhbCUyMiUyQyUwRCUwQSUyMCUyMCUyMCUyMCUyMCUyMCUyMnZhbHVlJTIyJTNBJTIwJTIyQnJvbnolMjIlMEQlMEElMjAlMjAlMjAlMjAlN0QlMkMlMEQlMEElMjAlMjAlMjAlMjAlN0IlMEQlMEElMjAlMjAlMjAlMjAlMjAlMjAlMjIlNDB0eXBlJTIyJTNBJTIwJTIyUHJvcGVydHlWYWx1ZSUyMiUyQyUwRCUwQSUyMCUyMCUyMCUyMCUyMCUyMCUyMm5hbWUlMjIlM0ElMjAlMjJEaW1lbnNpdW5lJTIyJTJDJTBEJTBBJTIwJTIwJTIwJTIwJTIwJTIwJTIydmFsdWUlMjIlM0ElMjAlMjIxJTJGMiUyMiUwRCUwQSUyMCUyMCUyMCUyMCU3RCUyQyUwRCUwQSUyMCUyMCUyMCUyMCU3QiUwRCUwQSUyMCUyMCUyMCUyMCUyMCUyMCUyMiU0MHR5cGUlMjIlM0ElMjAlMjJQcm9wZXJ0eVZhbHVlJTIyJTJDJTBEJTBBJTIwJTIwJTIwJTIwJTIwJTIwJTIybmFtZSUyMiUzQSUyMCUyMlV0aWxpemFyZSUyMiUyQyUwRCUwQSUyMCUyMCUyMCUyMCUyMCUyMCUyMnZhbHVlJTIyJTNBJTIwJTIySW5zdGFsYXRpaSUyMGluY2FsemlyZSUyMHNpJTIwYXBhJTIyJTBEJTBBJTIwJTIwJTIwJTIwJTdEJTJDJTBEJTBBJTIwJTIwJTIwJTIwJTdCJTBEJTBBJTIwJTIwJTIwJTIwJTIwJTIwJTIyJTQwdHlwZSUyMiUzQSUyMCUyMlByb3BlcnR5VmFsdWUlMjIlMkMlMEQlMEElMjAlMjAlMjAlMjAlMjAlMjAlMjJuYW1lJTIyJTNBJTIwJTIyVGFyYSUyMHByb2R1Y3RpZSUyMiUyQyUwRCUwQSUyMCUyMCUyMCUyMCUyMCUyMCUyMnZhbHVlJTIyJTNBJTIwJTIySXRhbGlhJTIyJTBEJTBBJTIwJTIwJTIwJTIwJTdEJTBEJTBBJTIwJTIwJTVEJTJDJTBEJTBBJTIwJTIwJTIyb2ZmZXJzJTIyJTNBJTIwJTdCJTBEJTBBJTIwJTIwJTIwJTIwJTIyJTQwdHlwZSUyMiUzQSUyMCUyMk9mZmVyJTIyJTJDJTBEJTBBJTIwJTIwJTIwJTIwJTIycHJpY2UlMjIlM0ElMjAlMjI4OSUyMiUyQyUwRCUwQSUyMCUyMCUyMCUyMCUyMnByaWNlQ3VycmVuY3klMjIlM0ElMjAlMjJNREwlMjIlMkMlMEQlMEElMjAlMjAlMjAlMjAlMjJhdmFpbGFiaWxpdHklMjIlM0ElMjAlMjJodHRwcyUzQSUyRiUyRnNjaGVtYS5vcmclMkZJblN0b2NrJTIyJTJDJTBEJTBBJTIwJTIwJTIwJTIwJTIyaXRlbUNvbmRpdGlvbiUyMiUzQSUyMCUyMmh0dHBzJTNBJTJGJTJGc2NoZW1hLm9yZyUyRk5ld0NvbmRpdGlvbiUyMiUyQyUwRCUwQSUyMCUyMCUyMCUyMCUyMnVybCUyMiUzQSUyMCUyMmh0dHBzJTNBJTJGJTJGcHJvdGVybS5tZCUyRiUyMiUwRCUwQSUyMCUyMCU3RCUwRCUwQSU3RA==[\/vc_raw_html][\/vc_column][\/vc_row]<\/p>\n<\/div>","protected":false},"excerpt":{"rendered":"<p>Tip: Filtru de praf<br \/>\nConexiune: 1\/2&#8243;<br \/>\nMaterial corp: Alam\u0103<br \/>\nTip filet: Mam\u0103 la mam\u0103<br \/>\nFluid: Ap\u0103, agent de r\u0103cire<br \/>\n\u021aara de origine: Italia<\/p>\n","protected":false},"featured_media":17995,"template":"","meta":{"_joinchat":[]},"product_brand":[],"product_cat":[116,71],"product_tag":[411],"class_list":{"0":"post-17994","1":"product","2":"type-product","3":"status-publish","4":"has-post-thumbnail","6":"product_cat-filtru_apa","7":"product_cat-robineti_racorduri","8":"product_tag-fiv","9":"pa_brand-klepsan","10":"pa_filet-1-2","11":"pa_thread-type-inside","13":"first","14":"instock","15":"shipping-taxable","16":"product-type-simple"},"_links":{"self":[{"href":"https:\/\/proterm.md\/ro\/wp-json\/wp\/v2\/product\/17994","targetHints":{"allow":["GET"]}}],"collection":[{"href":"https:\/\/proterm.md\/ro\/wp-json\/wp\/v2\/product"}],"about":[{"href":"https:\/\/proterm.md\/ro\/wp-json\/wp\/v2\/types\/product"}],"wp:featuredmedia":[{"embeddable":true,"href":"https:\/\/proterm.md\/ro\/wp-json\/wp\/v2\/media\/17995"}],"wp:attachment":[{"href":"https:\/\/proterm.md\/ro\/wp-json\/wp\/v2\/media?parent=17994"}],"wp:term":[{"taxonomy":"product_brand","embeddable":true,"href":"https:\/\/proterm.md\/ro\/wp-json\/wp\/v2\/product_brand?post=17994"},{"taxonomy":"product_cat","embeddable":true,"href":"https:\/\/proterm.md\/ro\/wp-json\/wp\/v2\/product_cat?post=17994"},{"taxonomy":"product_tag","embeddable":true,"href":"https:\/\/proterm.md\/ro\/wp-json\/wp\/v2\/product_tag?post=17994"}],"curies":[{"name":"wp","href":"https:\/\/api.w.org\/{rel}","templated":true}]}}