{"id":18008,"date":"2026-05-07T16:09:31","date_gmt":"2026-05-07T14:09:31","guid":{"rendered":"https:\/\/proterm.md\/?post_type=product&#038;p=18008"},"modified":"2026-05-07T16:10:28","modified_gmt":"2026-05-07T14:10:28","slug":"detector-de-gaz-3-4-ca-n1","status":"publish","type":"product","link":"https:\/\/proterm.md\/ro\/product\/detector-de-gaz-3-4-ca-n1\/","title":{"rendered":"Detector de gaz 3\/4 CA-N1"},"content":{"rendered":"<p><\/p>\n<p data-start=\"0\" data-end=\"384\">Semnalizarea de gaz CA-N1 cu supap\u0103 de \u00eenchidere este un dispozitiv modern de siguran\u021b\u0103, conceput pentru detectarea scurgerilor de gaze combustibile \u0219i toxice \u00een spa\u021bii reziden\u021biale \u0219i industriale. La detectarea unei concentra\u021bii periculoase de gaz, dispozitivul activeaz\u0103 automat alarma sonor\u0103 \u0219i luminoas\u0103, precum \u0219i opre\u0219te alimentarea cu gaz prin intermediul supapei de \u00eenchidere.<\/p>\n<p data-start=\"386\" data-end=\"653\">Modelul CA-N1 este echipat cu un senzor de \u00eenalt\u0103 sensibilitate \u0219i este fabricat utiliz\u00e2nd tehnologii moderne, asigur\u00e2nd detectarea precis\u0103 \u0219i stabil\u0103 a scurgerilor de gaz. Construc\u021bia pentru montare pe perete \u00eel face practic \u0219i u\u0219or de utilizat \u00een via\u021ba de zi cu zi.<\/p>\n<p data-start=\"655\" data-end=\"926\" data-is-last-node=\"\" data-is-only-node=\"\">Detectorul de gaz contribuie la cre\u0219terea nivelului de siguran\u021b\u0103, prevenind posibilele accidente \u0219i scurgeri de gaz. Oferim produse originale de la produc\u0103tor de detectoare de gaz.<\/p>\n<p><\/p>","protected":false},"excerpt":{"rendered":"<p>DN 20 sau 3\/4F<\/p>\n<ul>\n<li>Detectare gaze: gaz combustibil, CO<\/li>\n<li>Tip senzor: senzor semiconductor<\/li>\n<li>Metoda de detectare a gazului: dispersie naturala a gazului<\/li>\n<li>Prag alarma:\n<ul>\n<li>Gaz combustibil: 5% LEL (limita inferioara de explozie)<\/li>\n<li>CO: 100 ppm<\/li>\n<\/ul>\n<\/li>\n<li>Timp de incalzire: 180 secunde<\/li>\n<li>Precizie:\n<ul>\n<li>Gaz combustibil: \u00b13% LEL<\/li>\n<li>CO: \u00b150 ppm<\/li>\n<\/ul>\n<\/li>\n<li>Timp de raspuns: \u226430 secunde<\/li>\n<li>Alimentare: AC 220V<\/li>\n<li>Consum de energie: &lt;1 W<\/li>\n<li>Tip alarma: semnal sonor cu indicator luminos rosu<\/li>\n<li>Nivel sonor: \u226570 dB<\/li>\n<li>Conditii de functionare:\n<ul>\n<li>Temperatura: 0\u2103 ~ +55\u2103<\/li>\n<li>Umiditate: &lt;95% fara condens<\/li>\n<\/ul>\n<\/li>\n<li>Greutate: 150 g<\/li>\n<li>Dimensiuni (L \u00d7 l \u00d7 H): 108 \u00d7 82 \u00d7 49.5 mm<\/li>\n<\/ul>\n<p data-start=\"0\" data-end=\"108\">Instalati dispozitivul pe perete la o distanta orizontala de 2\u20134 metri fata de aragaz sau alta sursa de gaz.<\/p>\n<p data-start=\"110\" data-end=\"194\">Pozitia verticala a detectorului trebuie aleasa in functie de tipul de gaz utilizat:<\/p>\n<ul data-start=\"195\" data-end=\"365\">\n<li data-section-id=\"162sbcs\" data-start=\"195\" data-end=\"282\">Pentru gaz lichefiat \u2014 se recomanda instalarea la aproximativ 0,3 m deasupra podelei;<\/li>\n<li data-section-id=\"1pdg08v\" data-start=\"283\" data-end=\"365\">Pentru gaz natural \u2014 dispozitivul trebuie montat la aproximativ 0,3 m sub tavan.<\/li>\n<\/ul>\n<p data-start=\"367\" data-end=\"401\">Evitati instalarea dispozitivului:<\/p>\n<ul data-start=\"402\" data-end=\"676\" data-is-last-node=\"\" data-is-only-node=\"\">\n<li data-section-id=\"1snmypc\" data-start=\"402\" data-end=\"461\">langa ferestre, usi sau zone cu curenti puternici de aer;<\/li>\n<li data-section-id=\"1ivk33e\" data-start=\"462\" data-end=\"522\">in locuri cu umiditate ridicata, abur sau picaturi de apa;<\/li>\n<li data-section-id=\"1ml585j\" data-start=\"523\" data-end=\"600\">in apropierea sobelor, cuptoarelor sau altor surse de temperatura ridicata;<\/li>\n<li data-section-id=\"v4yvbn\" data-start=\"601\" data-end=\"676\" data-is-last-node=\"\">in locuri unde detectorul poate fi acoperit de mobilier sau alte obiecte.<\/li>\n<\/ul>\n","protected":false},"featured_media":18009,"template":"","meta":{"_joinchat":[]},"product_brand":[],"product_cat":[681,123],"product_tag":[],"class_list":{"0":"post-18008","1":"product","2":"type-product","3":"status-publish","4":"has-post-thumbnail","6":"product_cat-solutii_antiinghet_antigel","7":"product_cat-piese_de_schimb_centrale_termice","8":"pa_filet-3-4","9":"pa_intern-extern-intern","11":"first","12":"instock","13":"shipping-taxable","14":"product-type-simple"},"_links":{"self":[{"href":"https:\/\/proterm.md\/ro\/wp-json\/wp\/v2\/product\/18008","targetHints":{"allow":["GET"]}}],"collection":[{"href":"https:\/\/proterm.md\/ro\/wp-json\/wp\/v2\/product"}],"about":[{"href":"https:\/\/proterm.md\/ro\/wp-json\/wp\/v2\/types\/product"}],"wp:featuredmedia":[{"embeddable":true,"href":"https:\/\/proterm.md\/ro\/wp-json\/wp\/v2\/media\/18009"}],"wp:attachment":[{"href":"https:\/\/proterm.md\/ro\/wp-json\/wp\/v2\/media?parent=18008"}],"wp:term":[{"taxonomy":"product_brand","embeddable":true,"href":"https:\/\/proterm.md\/ro\/wp-json\/wp\/v2\/product_brand?post=18008"},{"taxonomy":"product_cat","embeddable":true,"href":"https:\/\/proterm.md\/ro\/wp-json\/wp\/v2\/product_cat?post=18008"},{"taxonomy":"product_tag","embeddable":true,"href":"https:\/\/proterm.md\/ro\/wp-json\/wp\/v2\/product_tag?post=18008"}],"curies":[{"name":"wp","href":"https:\/\/api.w.org\/{rel}","templated":true}]}}