{"id":18028,"date":"2026-05-11T12:55:42","date_gmt":"2026-05-11T10:55:42","guid":{"rendered":"https:\/\/proterm.md\/?post_type=product&#038;p=18028"},"modified":"2026-05-11T12:56:19","modified_gmt":"2026-05-11T10:56:19","slug":"presostat-aer-honeywell-c6065fh-12352","status":"publish","type":"product","link":"https:\/\/proterm.md\/ro\/product\/presostat-aer-honeywell-c6065fh-12352\/","title":{"rendered":"Presostat aer Honeywell C6065FH 1235:2"},"content":{"rendered":"<div class=\"wpb-content-wrapper\"><p>[vc_row][vc_column][vc_column_text css=&#8221;&#8221; text_larger=&#8221;no&#8221;]\u00cen carcasa presostatului, diafragma este ac\u021bionat\u0103 de presiunea atmosferic\u0103 a aerului pe o parte \u0219i de presiunea gazelor de ardere emise de ventilator pe cealalt\u0103 parte. Astfel, se combin\u0103 dou\u0103 impulsuri de presiune (negativ \u0219i pozitiv).<\/p>\n<p>\u00cen timpul func\u021bion\u0103rii normale a arz\u0103torului, ventilatorul genereaz\u0103 presiune, ac\u021bion\u00e2nd asupra diafragmei. Diafragma se mi\u0219c\u0103, schimb\u00e2nd starea micro\u00eentrerup\u0103torului de la normal deschis la normal \u00eenchis.<\/p>\n<p>\u00cen timpul aprinderii, microprocesorul aplic\u0103 tensiune contactelor releului ventilatorului, activ\u00e2ndu-l. Dup\u0103 ce ventilatorul porne\u0219te, diafragma presostatului \u00ee\u0219i schimb\u0103 pozi\u021bia, comut\u00e2nd \u00een acela\u0219i timp contactele micro\u00eentrerup\u0103torului. Contactele c \u0219i nc se \u00eenchid. Microprocesorul activeaz\u0103 sec\u021biunea de aprindere \u0219i control al fl\u0103c\u0103rii. Dup\u0103 ce centrala termic\u0103 se opre\u0219te din func\u021bionare, contactele releului ar trebui s\u0103 revin\u0103 la pozi\u021bia ini\u021bial\u0103 (contactele c \u0219i nc \u00eenchise).[\/vc_column_text][\/vc_column][\/vc_row]<\/p>\n<\/div>","protected":false},"excerpt":{"rendered":"<p>Scopul componentei &#8211; pentru cazane pe gaz<br \/>\nSeria C6065FH 1235:2<br \/>\nP = 1.53 mbar<br \/>\nmax. 6 mbar<\/p>\n","protected":false},"featured_media":18029,"template":"","meta":{"_joinchat":[]},"product_brand":[],"product_cat":[123],"product_tag":[],"class_list":{"0":"post-18028","1":"product","2":"type-product","3":"status-publish","4":"has-post-thumbnail","6":"product_cat-piese_de_schimb_centrale_termice","8":"first","9":"instock","10":"shipping-taxable","11":"product-type-simple"},"_links":{"self":[{"href":"https:\/\/proterm.md\/ro\/wp-json\/wp\/v2\/product\/18028","targetHints":{"allow":["GET"]}}],"collection":[{"href":"https:\/\/proterm.md\/ro\/wp-json\/wp\/v2\/product"}],"about":[{"href":"https:\/\/proterm.md\/ro\/wp-json\/wp\/v2\/types\/product"}],"wp:featuredmedia":[{"embeddable":true,"href":"https:\/\/proterm.md\/ro\/wp-json\/wp\/v2\/media\/18029"}],"wp:attachment":[{"href":"https:\/\/proterm.md\/ro\/wp-json\/wp\/v2\/media?parent=18028"}],"wp:term":[{"taxonomy":"product_brand","embeddable":true,"href":"https:\/\/proterm.md\/ro\/wp-json\/wp\/v2\/product_brand?post=18028"},{"taxonomy":"product_cat","embeddable":true,"href":"https:\/\/proterm.md\/ro\/wp-json\/wp\/v2\/product_cat?post=18028"},{"taxonomy":"product_tag","embeddable":true,"href":"https:\/\/proterm.md\/ro\/wp-json\/wp\/v2\/product_tag?post=18028"}],"curies":[{"name":"wp","href":"https:\/\/api.w.org\/{rel}","templated":true}]}}