{"id":18044,"date":"2026-05-12T08:58:28","date_gmt":"2026-05-12T06:58:28","guid":{"rendered":"https:\/\/proterm.md\/?post_type=product&#038;p=18044"},"modified":"2026-05-12T08:58:41","modified_gmt":"2026-05-12T06:58:41","slug":"termostat-de-imersie-cu-capilar-antares-30%c3%b790c","status":"publish","type":"product","link":"https:\/\/proterm.md\/ro\/product\/termostat-de-imersie-cu-capilar-antares-30%c3%b790c\/","title":{"rendered":"Termostat de imersie cu capilar Antares  30\u00f790\u00b0C"},"content":{"rendered":"<div class=\"wpb-content-wrapper\"><p>[vc_row][vc_column][vc_column_text css=&#8221;&#8221; text_larger=&#8221;no&#8221;]Termostat mecanic de imersie Antares\u2013 control precis al temperaturii pentru sistemele de \u00eenc\u0103lzire \u0219i ap\u0103 cald\u0103<br \/>\nTermostatul mecanic de imersie Antares este solu\u021bia ideal\u0103 pentru monitorizarea \u0219i reglarea temperaturii agentului termic sau a apei direct \u00een rezervoare \u0219i conducte. Cu un interval de control de la 0\u00b0C p\u00e2n\u0103 la 90\u00b0C, acest termostat asigur\u0103 o func\u021bionare eficient\u0103 a cazanelor, boilerelor \u0219i altor componente ale sistemelor de \u00eenc\u0103lzire \u0219i ap\u0103 cald\u0103 menajer\u0103. Construc\u021bia fiabil\u0103 \u0219i senzorul de imersie de \u00eenalt\u0103 precizie garanteaz\u0103 m\u0103sur\u0103tori exacte \u0219i durabilitate \u00eendelungat\u0103, fiind un element esen\u021bial pentru automatizarea \u0219i cre\u0219terea eficien\u021bei energetice a sistemului t\u0103u tehnic \u00een Moldova.[\/vc_column_text][\/vc_column][\/vc_row]<\/p>\n<\/div>","protected":false},"excerpt":{"rendered":"<p>Domeniu de reglare:\u00a0 30\u00f790 \u00b0C \u00b1 5<br \/>\nTemperatura ambiant\u0103, \u00b0C: -10 p\u00e2n\u0103 la +40<br \/>\nTemperatura maxim\u0103 a agentului de r\u0103cire, \u00b0C: 110<br \/>\nClas\u0103 de protec\u021bie: IP40<br \/>\nCuloare: Alb<br \/>\nControl: Analogic<\/p>\n","protected":false},"featured_media":18046,"template":"","meta":{"_joinchat":[]},"product_brand":[],"product_cat":[42],"product_tag":[2342],"class_list":{"0":"post-18044","1":"product","2":"type-product","3":"status-publish","4":"has-post-thumbnail","6":"product_cat-automatizari_elemente_de_actionare","7":"product_tag-antares","8":"pa_brand-antares","10":"first","11":"instock","12":"shipping-taxable","13":"product-type-simple"},"_links":{"self":[{"href":"https:\/\/proterm.md\/ro\/wp-json\/wp\/v2\/product\/18044","targetHints":{"allow":["GET"]}}],"collection":[{"href":"https:\/\/proterm.md\/ro\/wp-json\/wp\/v2\/product"}],"about":[{"href":"https:\/\/proterm.md\/ro\/wp-json\/wp\/v2\/types\/product"}],"wp:featuredmedia":[{"embeddable":true,"href":"https:\/\/proterm.md\/ro\/wp-json\/wp\/v2\/media\/18046"}],"wp:attachment":[{"href":"https:\/\/proterm.md\/ro\/wp-json\/wp\/v2\/media?parent=18044"}],"wp:term":[{"taxonomy":"product_brand","embeddable":true,"href":"https:\/\/proterm.md\/ro\/wp-json\/wp\/v2\/product_brand?post=18044"},{"taxonomy":"product_cat","embeddable":true,"href":"https:\/\/proterm.md\/ro\/wp-json\/wp\/v2\/product_cat?post=18044"},{"taxonomy":"product_tag","embeddable":true,"href":"https:\/\/proterm.md\/ro\/wp-json\/wp\/v2\/product_tag?post=18044"}],"curies":[{"name":"wp","href":"https:\/\/api.w.org\/{rel}","templated":true}]}}