{"id":18047,"date":"2026-05-12T09:14:30","date_gmt":"2026-05-12T07:14:30","guid":{"rendered":"https:\/\/proterm.md\/?post_type=product&#038;p=18047"},"modified":"2026-05-12T09:33:10","modified_gmt":"2026-05-12T07:33:10","slug":"dublu-termostat-de-imersie-cu-functionare-si-cu-blocare-cu-resetare-manuala-cu-teaca","status":"publish","type":"product","link":"https:\/\/proterm.md\/ro\/product\/dublu-termostat-de-imersie-cu-functionare-si-cu-blocare-cu-resetare-manuala-cu-teaca\/","title":{"rendered":"Dublu termostat de imersie cu functionare si cu blocare cu resetare manuala, cu teaca."},"content":{"rendered":"<div class=\"wpb-content-wrapper\"><p>[vc_row][vc_column][vc_column_text css=&#8221;&#8221; text_larger=&#8221;no&#8221;]Acest termostat de imersie dublu este proiectat pentru control precis al temperaturii \u00een sistemele de \u00eenc\u0103lzire \u0219i alimentare cu ap\u0103. Dispune de un m\u00e2ner de reglare a temperaturii pentru ajustare u\u0219oar\u0103 \u0219i precis\u0103. Func\u021bia de blocare integrat\u0103 asigur\u0103 siguran\u021ba \u0219i previne modificarea accidental\u0103 a set\u0103rilor, \u00een timp ce resetarea manual\u0103 permite readucerea dispozitivului la starea ini\u021bial\u0103 atunci c\u00e2nd este necesar. Carcasa etan\u0219\u0103 \u0219i construc\u021bia fiabil\u0103 fac acest termostat durabil \u0219i potrivit pentru utilizarea \u00een diverse sisteme inginere\u0219ti. O solu\u021bie ideal\u0103 pentru automatizare \u0219i cre\u0219terea eficien\u021bei energetice a sistemelor dumneavoastr\u0103.[\/vc_column_text][\/vc_column][\/vc_row]<\/p>\n<\/div>","protected":false},"excerpt":{"rendered":"<p>Dublu termostat de imersie cu functionare si cu blocare prin intermediul de un maner de reglare a temperaturii cu resetare manuala, cu teaca.<\/p>\n<p>Scara a termostatului reglabila 0\u00b0C \u00f7 90\u00b0C &#8211;<br \/>\nScara fixa pentru termostatul de siguranta: 100\u00b0C.<br \/>\nContacte \u00een comutare 10 A<\/p>\n","protected":false},"featured_media":18048,"template":"","meta":{"_joinchat":[]},"product_brand":[],"product_cat":[42],"product_tag":[2342],"class_list":{"0":"post-18047","1":"product","2":"type-product","3":"status-publish","4":"has-post-thumbnail","6":"product_cat-automatizari_elemente_de_actionare","7":"product_tag-antares","8":"pa_brand-antares","10":"first","11":"instock","12":"shipping-taxable","13":"product-type-simple"},"_links":{"self":[{"href":"https:\/\/proterm.md\/ro\/wp-json\/wp\/v2\/product\/18047","targetHints":{"allow":["GET"]}}],"collection":[{"href":"https:\/\/proterm.md\/ro\/wp-json\/wp\/v2\/product"}],"about":[{"href":"https:\/\/proterm.md\/ro\/wp-json\/wp\/v2\/types\/product"}],"wp:featuredmedia":[{"embeddable":true,"href":"https:\/\/proterm.md\/ro\/wp-json\/wp\/v2\/media\/18048"}],"wp:attachment":[{"href":"https:\/\/proterm.md\/ro\/wp-json\/wp\/v2\/media?parent=18047"}],"wp:term":[{"taxonomy":"product_brand","embeddable":true,"href":"https:\/\/proterm.md\/ro\/wp-json\/wp\/v2\/product_brand?post=18047"},{"taxonomy":"product_cat","embeddable":true,"href":"https:\/\/proterm.md\/ro\/wp-json\/wp\/v2\/product_cat?post=18047"},{"taxonomy":"product_tag","embeddable":true,"href":"https:\/\/proterm.md\/ro\/wp-json\/wp\/v2\/product_tag?post=18047"}],"curies":[{"name":"wp","href":"https:\/\/api.w.org\/{rel}","templated":true}]}}