{"id":18050,"date":"2026-05-13T08:06:22","date_gmt":"2026-05-13T06:06:22","guid":{"rendered":"https:\/\/proterm.md\/?post_type=product&#038;p=18050"},"modified":"2026-05-13T08:48:46","modified_gmt":"2026-05-13T06:48:46","slug":"servomotorul-cu-sonda-de-temperatura","status":"publish","type":"product","link":"https:\/\/proterm.md\/ro\/product\/servomotorul-cu-sonda-de-temperatura\/","title":{"rendered":"Servomotorul cu sonda de temperatura"},"content":{"rendered":"<div class=\"wpb-content-wrapper\"><p>[vc_row][vc_column][vc_column_text css=&#8221;&#8221; text_larger=&#8221;no&#8221;]<\/p>\n<p data-start=\"21\" data-end=\"380\">Servomotorul bidirec\u021bional <strong data-start=\"48\" data-end=\"60\">ZBA230WP<\/strong> este proiectat pentru automatizarea vanelor de amestec din instala\u021biile de \u00eenc\u0103lzire \u0219i r\u0103cire, asigur\u00e2nd un control precis \u0219i stabil al temperaturii. Echipat cu termoregulator modulator integrat, display digital \u0219i sond\u0103 de temperatur\u0103, acesta permite reglarea temperaturii la punct fix \u00eentr-un mod simplu \u0219i eficient.<\/p>\n<p data-start=\"382\" data-end=\"709\">Dispozitivul dispune de dou\u0103 butoane pentru configurare rapid\u0103 \u0219i ofer\u0103 posibilitatea parametriz\u0103rii direc\u021biei de deschidere\/\u00eenchidere, precum \u0219i selectarea modului de func\u021bionare pentru \u00eenc\u0103lzire sau r\u0103cire. Timpul de deschidere \u0219i \u00eenchidere este ajustabil, ceea ce permite adaptarea perfect\u0103 la diferite tipuri de instala\u021bii.<\/p>\n<p data-start=\"711\" data-end=\"929\">Datorit\u0103 cuplului de 10 Nm \u0219i protec\u021biei IP54, servomotorul este ideal pentru utilizare \u00een sisteme termice reziden\u021biale sau comerciale, oferind fiabilitate, consum redus de energie \u0219i func\u021bionare sigur\u0103 pe termen lung.<\/p>\n<p>[\/vc_column_text][\/vc_column][\/vc_row]<\/p>\n<\/div>","protected":false},"excerpt":{"rendered":"<ul>\n<li data-section-id=\"3tv1iq\" data-start=\"953\" data-end=\"976\"><strong data-start=\"955\" data-end=\"965\">Model:<\/strong> ZBA230WP<\/li>\n<li data-section-id=\"19t3i9k\" data-start=\"977\" data-end=\"1037\"><strong data-start=\"979\" data-end=\"987\">Tip:<\/strong> Servomotor bidirec\u021bional pentru vane de amestec cu sonda de temperatura<\/li>\n<li data-section-id=\"7l9ctz\" data-start=\"1038\" data-end=\"1065\"><strong data-start=\"1040\" data-end=\"1055\">Alimentare:<\/strong> 230V AC<\/li>\n<li data-section-id=\"1tmwmtj\" data-start=\"1066\" data-end=\"1152\"><strong data-start=\"1068\" data-end=\"1089\">Putere consumat\u0103:<\/strong>\n<ul data-start=\"1094\" data-end=\"1152\">\n<li data-section-id=\"juiwf8\" data-start=\"1094\" data-end=\"1125\">5 W \u00een regim de func\u021bionare<\/li>\n<li data-section-id=\"1cm10ul\" data-start=\"1128\" data-end=\"1152\">1 W \u00een regim standby<\/li>\n<\/ul>\n<\/li>\n<li data-section-id=\"wv6de0\" data-start=\"1153\" data-end=\"1183\"><strong data-start=\"1155\" data-end=\"1174\">Cuplu (Torque):<\/strong> 10 N.m<\/li>\n<li data-section-id=\"1jc0a57\" data-start=\"1184\" data-end=\"1243\"><strong data-start=\"1186\" data-end=\"1216\">Timp deschidere\/\u00eenchidere:<\/strong> 90 sec \/ 90\u00b0 (ajustabil)<\/li>\n<li data-section-id=\"1uhz8g2\" data-start=\"1244\" data-end=\"1293\"><strong data-start=\"1246\" data-end=\"1281\">Domeniu de reglare temperatur\u0103:<\/strong> 1 \u2013 100\u00b0C<\/li>\n<li data-section-id=\"1o9zm6a\" data-start=\"1294\" data-end=\"1317\"><strong data-start=\"1296\" data-end=\"1310\">Protec\u021bie:<\/strong> IP54<\/li>\n<li data-section-id=\"1b3buz9\" data-start=\"1318\" data-end=\"1370\"><strong data-start=\"1320\" data-end=\"1332\">Display:<\/strong> Digital, cu dou\u0103 butoane de control<\/li>\n<li data-section-id=\"cc2j4x\" data-start=\"1371\" data-end=\"1408\"><strong data-start=\"1373\" data-end=\"1398\">Sond\u0103 de temperatur\u0103:<\/strong> Inclus\u0103<\/li>\n<li data-section-id=\"1nxf83f\" data-start=\"1409\" data-end=\"1463\"><strong data-start=\"1411\" data-end=\"1445\">Direc\u021bie deschidere\/\u00eenchidere:<\/strong> Parametrizabil\u0103<\/li>\n<li data-section-id=\"sw2a82\" data-start=\"1464\" data-end=\"1520\"><strong data-start=\"1466\" data-end=\"1486\">Mod func\u021bionare:<\/strong> \u00cenc\u0103lzire sau r\u0103cire selectabil<\/li>\n<li data-section-id=\"137zvfm\" data-start=\"1521\" data-end=\"1566\"><strong data-start=\"1523\" data-end=\"1554\">Temperatur\u0103 de func\u021bionare:<\/strong> 1 \u2013 100\u00b0C<\/li>\n<li data-section-id=\"89w3fe\" data-start=\"1567\" data-end=\"1644\" data-is-last-node=\"\"><strong data-start=\"1569\" data-end=\"1580\">Montaj:<\/strong> Compatibil cu vane de amestec pentru instala\u021bii termice \u0219i HVAC<\/li>\n<\/ul>\n<p><a href=\"https:\/\/proterm.md\/wp-content\/uploads\/2026\/05\/Antares-Servomotor-cu-sonda-1_compressed.pdf\" target=\"_blank\" rel=\"noopener\"><img loading=\"lazy\" decoding=\"async\" class=\"alignnone wp-image-7559\" src=\"https:\/\/proterm.md\/wp-content\/uploads\/2021\/12\/icopdf-min-250x250.png\" alt=\"\" width=\"32\" height=\"32\" srcset=\"https:\/\/proterm.md\/wp-content\/uploads\/2021\/12\/icopdf-min-250x250.png 250w, https:\/\/proterm.md\/wp-content\/uploads\/2021\/12\/icopdf-min-150x150.png 150w, https:\/\/proterm.md\/wp-content\/uploads\/2021\/12\/icopdf-min-450x450.png 450w, https:\/\/proterm.md\/wp-content\/uploads\/2021\/12\/icopdf-min-300x300.png 300w, https:\/\/proterm.md\/wp-content\/uploads\/2021\/12\/icopdf-min-500x500.png 500w, https:\/\/proterm.md\/wp-content\/uploads\/2021\/12\/icopdf-min-100x100.png 100w, https:\/\/proterm.md\/wp-content\/uploads\/2021\/12\/icopdf-min.png 512w\" sizes=\"auto, (max-width: 32px) 100vw, 32px\" \/>Date tehnice<\/a><\/p>\n<p>&nbsp;<\/p>\n","protected":false},"featured_media":18052,"template":"","meta":{"_joinchat":[]},"product_brand":[],"product_cat":[42],"product_tag":[2342],"class_list":{"0":"post-18050","1":"product","2":"type-product","3":"status-publish","4":"has-post-thumbnail","6":"product_cat-automatizari_elemente_de_actionare","7":"product_tag-antares","8":"pa_brand-antares","10":"first","11":"instock","12":"shipping-taxable","13":"product-type-simple"},"_links":{"self":[{"href":"https:\/\/proterm.md\/ro\/wp-json\/wp\/v2\/product\/18050","targetHints":{"allow":["GET"]}}],"collection":[{"href":"https:\/\/proterm.md\/ro\/wp-json\/wp\/v2\/product"}],"about":[{"href":"https:\/\/proterm.md\/ro\/wp-json\/wp\/v2\/types\/product"}],"wp:featuredmedia":[{"embeddable":true,"href":"https:\/\/proterm.md\/ro\/wp-json\/wp\/v2\/media\/18052"}],"wp:attachment":[{"href":"https:\/\/proterm.md\/ro\/wp-json\/wp\/v2\/media?parent=18050"}],"wp:term":[{"taxonomy":"product_brand","embeddable":true,"href":"https:\/\/proterm.md\/ro\/wp-json\/wp\/v2\/product_brand?post=18050"},{"taxonomy":"product_cat","embeddable":true,"href":"https:\/\/proterm.md\/ro\/wp-json\/wp\/v2\/product_cat?post=18050"},{"taxonomy":"product_tag","embeddable":true,"href":"https:\/\/proterm.md\/ro\/wp-json\/wp\/v2\/product_tag?post=18050"}],"curies":[{"name":"wp","href":"https:\/\/api.w.org\/{rel}","templated":true}]}}