{"id":2837,"date":"2025-06-19T09:48:21","date_gmt":"2025-06-19T07:48:21","guid":{"rendered":"https:\/\/proterm.md\/?post_type=product&#038;p=2837"},"modified":"2025-06-19T09:48:21","modified_gmt":"2025-06-19T07:48:21","slug":"pixelfast-120-32-f","status":"publish","type":"product","link":"https:\/\/proterm.md\/ro\/product\/pixelfast-120-32-f\/","title":{"rendered":"Arca Pixelfast 120 32 F"},"content":{"rendered":"<div class=\"wpb-content-wrapper\"><p>[vc_row][vc_column][vc_column_text css_animation=&#8221;bounceIn&#8221; text_larger=&#8221;no&#8221;]O centrala termica capabila sa gestioneze in mod direct acumularea de apa preincalzita de catre o sursa solara sau de catre o sursa pe biomase granulare.[\/vc_column_text][\/vc_column][\/vc_row]<\/p>\n<\/div>","protected":false},"excerpt":{"rendered":"<p>Puterea nominala &#8211; 32 KW<br \/>\nPuterea maxima &#8211; 34.8 KW<br \/>\nRandament &#8211; 93.2 %<br \/>\nTemperatura min &#8211; 35 \u00b0C<br \/>\nTemperatura max &#8211; 90 \u00b0C<br \/>\nVolumu vasul de expansiune &#8211; 7.5 l<br \/>\nPresiunea nominala &#8211; 3 bar<br \/>\nApa calda la temperatura de 25\u00b0C &#8211; 18.6 l\/min<br \/>\nApa calda la temperatura de 35\u00b0C &#8211; 13.3 l\/min<br \/>\nPuterea electrica &#8211; 130W<\/p>\n<p><a href=\"https:\/\/proterm.md\/wp-content\/uploads\/2020\/12\/arca-12032f.pdf\" target=\"_blank\" rel=\"nofollow noopener\"><img decoding=\"async\" class=\"alignnone size-full wp-image-7710\" src=\"https:\/\/proterm.md\/wp-content\/uploads\/2021\/02\/pdf.png\" alt=\"PDF download\" width=\"40\" height=\"40\" \/>Catalog<\/a><\/p>\n<p>Solu\u021biile tehnologice extrem de inovatoare adoptate de ARCA pentru noile centrale PIXELfast 120\/32F ofer\u0103 utilizatorului performan\u021b\u0103 la cele mai \u00eenalte niveluri ale pie\u021bei, at\u00e2t pentru func\u021bia de \u00eenc\u0103lzire, c\u00e2t \u0219i pentru producerea apei calde menajere.<br \/>\nCu cei 31 kW disponibili, este cel mai puternic cazan din gam\u0103, potrivit pentru \u00eenc\u0103lzirea locuin\u021belor cu suprafe\u021be variate \u00eentre 100 \u0219i 400 de metri p\u0103tra\u021bi \u00een func\u021bie de \u00een\u0103l\u021bimea \u0219i izolarea termic\u0103 a \u00eenc\u0103perilor. Modula\u021bia integral\u0103 standard cu termoreglare \u00eencorporat\u0103 asociat\u0103 cu o eficien\u021b\u0103 a apei de peste 108%, garanteaz\u0103 un consum redus \u0219i performan\u021be foarte ridicate. Versatil \u00een utilizare \u0219i simplu \u00een instalare.<\/p>\n","protected":false},"featured_media":7740,"template":"","meta":{"_joinchat":[]},"product_brand":[],"product_cat":[83,53,15],"product_tag":[126],"class_list":{"0":"post-2837","1":"product","2":"type-product","3":"status-publish","4":"has-post-thumbnail","6":"product_cat-cazane_gaz_arca","7":"product_cat-cazane_gaz","8":"product_cat-instalatii_incalzire","9":"product_tag-arca","10":"pa_brand-arca","11":"pa_classic-boiler-or-condensed-condesed","12":"pa_heating-surface-250","13":"pa_power-boiler-kw-251","14":"pa_sales-sales","16":"first","17":"instock","18":"sale","19":"shipping-taxable","20":"product-type-simple"},"_links":{"self":[{"href":"https:\/\/proterm.md\/ro\/wp-json\/wp\/v2\/product\/2837","targetHints":{"allow":["GET"]}}],"collection":[{"href":"https:\/\/proterm.md\/ro\/wp-json\/wp\/v2\/product"}],"about":[{"href":"https:\/\/proterm.md\/ro\/wp-json\/wp\/v2\/types\/product"}],"wp:featuredmedia":[{"embeddable":true,"href":"https:\/\/proterm.md\/ro\/wp-json\/wp\/v2\/media\/7740"}],"wp:attachment":[{"href":"https:\/\/proterm.md\/ro\/wp-json\/wp\/v2\/media?parent=2837"}],"wp:term":[{"taxonomy":"product_brand","embeddable":true,"href":"https:\/\/proterm.md\/ro\/wp-json\/wp\/v2\/product_brand?post=2837"},{"taxonomy":"product_cat","embeddable":true,"href":"https:\/\/proterm.md\/ro\/wp-json\/wp\/v2\/product_cat?post=2837"},{"taxonomy":"product_tag","embeddable":true,"href":"https:\/\/proterm.md\/ro\/wp-json\/wp\/v2\/product_tag?post=2837"}],"curies":[{"name":"wp","href":"https:\/\/api.w.org\/{rel}","templated":true}]}}