{"id":2870,"date":"2021-01-08T20:36:03","date_gmt":"2021-01-08T20:36:03","guid":{"rendered":"https:\/\/proterm.md\/?post_type=product&#038;p=2870"},"modified":"2025-05-30T14:20:32","modified_gmt":"2025-05-30T12:20:32","slug":"okc-100-ntr","status":"publish","type":"product","link":"https:\/\/proterm.md\/ro\/product\/okc-100-ntr\/","title":{"rendered":"Boiler Drazice OKC 100 NTR"},"content":{"rendered":"<div class=\"wpb-content-wrapper\"><p>[vc_row][vc_column][vc_column_text css_animation=&#8221;bounceIn&#8221; text_larger=&#8221;no&#8221;]Rezervoare de apa subterana cu rezervor emailat si un puternic schimb\u0103tor de c\u0103ldur\u0103 pentru \u00eenc\u0103lzirea apei calde menajere dintr-o surs\u0103 extern\u0103. Rezervorul de stocare este echipat cu un regulator de temperatur\u0103 de \u00eenc\u0103lzire ACM (termostat pentru controlul unei supape cu trei c\u0103i sau a unei pompe de circula\u021bie), o supap\u0103 de siguran\u021b\u0103 \u0219i o ie\u0219ire de circula\u021bie.[\/vc_column_text][\/vc_column][\/vc_row]<\/p>\n<\/div>","protected":false},"excerpt":{"rendered":"<p>volum &#8211; 87 l<br \/>\nclasa de eficien\u021b\u0103 energetic\u0103 a \u00eenc\u0103lzirii apei calde &#8211; B<br \/>\nMax. presiunea de lucru &#8211; 6 bari<br \/>\nMax. temperatura de lucru &#8211; 90 \u00b0 \u0421<br \/>\ntimp de \u00eenc\u0103lzire a schimb\u0103torului de c\u0103ldur\u0103 &#8211; 13 min (de la 10 la 60 \u00b0 C)<br \/>\nputere nominal\u0103 &#8211; 24 kW (la o temperatur\u0103 a apei de 80 \u00b0 C \u0219i un debit de 720 l \/ h)<br \/>\ncapac &#8211; IP 42<br \/>\nfrecven\u021b\u0103 &#8211; 50 Hz<br \/>\ndiametru &#8211; 524 mm<br \/>\n\u00een\u0103l\u021bime &#8211; 902 mm<br \/>\ngreutate &#8211; 53 kg<br \/>\nSuprafa\u021ba schimb\u0103torului de c\u0103ldur\u0103 &#8211; 1,08 m\u00b2<br \/>\nconexiune schimb\u0103tor de c\u0103ldur\u0103<br \/>\nsuperior<br \/>\nnum\u0103r de schimb\u0103toare &#8211; 1<br \/>\n<img decoding=\"async\" class=\"alignnone  wp-image-7559\" src=\"https:\/\/proterm.md\/wp-content\/uploads\/2021\/12\/icopdf-min-300x300.png\" alt=\"\" width=\"25\" height=\"25\" srcset=\"https:\/\/proterm.md\/wp-content\/uploads\/2021\/12\/icopdf-min-300x300.png 300w, https:\/\/proterm.md\/wp-content\/uploads\/2021\/12\/icopdf-min-150x150.png 150w, https:\/\/proterm.md\/wp-content\/uploads\/2021\/12\/icopdf-min-250x250.png 250w, https:\/\/proterm.md\/wp-content\/uploads\/2021\/12\/icopdf-min-450x450.png 450w, https:\/\/proterm.md\/wp-content\/uploads\/2021\/12\/icopdf-min-500x500.png 500w, https:\/\/proterm.md\/wp-content\/uploads\/2021\/12\/icopdf-min-100x100.png 100w, https:\/\/proterm.md\/wp-content\/uploads\/2021\/12\/icopdf-min.png 512w\" sizes=\"(max-width: 25px) 100vw, 25px\" \/><a href=\"https:\/\/proterm.md\/wp-content\/uploads\/2022\/11\/OKC-o-serp-100-250-si-100-160HV.pdf\" target=\"_blank\" rel=\"noopener\">Date tehnice<\/a><\/p>\n","protected":false},"featured_media":3590,"template":"","meta":{"_joinchat":[]},"product_brand":[],"product_cat":[39,97],"product_tag":[219],"class_list":{"0":"post-2870","1":"product","2":"type-product","3":"status-publish","4":"has-post-thumbnail","6":"product_cat-boiler","7":"product_cat-boiler_drazice","8":"product_tag-drazice","9":"pa_brand-drazice","10":"pa_name-boiler-drazice","11":"pa_number-serpents-212","12":"pa_tip-boilers-thermal","13":"pa_volume-206","15":"first","16":"instock","17":"shipping-taxable","18":"product-type-simple"},"_links":{"self":[{"href":"https:\/\/proterm.md\/ro\/wp-json\/wp\/v2\/product\/2870","targetHints":{"allow":["GET"]}}],"collection":[{"href":"https:\/\/proterm.md\/ro\/wp-json\/wp\/v2\/product"}],"about":[{"href":"https:\/\/proterm.md\/ro\/wp-json\/wp\/v2\/types\/product"}],"wp:featuredmedia":[{"embeddable":true,"href":"https:\/\/proterm.md\/ro\/wp-json\/wp\/v2\/media\/3590"}],"wp:attachment":[{"href":"https:\/\/proterm.md\/ro\/wp-json\/wp\/v2\/media?parent=2870"}],"wp:term":[{"taxonomy":"product_brand","embeddable":true,"href":"https:\/\/proterm.md\/ro\/wp-json\/wp\/v2\/product_brand?post=2870"},{"taxonomy":"product_cat","embeddable":true,"href":"https:\/\/proterm.md\/ro\/wp-json\/wp\/v2\/product_cat?post=2870"},{"taxonomy":"product_tag","embeddable":true,"href":"https:\/\/proterm.md\/ro\/wp-json\/wp\/v2\/product_tag?post=2870"}],"curies":[{"name":"wp","href":"https:\/\/api.w.org\/{rel}","templated":true}]}}