{"id":3225,"date":"2021-01-20T09:02:10","date_gmt":"2021-01-20T09:02:10","guid":{"rendered":"https:\/\/proterm.md\/?post_type=product&#038;p=3225"},"modified":"2025-05-30T14:20:32","modified_gmt":"2025-05-30T12:20:32","slug":"atmos-c18s-c50s","status":"publish","type":"product","link":"https:\/\/proterm.md\/ro\/product\/atmos-c18s-c50s\/","title":{"rendered":"ATMOS C18S \u2013 C50S"},"content":{"rendered":"<div class=\"wpb-content-wrapper\"><p>[vc_row][vc_column][vc_column_text css_animation=&#8221;bounceIn&#8221; text_larger=&#8221;no&#8221;]Sunt construite pentru arderea lemnului \u015fi a c\u0103rbunelui brun, pe principiul generatorului de gazefiere, utiliz\u00e2ndu-se un ventilator de tiraj ( S ), care absoarbe gazele de ardere din cazan.<\/p>\n<p>Corpul cazanelor este fabricat ca un \u00eentreg sudat, din table din o\u0163el de calitate, cu o grosime de la 6 p\u00e2n\u0103 la 3 mm. Este format sin dou\u0103 camere suprapuse, cea superioar\u0103 servind ca alimentator cu combustibil, iar cea inferioar\u0103 ca cenu\u015far \u015fi camer\u0103 de ardere. \u00centre ele este amplasat un nou gr\u0103tar rotativ, protejat prin brevet, care permite gazefierea perfect\u0103 a c\u0103rbunelui \u015fi a lemnului, fiecare separat sau combinate \u015fi \u00eendep\u0103rtarea simpl\u0103 a cenu\u015fii. \u00cen partea din spate a cazanelor se afl\u0103 un canal oblic de fum, prev\u0103zut \u00een partea superioar\u0103 cu o clap\u0103 de re\u0163inere. Partea superioar\u0103 a canalului de fum dispune de o gur\u0103 de tiraj pentru racordare la co\u015f de fum.[\/vc_column_text][\/vc_column][\/vc_row]<\/p>\n<\/div>","protected":false},"excerpt":{"rendered":"<p>Posibilitatea de arderea a unor bucati mari de lemn<br \/>\nPosibilitatea de ardere a lemnului si a carbunelui separat sau impreuna (combinat)<br \/>\nRezervor mare de combustibil \u2013 durata lunga de ardere<br \/>\nRandamentul cazanului mare de la 81 p\u00e2n\u0103 la 87 %, \u00een functie de tip \u2013 aerul primar si cel secundar sunt preincalzite la o temperatura inalta<br \/>\nArdere ecologica \u2013 cazan conform \u010cSN EN 303-5, clasa 3<\/p>\n<p><a href=\"https:\/\/proterm.md\/wp-content\/uploads\/2021\/12\/Atmos%20C.pdf\" target=\"_blank\" rel=\"nofollow noopener\"><img decoding=\"async\" class=\"alignnone size-full wp-image-7710\" src=\"https:\/\/proterm.md\/wp-content\/uploads\/2021\/02\/pdf.png\" alt=\"PDF download\" width=\"40\" height=\"40\" \/>Catalog<\/a><\/p>\n<p><a href=\"https:\/\/proterm.md\/wp-content\/uploads\/2021\/01\/atmos-c18-c50-ro.png\"><img decoding=\"async\" class=\"aligncenter wp-image-4693 size-large\" src=\"https:\/\/proterm.md\/wp-content\/uploads\/2021\/01\/atmos-c18-c50-ro-1024x635.png\" alt=\"Date tehnice ale cazanului pe combustibil solid ATMOS C 18S C 20S C 30S C 40S C 50S\" width=\"1024\" height=\"635\" \/><\/a><\/p>\n","protected":false},"featured_media":13614,"template":"","meta":{"_joinchat":[]},"product_brand":[],"product_cat":[54,15],"product_tag":[134],"class_list":{"0":"post-3225","1":"product","2":"type-product","3":"status-publish","4":"has-post-thumbnail","6":"product_cat-cazane_combustibil_solid","7":"product_cat-instalatii_incalzire","8":"product_tag-atmos","9":"pa_availability-for-pre-order-pre-order","10":"pa_brand-atmos","11":"pa_heating-surface-595","12":"pa_heating-surface-233","13":"pa_heating-surface-239","14":"pa_heating-surface-603","15":"pa_heating-surface-604","16":"pa_power-boiler-kw-599","17":"pa_power-boiler-kw-234","18":"pa_power-boiler-kw-251","19":"pa_power-boiler-kw-601","20":"pa_power-boiler-kw-602","22":"first","23":"instock","24":"shipping-taxable","25":"product-type-simple"},"_links":{"self":[{"href":"https:\/\/proterm.md\/ro\/wp-json\/wp\/v2\/product\/3225","targetHints":{"allow":["GET"]}}],"collection":[{"href":"https:\/\/proterm.md\/ro\/wp-json\/wp\/v2\/product"}],"about":[{"href":"https:\/\/proterm.md\/ro\/wp-json\/wp\/v2\/types\/product"}],"wp:featuredmedia":[{"embeddable":true,"href":"https:\/\/proterm.md\/ro\/wp-json\/wp\/v2\/media\/13614"}],"wp:attachment":[{"href":"https:\/\/proterm.md\/ro\/wp-json\/wp\/v2\/media?parent=3225"}],"wp:term":[{"taxonomy":"product_brand","embeddable":true,"href":"https:\/\/proterm.md\/ro\/wp-json\/wp\/v2\/product_brand?post=3225"},{"taxonomy":"product_cat","embeddable":true,"href":"https:\/\/proterm.md\/ro\/wp-json\/wp\/v2\/product_cat?post=3225"},{"taxonomy":"product_tag","embeddable":true,"href":"https:\/\/proterm.md\/ro\/wp-json\/wp\/v2\/product_tag?post=3225"}],"curies":[{"name":"wp","href":"https:\/\/api.w.org\/{rel}","templated":true}]}}