{"id":3551,"date":"2026-04-02T10:07:22","date_gmt":"2026-04-02T08:07:22","guid":{"rendered":"https:\/\/proterm.md\/?post_type=product&#038;p=3551"},"modified":"2026-04-02T10:07:22","modified_gmt":"2026-04-02T08:07:22","slug":"warmhaus_lawa_24","status":"publish","type":"product","link":"https:\/\/proterm.md\/ro\/product\/warmhaus_lawa_24\/","title":{"rendered":"Lawa Smart 24 kW"},"content":{"rendered":"<div class=\"wpb-content-wrapper\"><p>[vc_row][vc_column][vc_column_text css_animation=&#8221;bounceIn&#8221; text_larger=&#8221;no&#8221;]Cre\u0219terea puterii controlate Cazanul pe gaz Warmhaus distribuie puterea de c\u0103ldur\u0103 \u00een timp (0-13 minute) \u0219i reduce consumul de gaz cresc\u00e2nd \u00een acela\u0219i timp eficien\u021ba.<br \/>\nCazanele pe gaz Warmhaus sunt pe deplin compatibile cu sistemele solare. O plac\u0103 electronic\u0103 de sistem permite sistemului s\u0103 v\u0103 adapteze sistemul solar existent prin combinarea apei calde.<br \/>\nSistemul poate fi, de asemenea, adaptat la sistemele de \u00eenc\u0103lzire prin pardoseal\u0103. Elimin\u0103 problema supra \u00eenc\u0103lzirii sistemului de \u00eenc\u0103lzire prin pardoseal\u0103 \u0219i v\u0103 protejeaz\u0103 cazanul \u0219i instala\u021bia.[\/vc_column_text][\/vc_column][\/vc_row]<\/p>\n<\/div>","protected":false},"excerpt":{"rendered":"<p>Tip control &#8211; Mecanic<br \/>\nOp\u021biune de plasare &#8211; Vertical\u0103<br \/>\nDimensiuni &#8211; 72,5x42x27,5 cm<br \/>\nPutere &#8211; 24 Kw<br \/>\nGreutate &#8211; 29,3 kg<br \/>\nTip \u00eenc\u0103lzire &#8211; Gaz natural<br \/>\nVolumul rezervorului de expansiune &#8211; 8 l<br \/>\nSuprafata incalzita &#8211; 240 m2<br \/>\nPreparare ap\u0103 cald\u0103 &#8211; 10,9 l\/min<br \/>\nDisplay &#8211; LCD de 2 inchi (Lawa)<br \/>\nEficien\u021b\u0103 de 93,9%.<br \/>\nSchimb\u0103tor de c\u0103ldur\u0103 din cupru<br \/>\nSchimb\u0103tor de c\u0103ldur\u0103 ACM din o\u021bel inoxidabil<br \/>\nApa calda constanta<br \/>\nIzolatie &#8211; 10 mm<br \/>\nFunc\u021bionare silen\u021bioas\u0103<br \/>\nPierderi reduse de c\u0103ldur\u0103<br \/>\nSistem de pre\u00eenc\u0103lzire \/ Confort ACM<br \/>\nBlocare pentru copii<br \/>\n\u00b1 1 grad sensibilitate termic\u0103<br \/>\nPomp\u0103 de circula\u021bie puternic\u0103 cu 3 trepte de vitez\u0103<br \/>\nSiguran\u021b\u0103 la presiune sc\u0103zut\u0103<br \/>\nControl sensibil al temperaturii cu 3 senzori NTC (alimentare \/ retur CH \u0219i ACM)<br \/>\nTermostate digitale de camer\u0103 cu reglare s\u0103pt\u0103m\u00e2nal\u0103 (op\u021bional)<br \/>\nSenzor de temperatur\u0103 exterioar\u0103 (op\u021bional)<\/p>\n<p data-wp-editing=\"1\"><a href=\"https:\/\/proterm.md\/wp-content\/uploads\/2024\/03\/LawaPlus-User-Manual-Russian-2.pdf\" target=\"_blank\" rel=\"nofollow noopener\"><img decoding=\"async\" class=\"alignnone size-full wp-image-7710\" src=\"https:\/\/proterm.md\/wp-content\/uploads\/2021\/02\/pdf.png\" alt=\"PDF download\" width=\"40\" height=\"40\" \/>Catalog<\/a><\/p>\n<p data-wp-editing=\"1\"><a href=\"https:\/\/proterm.md\/wp-content\/uploads\/2022\/11\/enerwa-enerwaplus (\u0430\u043d\u0433\u043b-\u0440\u0443\u0441).pdf\" target=\"_blank\" rel=\"nofollow noopener\"><img decoding=\"async\" class=\"alignnone size-full wp-image-7710\" src=\"https:\/\/proterm.md\/wp-content\/uploads\/2021\/02\/pdf.png\" alt=\"PDF download\" width=\"40\" height=\"40\" \/>Servis<\/a><\/p>\n","protected":false},"featured_media":7073,"template":"","meta":{"_joinchat":[]},"product_brand":[],"product_cat":[53,96,15],"product_tag":[140],"class_list":{"0":"post-3551","1":"product","2":"type-product","3":"status-publish","4":"has-post-thumbnail","6":"product_cat-cazane_gaz","7":"product_cat-cazan_gaz_warmhaus","8":"product_cat-instalatii_incalzire","9":"product_tag-warmhaus","10":"pa_brand-warmhaus","11":"pa_classic-boiler-or-condensed-clasic","12":"pa_heating-surface-230","13":"pa_power-boiler-kw-232","15":"first","16":"instock","17":"shipping-taxable","18":"product-type-simple"},"_links":{"self":[{"href":"https:\/\/proterm.md\/ro\/wp-json\/wp\/v2\/product\/3551","targetHints":{"allow":["GET"]}}],"collection":[{"href":"https:\/\/proterm.md\/ro\/wp-json\/wp\/v2\/product"}],"about":[{"href":"https:\/\/proterm.md\/ro\/wp-json\/wp\/v2\/types\/product"}],"wp:featuredmedia":[{"embeddable":true,"href":"https:\/\/proterm.md\/ro\/wp-json\/wp\/v2\/media\/7073"}],"wp:attachment":[{"href":"https:\/\/proterm.md\/ro\/wp-json\/wp\/v2\/media?parent=3551"}],"wp:term":[{"taxonomy":"product_brand","embeddable":true,"href":"https:\/\/proterm.md\/ro\/wp-json\/wp\/v2\/product_brand?post=3551"},{"taxonomy":"product_cat","embeddable":true,"href":"https:\/\/proterm.md\/ro\/wp-json\/wp\/v2\/product_cat?post=3551"},{"taxonomy":"product_tag","embeddable":true,"href":"https:\/\/proterm.md\/ro\/wp-json\/wp\/v2\/product_tag?post=3551"}],"curies":[{"name":"wp","href":"https:\/\/api.w.org\/{rel}","templated":true}]}}