{"id":3566,"date":"2021-02-03T11:32:21","date_gmt":"2021-02-03T09:32:21","guid":{"rendered":"https:\/\/proterm.md\/?post_type=product&#038;p=3566"},"modified":"2025-05-30T14:20:32","modified_gmt":"2025-05-30T12:20:32","slug":"enerwa-24kw","status":"publish","type":"product","link":"https:\/\/proterm.md\/ro\/product\/enerwa-24kw\/","title":{"rendered":"Enerwa 24 kW"},"content":{"rendered":"<div class=\"wpb-content-wrapper\"><p>[vc_row][vc_column][vc_column_text css_animation=&#8221;bounceIn&#8221; text_larger=&#8221;no&#8221;]Cazanul pe gaz Enerwa cu l\u0103\u021bimea de 288 mm este u\u0219or de instalat \u00een spa\u021bii \u00eenguste. Datorit\u0103 designului s\u0103u modern, poate fi ag\u0103\u021bat \u00een buc\u0103t\u0103rie sau balcon.[\/vc_column_text][\/vc_column][\/vc_row]<\/p>\n<\/div>","protected":false},"excerpt":{"rendered":"<p>Performan\u021b\u0103 p\u00e2n\u0103 la 108%<br \/>\nConsum redus de gaze \u0219i electricitate<br \/>\nRespectarea cerin\u021belor UE de mediu<br \/>\nSchimb\u0103tor de c\u0103ldur\u0103 din o\u021bel inoxidabil<br \/>\nPuterea de alimentare simultan\u0103 cu ap\u0103 cald\u0103\u00a0la dou\u0103 robinete<br \/>\nOpera\u021biune silen\u021bioase<br \/>\nPierderi mici de c\u0103ldur\u0103<br \/>\nCarcas\u0103 izolat\u0103 (10mm)<br \/>\nSistem adaptiv de control al gazelor<br \/>\nRezervor de expansiune 8 litri<br \/>\nCazane combinate compatibile cu gaz natural \u0219i GPL<br \/>\nModula\u021bie 1:10 cu economie ridicat\u0103<br \/>\nControl electronic al pompei de putere (7 h \/ m) circula\u021bie mai puternic\u0103 \u0219i mai silen\u021bioas\u0103<br \/>\nSensibilitate la temperatur\u0103 \u00b1 1 0C<br \/>\nPanou de control LCD &#8211; Afi\u0219aj albastru \u00eenchis \u0219i culori albe de cifre<br \/>\nSuprafata de incalzire &#8211; 240 m2<br \/>\nPutere &#8211; 24 kW<br \/>\nTensiune &#8211; 220 V<br \/>\nInstalare &#8211; Montat pe perete<br \/>\nTip cazan &#8211; Gaz in condensare<br \/>\nTip gaz &#8211; Natural<br \/>\nNum\u0103r schimb\u0103toare de c\u0103ldur\u0103 &#8211; 2 (CH &#8211; cupru, ACM &#8211; o\u021bel inoxidabil)<br \/>\nCamera de ardere &#8211; Inchisa (turbo)<br \/>\nEvacuarea produselor de ardere &#8211; For\u0163at\u0103<\/p>\n<p><a href=\"https:\/\/proterm.md\/wp-content\/uploads\/2022\/11\/enerwa-enerwaplus (\u0430\u043d\u0433\u043b-\u0440\u0443\u0441).pdf\" target=\"_blank\" rel=\"nofollow noopener\"><img decoding=\"async\" class=\"alignnone size-full wp-image-7710\" src=\"https:\/\/proterm.md\/wp-content\/uploads\/2021\/02\/pdf.png\" alt=\"PDF download\" width=\"40\" height=\"40\" \/><\/a><a href=\"https:\/\/proterm.md\/wp-content\/uploads\/2021\/02\/PriwaEnerwa-User-Manual-Russian-1.pdf\" target=\"_blank\" rel=\"noopener\">\u00a0Ghid de utilizare<\/a><\/p>\n<p><a href=\"https:\/\/proterm.md\/wp-content\/uploads\/2022\/11\/enerwa-enerwaplus (\u0430\u043d\u0433\u043b-\u0440\u0443\u0441).pdf\" target=\"_blank\" rel=\"nofollow noopener\"><img decoding=\"async\" class=\"alignnone size-full wp-image-7710\" src=\"https:\/\/proterm.md\/wp-content\/uploads\/2021\/02\/pdf.png\" alt=\"PDF download\" width=\"40\" height=\"40\" \/><\/a><a href=\"https:\/\/proterm.md\/wp-content\/uploads\/2021\/02\/PriwaEnerwa-User-Manual-Russian-1-1.pdf\" target=\"_blank\" rel=\"noopener\">Ghid de ulizare (ru)<\/a><\/p>\n<p><a href=\"https:\/\/proterm.md\/wp-content\/uploads\/2022\/11\/enerwa-enerwaplus (\u0430\u043d\u0433\u043b-\u0440\u0443\u0441).pdf\" target=\"_blank\" rel=\"nofollow noopener\"><img decoding=\"async\" class=\"alignnone size-full wp-image-7710\" src=\"https:\/\/proterm.md\/wp-content\/uploads\/2021\/02\/pdf.png\" alt=\"PDF download\" width=\"40\" height=\"40\" \/>Servis<\/a><\/p>\n","protected":false},"featured_media":7686,"template":"","meta":{"_joinchat":[]},"product_brand":[],"product_cat":[53,96,15],"product_tag":[140],"class_list":{"0":"post-3566","1":"product","2":"type-product","3":"status-publish","4":"has-post-thumbnail","6":"product_cat-cazane_gaz","7":"product_cat-cazan_gaz_warmhaus","8":"product_cat-instalatii_incalzire","9":"product_tag-warmhaus","10":"pa_brand-warmhaus","11":"pa_classic-boiler-or-condensed-condesed","12":"pa_heating-surface-230","13":"pa_power-boiler-kw-232","15":"first","16":"instock","17":"shipping-taxable","18":"product-type-simple"},"_links":{"self":[{"href":"https:\/\/proterm.md\/ro\/wp-json\/wp\/v2\/product\/3566","targetHints":{"allow":["GET"]}}],"collection":[{"href":"https:\/\/proterm.md\/ro\/wp-json\/wp\/v2\/product"}],"about":[{"href":"https:\/\/proterm.md\/ro\/wp-json\/wp\/v2\/types\/product"}],"wp:featuredmedia":[{"embeddable":true,"href":"https:\/\/proterm.md\/ro\/wp-json\/wp\/v2\/media\/7686"}],"wp:attachment":[{"href":"https:\/\/proterm.md\/ro\/wp-json\/wp\/v2\/media?parent=3566"}],"wp:term":[{"taxonomy":"product_brand","embeddable":true,"href":"https:\/\/proterm.md\/ro\/wp-json\/wp\/v2\/product_brand?post=3566"},{"taxonomy":"product_cat","embeddable":true,"href":"https:\/\/proterm.md\/ro\/wp-json\/wp\/v2\/product_cat?post=3566"},{"taxonomy":"product_tag","embeddable":true,"href":"https:\/\/proterm.md\/ro\/wp-json\/wp\/v2\/product_tag?post=3566"}],"curies":[{"name":"wp","href":"https:\/\/api.w.org\/{rel}","templated":true}]}}