{"id":3573,"date":"2021-02-03T11:55:30","date_gmt":"2021-02-03T09:55:30","guid":{"rendered":"https:\/\/proterm.md\/?post_type=product&#038;p=3573"},"modified":"2025-09-29T09:04:05","modified_gmt":"2025-09-29T07:04:05","slug":"enerwaplus-h-o-2500h","status":"publish","type":"product","link":"https:\/\/proterm.md\/ro\/product\/enerwaplus-h-o-2500h\/","title":{"rendered":"EnerwaPlus H.O. 2500H 25kW"},"content":{"rendered":"<div class=\"wpb-content-wrapper\"><p>[vc_row][vc_column][vc_column_text css_animation=&#8221;bounceIn&#8221; text_larger=&#8221;no&#8221;]Cazanele Enerwa Plus sunt echipate cu un sistem adaptiv la gaz care asigur\u0103 o eficien\u021b\u0103 constant\u0103 ridicat\u0103 prin reglarea raportului ideal aer \/ gaz.[\/vc_column_text][\/vc_column][\/vc_row]<\/p>\n<\/div>","protected":false},"excerpt":{"rendered":"<p>Sistem adaptiv de gaz<br \/>\nSchimb\u0103tor de c\u0103ldur\u0103 din o\u021bel inoxidabil<br \/>\nCascad\u0103 de p\u00e2n\u0103 la 6 cazane cu o capacitate de 210 kW<br \/>\nDimensiune compact\u0103 \u0219i amprent\u0103 mai mic\u0103 (l: 420 x D: 288 x H: 725 mm)<br \/>\nPerforman\u021b\u0103 ridicat\u0103 pe tot parcursul anului cu raport de modula\u021bie 1:10<br \/>\nControl multi-zonal<br \/>\nPanou de control convenabil<br \/>\nIzola\u021bie perfect\u0103 a carcasei<br \/>\nPompa puternic\u0103 \u00eencorporat\u0103<br \/>\nRacord rezervor ap\u0103 cald\u0103<br \/>\nRacord de co\u0219 de fum etan\u0219<br \/>\nAceste modele sunt concepute pentru boiler<br \/>\nSuprafata de incalzire &#8211; 240 m2<br \/>\nPutere &#8211; 25 kW<br \/>\nTensiune &#8211; 220 V<br \/>\nInstalare &#8211; Montat pe perete<br \/>\nTip cazan &#8211; Gaz in condensare<br \/>\nEficien\u021b\u0103 &#8211; 108%<br \/>\nTip gaz &#8211; Natural<br \/>\nConsum maxim de gaz &#8211; 2,38 m3\/h<br \/>\nNum\u0103r de schimb\u0103toare de c\u0103ldur\u0103 &#8211; 1 (o\u021bel inoxidabil)<br \/>\nCamera de ardere &#8211; Inchisa (turbo)<br \/>\nEvacuarea produselor de ardere &#8211; For\u0163at\u0103<br \/>\nGreutatea cazanului &#8211; 28 kg<\/p>\n<p><a href=\"https:\/\/proterm.md\/wp-content\/uploads\/2021\/02\/ho-warmhaus.pdf\" target=\"_blank\" rel=\"nofollow noopener\"><img decoding=\"async\" class=\"alignnone size-full wp-image-7710\" src=\"https:\/\/proterm.md\/wp-content\/uploads\/2021\/02\/pdf.png\" alt=\"PDF download\" width=\"40\" height=\"40\" \/>Catalog<\/a><\/p>\n","protected":false},"featured_media":7649,"template":"","meta":{"_joinchat":[]},"product_brand":[],"product_cat":[53,96,15],"product_tag":[140],"class_list":{"0":"post-3573","1":"product","2":"type-product","3":"status-publish","4":"has-post-thumbnail","6":"product_cat-cazane_gaz","7":"product_cat-cazan_gaz_warmhaus","8":"product_cat-instalatii_incalzire","9":"product_tag-warmhaus","10":"pa_brand-warmhaus","11":"pa_classic-boiler-or-condensed-condesed","12":"pa_heating-surface-233","13":"pa_power-boiler-kw-234","15":"first","16":"instock","17":"shipping-taxable","18":"product-type-simple"},"_links":{"self":[{"href":"https:\/\/proterm.md\/ro\/wp-json\/wp\/v2\/product\/3573","targetHints":{"allow":["GET"]}}],"collection":[{"href":"https:\/\/proterm.md\/ro\/wp-json\/wp\/v2\/product"}],"about":[{"href":"https:\/\/proterm.md\/ro\/wp-json\/wp\/v2\/types\/product"}],"wp:featuredmedia":[{"embeddable":true,"href":"https:\/\/proterm.md\/ro\/wp-json\/wp\/v2\/media\/7649"}],"wp:attachment":[{"href":"https:\/\/proterm.md\/ro\/wp-json\/wp\/v2\/media?parent=3573"}],"wp:term":[{"taxonomy":"product_brand","embeddable":true,"href":"https:\/\/proterm.md\/ro\/wp-json\/wp\/v2\/product_brand?post=3573"},{"taxonomy":"product_cat","embeddable":true,"href":"https:\/\/proterm.md\/ro\/wp-json\/wp\/v2\/product_cat?post=3573"},{"taxonomy":"product_tag","embeddable":true,"href":"https:\/\/proterm.md\/ro\/wp-json\/wp\/v2\/product_tag?post=3573"}],"curies":[{"name":"wp","href":"https:\/\/api.w.org\/{rel}","templated":true}]}}