{"id":3577,"date":"2026-04-02T10:07:21","date_gmt":"2026-04-02T08:07:21","guid":{"rendered":"https:\/\/proterm.md\/?post_type=product&#038;p=3577"},"modified":"2026-04-02T10:07:21","modified_gmt":"2026-04-02T08:07:21","slug":"viwa-50-kw","status":"publish","type":"product","link":"https:\/\/proterm.md\/ro\/product\/viwa-50-kw\/","title":{"rendered":"Viwa 50 kW"},"content":{"rendered":"<div class=\"wpb-content-wrapper\"><p>[vc_row css_animation=&#8221;bounceIn&#8221; mobile_bg_img_hidden=&#8221;no&#8221; tablet_bg_img_hidden=&#8221;no&#8221; woodmart_parallax=&#8221;0&#8243; woodmart_gradient_switch=&#8221;no&#8221; row_reverse_mobile=&#8221;0&#8243; row_reverse_tablet=&#8221;0&#8243; woodmart_disable_overflow=&#8221;0&#8243;][vc_column][vc_column_text css_animation=&#8221;bounceIn&#8221; css=&#8221;&#8221; text_larger=&#8221;no&#8221;]Cazanele Viwa 50-65 au un sistem special de adaptare a gazelor care asigur\u0103 o eficien\u021b\u0103 constant\u0103 ridicat\u0103 prin stabilirea raportului ideal aer \/ gaz.<\/p>\n<p><img decoding=\"async\" class=\"alignnone size-medium wp-image-17644\" src=\"https:\/\/proterm.md\/wp-content\/uploads\/2021\/02\/Centrale-termice-cu-gaz-Warmhaus-Viwa-50-60-importator-Proterm-300x225.webp\" alt=\"\" width=\"300\" height=\"225\" srcset=\"https:\/\/proterm.md\/wp-content\/uploads\/2021\/02\/Centrale-termice-cu-gaz-Warmhaus-Viwa-50-60-importator-Proterm-300x225.webp 300w, https:\/\/proterm.md\/wp-content\/uploads\/2021\/02\/Centrale-termice-cu-gaz-Warmhaus-Viwa-50-60-importator-Proterm-500x375.webp 500w, https:\/\/proterm.md\/wp-content\/uploads\/2021\/02\/Centrale-termice-cu-gaz-Warmhaus-Viwa-50-60-importator-Proterm-768x576.webp 768w, https:\/\/proterm.md\/wp-content\/uploads\/2021\/02\/Centrale-termice-cu-gaz-Warmhaus-Viwa-50-60-importator-Proterm.webp 1000w\" sizes=\"(max-width: 300px) 100vw, 300px\" \/>[\/vc_column_text][\/vc_column][\/vc_row]<\/p>\n<\/div>","protected":false},"excerpt":{"rendered":"<p>Sistem adaptiv la gaz<br \/>\nSchimbator de caldura din otel inoxidabil<br \/>\nCascada de pana la 6 cazane cu o capacitate de 390 kW<br \/>\nPerformanta ridicata pe tot parcursul anului cu raport de modulatie 1: 8<br \/>\nManagerii multizonii<br \/>\nPanou de control convenabil<br \/>\nSeparator de aer \u0219i de\u0219euri integrat<br \/>\nCoordonare cu diferite panouri de control in cascada<br \/>\nIzolatie perfecta pentru corp<br \/>\nSuprafata de incalzire &#8211; 500 m2<br \/>\nPutere &#8211; 50 kW<br \/>\nInstalare &#8211; Montat pe perete<br \/>\nNum\u0103r de schimb\u0103toare de c\u0103ldur\u0103 &#8211; 1 (o\u021bel inoxidabil)<br \/>\nCamera de ardere &#8211; Inchisa (turbo)<br \/>\nEvacuarea produselor de ardere &#8211; For\u0163at\u0103<br \/>\nTip cazan &#8211; In condensare<br \/>\nConsum maxim de gaz &#8211; 4,80 m3\/h<br \/>\nEficien\u021b\u0103 &#8211; 108,2%<br \/>\nDimensiuni LxPxH 425x385x725 mm<br \/>\nTip gaz &#8211; Natural<br \/>\nInterval de temperatur\u0103 &#8211; 25 &#8211; 80 \u00b0C<br \/>\nGreutatea cazanului 40 kg<br \/>\nLocul de na\u0219tere al m\u0103rcii este Turcia<br \/>\n\u021aara de origine &#8211; Turcia<\/p>\n<p><a href=\"https:\/\/proterm.md\/wp-content\/uploads\/2021\/02\/viwa-50-65_installationuserengleza.pdf\" target=\"_blank\" rel=\"nofollow noopener\"><img decoding=\"async\" class=\"alignnone size-full wp-image-7710\" src=\"https:\/\/proterm.md\/wp-content\/uploads\/2021\/02\/pdf.png\" alt=\"PDF download\" width=\"40\" height=\"40\" \/>Manual<\/a><\/p>\n<p><a href=\"https:\/\/proterm.md\/wp-content\/uploads\/2022\/11\/enerwa-enerwaplus (\u0430\u043d\u0433\u043b-\u0440\u0443\u0441).pdf\" target=\"_blank\" rel=\"nofollow noopener\"><img decoding=\"async\" class=\"alignnone size-full wp-image-7710\" src=\"https:\/\/proterm.md\/wp-content\/uploads\/2021\/02\/pdf.png\" alt=\"PDF download\" width=\"40\" height=\"40\" \/>Servis<\/a><\/p>\n<p>1 SISTEME IN CASCADA<br \/>\nPana la 6 cazane in cascada usor de instalat, cu o capacitate maxima de 390 kW.<br \/>\n2 DIMENSIUNE COMOD\u0102<br \/>\nDatorit\u0103 dimensiunilor compacte \u0219i instal\u0103rii u\u0219oare, ve\u021bi folosi mai pu\u021bin spa\u021biu.<br \/>\n3 FILTRU ANTIPARTICULE INTEGRAT<br \/>\nFiltru integrat pe galeria de evacuare a gazelor arse pentru a preveni c\u0103derea particulelor \u00een sistem \u0219i pentru a evita deteriorarea schimb\u0103torului.<br \/>\n4 MANAGEMENT MULTIZONE<br \/>\nCu un modul extern op\u021bional, pot fi controlate 4 zone de \u00eenc\u0103lzire sau 1 zon\u0103 de \u00eenc\u0103lzire + 1 zon\u0103 de pardoseal\u0103.<br \/>\n5 SCHIMBATOR INOX<br \/>\nSchimb\u0103torul de bobine din o\u021bel inoxidabil cu durat\u0103 lung\u0103 de via\u021b\u0103 a produsului reduce riscul de \u00eenfundare datorit\u0103 canalelor mari de ap\u0103.<br \/>\n6 SISTEM ERMETIC DE EVACUARE FUM<br \/>\nCazanele Warmhaus Viwa sunt compatibile cu sistemul de evacuare a gazelor arse \u00d880 \/ 125 mm. Acest lucru faciliteaz\u0103 instalarea \u00een cascad\u0103 f\u0103r\u0103 utilizarea unui co\u0219 de fum din o\u021bel inoxidabil.<br \/>\n7 COMPATIBILITATE SISTEME DE CONTROL IN CASCADE<br \/>\nDatorit\u0103 protocolului s\u0103u deschis de comunicare, centrala este compatibil\u0103 cu diverse sisteme de control \u00een cascad\u0103 de pe pia\u021b\u0103.<\/p>\n","protected":false},"featured_media":7464,"template":"","meta":{"_joinchat":[]},"product_brand":[],"product_cat":[53,96,15],"product_tag":[140],"class_list":{"0":"post-3577","1":"product","2":"type-product","3":"status-publish","4":"has-post-thumbnail","6":"product_cat-cazane_gaz","7":"product_cat-cazan_gaz_warmhaus","8":"product_cat-instalatii_incalzire","9":"product_tag-warmhaus","10":"pa_brand-warmhaus","11":"pa_classic-boiler-or-condensed-condesed","12":"pa_heating-surface-241","13":"pa_power-boiler-kw-242","15":"first","16":"instock","17":"shipping-taxable","18":"product-type-simple"},"_links":{"self":[{"href":"https:\/\/proterm.md\/ro\/wp-json\/wp\/v2\/product\/3577","targetHints":{"allow":["GET"]}}],"collection":[{"href":"https:\/\/proterm.md\/ro\/wp-json\/wp\/v2\/product"}],"about":[{"href":"https:\/\/proterm.md\/ro\/wp-json\/wp\/v2\/types\/product"}],"wp:featuredmedia":[{"embeddable":true,"href":"https:\/\/proterm.md\/ro\/wp-json\/wp\/v2\/media\/7464"}],"wp:attachment":[{"href":"https:\/\/proterm.md\/ro\/wp-json\/wp\/v2\/media?parent=3577"}],"wp:term":[{"taxonomy":"product_brand","embeddable":true,"href":"https:\/\/proterm.md\/ro\/wp-json\/wp\/v2\/product_brand?post=3577"},{"taxonomy":"product_cat","embeddable":true,"href":"https:\/\/proterm.md\/ro\/wp-json\/wp\/v2\/product_cat?post=3577"},{"taxonomy":"product_tag","embeddable":true,"href":"https:\/\/proterm.md\/ro\/wp-json\/wp\/v2\/product_tag?post=3577"}],"curies":[{"name":"wp","href":"https:\/\/api.w.org\/{rel}","templated":true}]}}