{"id":3579,"date":"2026-04-02T10:07:21","date_gmt":"2026-04-02T08:07:21","guid":{"rendered":"https:\/\/proterm.md\/?post_type=product&#038;p=3579"},"modified":"2026-04-02T10:07:22","modified_gmt":"2026-04-02T08:07:22","slug":"viwa-65-kvt","status":"publish","type":"product","link":"https:\/\/proterm.md\/ro\/product\/viwa-65-kvt\/","title":{"rendered":"Viwa 65 kW"},"content":{"rendered":"<div class=\"wpb-content-wrapper\"><p>[vc_row][vc_column][vc_column_text css_animation=&#8221;bounceIn&#8221; text_larger=&#8221;no&#8221;]Cazanele Viwa 65 au un sistem special de adaptare a gazelor care asigur\u0103 o eficien\u021b\u0103 constant\u0103 ridicat\u0103 prin stabilirea raportului ideal aer \/ gaz.<\/p>\n<p>&nbsp;<\/p>\n<p><a href=\"https:\/\/proterm.md\/wp-content\/uploads\/2021\/02\/warmhaus_kazan_06_3218933116_2478116973.jpg\"><img decoding=\"async\" class=\"size-full wp-image-3671 aligncenter\" src=\"https:\/\/proterm.md\/wp-content\/uploads\/2021\/02\/warmhaus_kazan_06_3218933116_2478116973.jpg\" alt=\"\" width=\"1155\" height=\"260\" \/><\/a>[\/vc_column_text][\/vc_column][\/vc_row]<\/p>\n<\/div>","protected":false},"excerpt":{"rendered":"<p>Sistem adaptiv de gaz<br \/>\nSchimb\u0103tor de c\u0103ldur\u0103 din o\u021bel inoxidabil<br \/>\nCascad\u0103 de p\u00e2n\u0103 la 6 cazane cu o capacitate de 390 kW<br \/>\nDimensiune compact\u0103 \u0219i amprent\u0103 mai mic\u0103 (l: 425 x D: 385 x H: 725 mm)<br \/>\nPerforman\u021b\u0103 ridicat\u0103 pe tot parcursul anului cu raport de modula\u021bie 1: 8<br \/>\nPanou de control convenabil<br \/>\nSeparator de aer \u0219i de\u0219euri integrat<br \/>\nCoordonare cu diferite panouri de control \u00een cascad\u0103<br \/>\nIzolarea perfect\u0103 a carcasului<br \/>\nRacord de co\u0219 de fum etan\u0219<br \/>\nSuprafata de incalzire &#8211; 650 m2<br \/>\nInstalare &#8211; Montat pe perete<br \/>\nNum\u0103r de schimb\u0103toare de c\u0103ldur\u0103 &#8211; 1 (o\u021bel inoxidabil)<br \/>\nCamera de ardere &#8211; Inchisa (turbo)<br \/>\nEvacuarea produselor de ardere &#8211; For\u0163at\u0103<br \/>\nTip cazan &#8211; Gaz in condensare<br \/>\nConsum maxim de gaz &#8211; 6,5 m3\/h<br \/>\nEficien\u021b\u0103 &#8211; 108%<br \/>\nTip gaz &#8211; Natural<br \/>\nInterval de temperatur\u0103 &#8211; 25 &#8211; 80 \u00b0C<br \/>\nGreutatea cazanului &#8211; 46 kg<br \/>\n\u021aara de origine &#8211; Turcia<\/p>\n<p><a href=\"https:\/\/proterm.md\/wp-content\/uploads\/2021\/02\/viwa-50-65_installationuserengleza.pdf\" target=\"_blank\" rel=\"nofollow noopener\"><img decoding=\"async\" class=\"alignnone size-full wp-image-7710\" src=\"https:\/\/proterm.md\/wp-content\/uploads\/2021\/02\/pdf.png\" alt=\"PDF download\" width=\"40\" height=\"40\" \/>Manual<\/a><\/p>\n<p><a href=\"https:\/\/proterm.md\/wp-content\/uploads\/2022\/11\/enerwa-enerwaplus (\u0430\u043d\u0433\u043b-\u0440\u0443\u0441).pdf\" target=\"_blank\" rel=\"nofollow noopener\"><img decoding=\"async\" class=\"alignnone size-full wp-image-7710\" src=\"https:\/\/proterm.md\/wp-content\/uploads\/2021\/02\/pdf.png\" alt=\"PDF download\" width=\"40\" height=\"40\" \/>Servis<\/a><\/p>\n<p>1 SISTEME IN CASCADA<br \/>\nPana la 6 cazane in cascada usor de instalat, cu o capacitate maxima de 390 kW.<br \/>\n2 DIMENSIUNE COMOD\u0102<br \/>\nDatorit\u0103 dimensiunilor compacte \u0219i instal\u0103rii u\u0219oare, ve\u021bi folosi mai pu\u021bin spa\u021biu.<br \/>\n3 FILTRU ANTIPARTICULE INTEGRAT<br \/>\nFiltru integrat pe galeria de evacuare a gazelor arse pentru a preveni c\u0103derea particulelor \u00een sistem \u0219i pentru a evita deteriorarea schimb\u0103torului.<br \/>\n4 MANAGEMENT MULTIZONE<br \/>\nCu un modul extern op\u021bional, pot fi controlate 4 zone de \u00eenc\u0103lzire sau 1 zon\u0103 de \u00eenc\u0103lzire + 1 zon\u0103 de pardoseal\u0103.<br \/>\n5 SCHIMBATOR INOX<br \/>\nSchimb\u0103torul de bobine din o\u021bel inoxidabil cu durat\u0103 lung\u0103 de via\u021b\u0103 a produsului reduce riscul de \u00eenfundare datorit\u0103 canalelor mari de ap\u0103.<br \/>\n6 SISTEM ERMETIC DE EVACUARE FUM<br \/>\nCazanele Warmhaus Viwa sunt compatibile cu sistemul de evacuare a gazelor arse \u00d880 \/ 125 mm. Acest lucru faciliteaz\u0103 instalarea \u00een cascad\u0103 f\u0103r\u0103 utilizarea unui co\u0219 de fum din o\u021bel inoxidabil.<br \/>\n7 COMPATIBILITATE SISTEME DE CONTROL IN CASCADE<br \/>\nDatorit\u0103 protocolului s\u0103u deschis de comunicare, centrala este compatibil\u0103 cu diverse sisteme de control \u00een cascad\u0103 de pe pia\u021b\u0103.<\/p>\n<p><a href=\"https:\/\/proterm.md\/wp-content\/uploads\/2022\/11\/enerwa-enerwaplus (\u0430\u043d\u0433\u043b-\u0440\u0443\u0441).pdf\" target=\"_blank\" rel=\"nofollow noopener\"><img decoding=\"async\" class=\"alignnone size-full wp-image-7710\" src=\"https:\/\/proterm.md\/wp-content\/uploads\/2021\/02\/pdf.png\" alt=\"PDF download\" width=\"40\" height=\"40\" \/>Servis<\/a><\/p>\n","protected":false},"featured_media":7464,"template":"","meta":{"_joinchat":[]},"product_brand":[],"product_cat":[53,96,15],"product_tag":[140],"class_list":{"0":"post-3579","1":"product","2":"type-product","3":"status-publish","4":"has-post-thumbnail","6":"product_cat-cazane_gaz","7":"product_cat-cazan_gaz_warmhaus","8":"product_cat-instalatii_incalzire","9":"product_tag-warmhaus","10":"pa_brand-warmhaus","11":"pa_classic-boiler-or-condensed-condesed","12":"pa_heating-surface-252","13":"pa_power-boiler-kw-253","15":"first","16":"instock","17":"shipping-taxable","18":"product-type-simple"},"_links":{"self":[{"href":"https:\/\/proterm.md\/ro\/wp-json\/wp\/v2\/product\/3579","targetHints":{"allow":["GET"]}}],"collection":[{"href":"https:\/\/proterm.md\/ro\/wp-json\/wp\/v2\/product"}],"about":[{"href":"https:\/\/proterm.md\/ro\/wp-json\/wp\/v2\/types\/product"}],"wp:featuredmedia":[{"embeddable":true,"href":"https:\/\/proterm.md\/ro\/wp-json\/wp\/v2\/media\/7464"}],"wp:attachment":[{"href":"https:\/\/proterm.md\/ro\/wp-json\/wp\/v2\/media?parent=3579"}],"wp:term":[{"taxonomy":"product_brand","embeddable":true,"href":"https:\/\/proterm.md\/ro\/wp-json\/wp\/v2\/product_brand?post=3579"},{"taxonomy":"product_cat","embeddable":true,"href":"https:\/\/proterm.md\/ro\/wp-json\/wp\/v2\/product_cat?post=3579"},{"taxonomy":"product_tag","embeddable":true,"href":"https:\/\/proterm.md\/ro\/wp-json\/wp\/v2\/product_tag?post=3579"}],"curies":[{"name":"wp","href":"https:\/\/api.w.org\/{rel}","templated":true}]}}