{"id":3580,"date":"2021-02-03T12:20:36","date_gmt":"2021-02-03T10:20:36","guid":{"rendered":"https:\/\/proterm.md\/?post_type=product&#038;p=3580"},"modified":"2026-03-26T12:19:04","modified_gmt":"2026-03-26T10:19:04","slug":"viwa-90-kw","status":"publish","type":"product","link":"https:\/\/proterm.md\/ro\/product\/viwa-90-kw\/","title":{"rendered":"Viwa 90 kW"},"content":{"rendered":"<div class=\"wpb-content-wrapper\"><p>[vc_row][vc_column][vc_column_text css_animation=&#8221;bounceIn&#8221; text_larger=&#8221;no&#8221;]Cazanele Viwa sunt \u00eenchise ermetic, sunt compatibile cu o conexiune concentric\u0103 \u00d8100 \/ 150 mm. Fiecare cazan poate fi utilizat cu un co\u0219 de fum propriu, independent unul de cel\u0103lalt, facilit\u00e2nd instalarea sistemelor \u00een cascad\u0103 \u00een spa\u021biile acoperi\u0219ului f\u0103r\u0103 co\u0219 de fum din o\u021bel inoxidabil.<\/p>\n<p><a href=\"https:\/\/proterm.md\/wp-content\/uploads\/2021\/02\/warmhaus_kazan_05_7915732546_3495241175.jpg\"><img decoding=\"async\" class=\"alignnone size-full wp-image-3672\" src=\"https:\/\/proterm.md\/wp-content\/uploads\/2021\/02\/warmhaus_kazan_05_7915732546_3495241175.jpg\" alt=\"\" width=\"1717\" height=\"260\" \/><\/a>[\/vc_column_text][\/vc_column][\/vc_row]<\/p>\n<\/div>","protected":false},"excerpt":{"rendered":"<p>Putere &#8211; 90kW<br \/>\nUnitate de control integrat\u0103 \u00een cascad\u0103<br \/>\nInstalare \u00een cascad\u0103 de p\u00e2n\u0103 la 15 x 150 = 2250 kW<br \/>\nCompatibil cu diferite panouri de control \u00een cascad\u0103<br \/>\nArz\u0103tor Aconit\u00ae Perfect Heat Transfer<br \/>\nInstalare u\u0219oar\u0103 \u0219i rapid\u0103 cu sistemul Smart Plug<br \/>\nInstalare \u00een spa\u021bii \u00eenchise cu dimensiuni compacte L: 615 x D: 490 x H: 720 mm<br \/>\n<span style=\"color: #003366;\"><strong>Schimb\u0103tor de c\u0103ldur\u0103 monobloc Al-Si-Mg<\/strong><\/span><br \/>\nIzola\u021bie perfect\u0103 a carcasei<br \/>\nSeparator de aer \u0219i de\u0219euri integrat<br \/>\nRacord de co\u0219 de fum etan\u0219<br \/>\nSuprafata de incalzire &#8211; 900 m2<br \/>\nInstalare &#8211; Montat pe perete<br \/>\nNum\u0103r de schimb\u0103toare de c\u0103ldur\u0103 &#8211; 1 (o\u021bel inoxidabil)<br \/>\nCamera de ardere &#8211; Inchisa (turbo)<br \/>\nEvacuarea produselor de ardere &#8211; For\u0163at\u0103<br \/>\nTip cazan &#8211; Gaz in condensare<br \/>\nEficien\u021b\u0103 &#8211; 108%<br \/>\nTip gaz &#8211; Natural<br \/>\nInterval de temperatur\u0103 &#8211; 25 &#8211; 80 \u00b0C<br \/>\n\u021aara de origine &#8211; Turcia<\/p>\n<p><a href=\"https:\/\/proterm.md\/wp-content\/uploads\/2022\/11\/Viwa_90_150_User&amp;InstallationManual russ.pdf\" target=\"_blank\" rel=\"nofollow noopener\"><img decoding=\"async\" class=\"alignnone size-full wp-image-7710\" src=\"https:\/\/proterm.md\/wp-content\/uploads\/2021\/02\/pdf.png\" alt=\"PDF download\" width=\"40\" height=\"40\" \/><\/a><a href=\"https:\/\/proterm.md\/wp-content\/uploads\/2022\/11\/Viwa_90_150_User&amp;InstallationManual russ.pdf\" target=\"_blank\" rel=\"nofollow noopener\">Manual de utilizare si intretinere<\/a><\/p>\n<p>&nbsp;<\/p>\n","protected":false},"featured_media":7452,"template":"","meta":{"_joinchat":[]},"product_brand":[],"product_cat":[53,96,15],"product_tag":[140],"class_list":{"0":"post-3580","1":"product","2":"type-product","3":"status-publish","4":"has-post-thumbnail","6":"product_cat-cazane_gaz","7":"product_cat-cazan_gaz_warmhaus","8":"product_cat-instalatii_incalzire","9":"product_tag-warmhaus","10":"pa_availability-for-pre-order-pre-order","11":"pa_brand-warmhaus","12":"pa_classic-boiler-or-condensed-condesed","13":"pa_heating-surface-243","14":"pa_power-boiler-kw-244","16":"first","17":"instock","18":"shipping-taxable","19":"product-type-simple"},"_links":{"self":[{"href":"https:\/\/proterm.md\/ro\/wp-json\/wp\/v2\/product\/3580","targetHints":{"allow":["GET"]}}],"collection":[{"href":"https:\/\/proterm.md\/ro\/wp-json\/wp\/v2\/product"}],"about":[{"href":"https:\/\/proterm.md\/ro\/wp-json\/wp\/v2\/types\/product"}],"wp:featuredmedia":[{"embeddable":true,"href":"https:\/\/proterm.md\/ro\/wp-json\/wp\/v2\/media\/7452"}],"wp:attachment":[{"href":"https:\/\/proterm.md\/ro\/wp-json\/wp\/v2\/media?parent=3580"}],"wp:term":[{"taxonomy":"product_brand","embeddable":true,"href":"https:\/\/proterm.md\/ro\/wp-json\/wp\/v2\/product_brand?post=3580"},{"taxonomy":"product_cat","embeddable":true,"href":"https:\/\/proterm.md\/ro\/wp-json\/wp\/v2\/product_cat?post=3580"},{"taxonomy":"product_tag","embeddable":true,"href":"https:\/\/proterm.md\/ro\/wp-json\/wp\/v2\/product_tag?post=3580"}],"curies":[{"name":"wp","href":"https:\/\/api.w.org\/{rel}","templated":true}]}}